{"id":129,"date":"2020-06-16T11:29:37","date_gmt":"2020-06-16T09:29:37","guid":{"rendered":"https:\/\/blogg.uit.no\/bfebackstage\/?page_id=129"},"modified":"2020-06-16T11:55:03","modified_gmt":"2020-06-16T09:55:03","slug":"om-oss","status":"publish","type":"page","link":"https:\/\/blogg.uit.no\/bfebackstage\/om-oss\/","title":{"rendered":"Om oss"},"content":{"rendered":"<p>Bloggen administreres av Fakultet for biovitenskap, fiskeri og \u00f8konomi ved UiT Norges arktiske universitet.<\/p>\n<p><strong>V\u00e5re satsningsomr\u00e5der er marine ressurser, klima og milj\u00f8, og et konkurransedyktig og innovativt n\u00e6ringsliv.<\/strong><\/p>\n<p>Vi utvikler kompetanse for b\u00e6rekraftig bruk av marine ressurser nasjonalt og internasjonalt, og\u00a0jobber for \u00e5 utvikle ny kunnskap om klima, milj\u00f8 og ressursutnytting i Arktis. I tillegg\u00a0vil vi bidra til en b\u00e6rekraftig utvikling av et innovativt og konkurransedyktig n\u00e6ringsliv.\u00a0Sentralt i v\u00e5r virksomhet st\u00e5r utvikling av flerfaglig, relevant og banebrytende kompetanse innenfor v\u00e5re forsknings- og utdanningstilbud.<\/p>\n<p><a href=\"https:\/\/uit.no\/enhet\/bfe\">Fakultet for biovitenskap, fiskeri og \u00f8konomi<\/a> er den organisatoriske og administrative plattformen for tre institutter;\u00a0<a href=\"https:\/\/uit.no\/om\/enhet\/forsiden?p_dimension_id=88166\">Norges fiskerih\u00f8gskole<\/a>,\u00a0<a href=\"https:\/\/uit.no\/om\/enhet\/forsiden?p_dimension_id=88165\">Institutt for arktisk og marin biologi<\/a>\u00a0og\u00a0<a href=\"https:\/\/uit.no\/om\/enhet\/forsiden?p_dimension_id=88167\">Handelsh\u00f8gskolen\u00a0ved UiT<\/a>.<\/p>\n<p>Holdninger og synspunkter i blogginnleggene er forfatternes egne.<\/p>\n","protected":false},"excerpt":{"rendered":"<p>Bloggen administreres av Fakultet for biovitenskap, fiskeri og \u00f8konomi ved UiT Norges arktiske universitet. V\u00e5re satsningsomr\u00e5der er marine ressurser, klima og milj\u00f8, og et konkurransedyktig og innovativt n\u00e6ringsliv. Vi utvikler kompetanse for b\u00e6rekraftig bruk av marine ressurser nasjonalt og internasjonalt, &hellip; <a href=\"https:\/\/blogg.uit.no\/bfebackstage\/om-oss\/\">Continue reading <span class=\"meta-nav\">&rarr;<\/span><\/a><\/p>\n","protected":false},"author":303,"featured_media":0,"parent":0,"menu_order":0,"comment_status":"closed","ping_status":"closed","template":"","meta":{"_et_pb_use_builder":"","_et_pb_old_content":"","_et_gb_content_width":"","footnotes":""},"class_list":["post-129","page","type-page","status-publish","hentry"],"featured_image_src":"","featured_image_src_square":false,"rbea_author_info":{"display_name":"Sunniva Katharina Thode","author_link":"https:\/\/blogg.uit.no\/bfebackstage\/author\/sunniva-katharina-thode\/"},"rbea_excerpt_info":"Bloggen administreres av Fakultet for biovitenskap, fiskeri og \u00f8konomi ved UiT Norges arktiske universitet. V\u00e5re satsningsomr\u00e5der er marine ressurser, klima og milj\u00f8, og et konkurransedyktig og innovativt n\u00e6ringsliv. Vi utvikler kompetanse for b\u00e6rekraftig bruk av marine ressurser nasjonalt og internasjonalt, &hellip; <a href=\"https:\/\/blogg.uit.no\/bfebackstage\/om-oss\/\">Continue reading <span class=\"meta-nav\">&rarr;<\/span><\/a>","_links":{"self":[{"href":"https:\/\/blogg.uit.no\/bfebackstage\/wp-json\/wp\/v2\/pages\/129","targetHints":{"allow":["GET"]}}],"collection":[{"href":"https:\/\/blogg.uit.no\/bfebackstage\/wp-json\/wp\/v2\/pages"}],"about":[{"href":"https:\/\/blogg.uit.no\/bfebackstage\/wp-json\/wp\/v2\/types\/page"}],"author":[{"embeddable":true,"href":"https:\/\/blogg.uit.no\/bfebackstage\/wp-json\/wp\/v2\/users\/303"}],"replies":[{"embeddable":true,"href":"https:\/\/blogg.uit.no\/bfebackstage\/wp-json\/wp\/v2\/comments?post=129"}],"version-history":[{"count":3,"href":"https:\/\/blogg.uit.no\/bfebackstage\/wp-json\/wp\/v2\/pages\/129\/revisions"}],"predecessor-version":[{"id":147,"href":"https:\/\/blogg.uit.no\/bfebackstage\/wp-json\/wp\/v2\/pages\/129\/revisions\/147"}],"wp:attachment":[{"href":"https:\/\/blogg.uit.no\/bfebackstage\/wp-json\/wp\/v2\/media?parent=129"}],"curies":[{"name":"wp","href":"https:\/\/api.w.org\/{rel}","templated":true}]}}