{"id":130,"date":"2020-06-16T11:29:37","date_gmt":"2020-06-16T09:29:37","guid":{"rendered":"https:\/\/blogg.uit.no\/bfebackstage\/?page_id=130"},"modified":"2021-04-13T09:08:43","modified_gmt":"2021-04-13T07:08:43","slug":"kontakt","status":"publish","type":"page","link":"https:\/\/blogg.uit.no\/bfebackstage\/kontakt\/","title":{"rendered":"Kontakt"},"content":{"rendered":"<p>For sp\u00f8rsm\u00e5l om poster eller for \u00e5 publisere p\u00e5 bloggen kontakt Sunniva Katharina Thode p\u00e5 sunniva.k.thode@uit.no.<\/p>\n","protected":false},"excerpt":{"rendered":"<p>For sp\u00f8rsm\u00e5l om poster eller for \u00e5 publisere p\u00e5 bloggen kontakt Sunniva Katharina Thode p\u00e5 sunniva.k.thode@uit.no.<\/p>\n","protected":false},"author":303,"featured_media":0,"parent":0,"menu_order":0,"comment_status":"closed","ping_status":"closed","template":"","meta":{"_et_pb_use_builder":"","_et_pb_old_content":"","_et_gb_content_width":"","footnotes":""},"class_list":["post-130","page","type-page","status-publish","hentry"],"featured_image_src":"","featured_image_src_square":false,"rbea_author_info":{"display_name":"Sunniva Katharina Thode","author_link":"https:\/\/blogg.uit.no\/bfebackstage\/author\/sunniva-katharina-thode\/"},"rbea_excerpt_info":"For sp\u00f8rsm\u00e5l om poster eller for \u00e5 publisere p\u00e5 bloggen kontakt Sunniva Katharina Thode p\u00e5 sunniva.k.thode@uit.no.","_links":{"self":[{"href":"https:\/\/blogg.uit.no\/bfebackstage\/wp-json\/wp\/v2\/pages\/130","targetHints":{"allow":["GET"]}}],"collection":[{"href":"https:\/\/blogg.uit.no\/bfebackstage\/wp-json\/wp\/v2\/pages"}],"about":[{"href":"https:\/\/blogg.uit.no\/bfebackstage\/wp-json\/wp\/v2\/types\/page"}],"author":[{"embeddable":true,"href":"https:\/\/blogg.uit.no\/bfebackstage\/wp-json\/wp\/v2\/users\/303"}],"replies":[{"embeddable":true,"href":"https:\/\/blogg.uit.no\/bfebackstage\/wp-json\/wp\/v2\/comments?post=130"}],"version-history":[{"count":3,"href":"https:\/\/blogg.uit.no\/bfebackstage\/wp-json\/wp\/v2\/pages\/130\/revisions"}],"predecessor-version":[{"id":597,"href":"https:\/\/blogg.uit.no\/bfebackstage\/wp-json\/wp\/v2\/pages\/130\/revisions\/597"}],"wp:attachment":[{"href":"https:\/\/blogg.uit.no\/bfebackstage\/wp-json\/wp\/v2\/media?parent=130"}],"curies":[{"name":"wp","href":"https:\/\/api.w.org\/{rel}","templated":true}]}}