{"id":423,"date":"2019-07-13T10:09:44","date_gmt":"2019-07-13T08:09:44","guid":{"rendered":"https:\/\/blogg.uit.no\/ekv014\/?page_id=423"},"modified":"2019-07-13T10:25:56","modified_gmt":"2019-07-13T08:25:56","slug":"the-ardna-award-2019","status":"publish","type":"page","link":"https:\/\/blogg.uit.no\/ekv014\/the-ardna-award-2019\/","title":{"rendered":"I won the \u00c1rdna award 2019!"},"content":{"rendered":"<p><span style=\"color: #000000;font-family: times new roman,times,serif\"><span lang=\"EN-GB\" style=\"margin: 0px;line-height: 107%;font-size: 12pt\">Friday the 5th of June, I got a phone call from Hildegunn Bruland, the h<\/span><span lang=\"EN-US\" style=\"margin: 0px;line-height: 107%;font-size: 12pt\">ead of administration at the C<\/span><span lang=\"EN-GB\" style=\"margin: 0px;line-height: 107%;font-size: 12pt\">entre for Sami Studies in <\/span><span lang=\"EN-US\" style=\"margin: 0px;line-height: 107%;font-size: 12pt\">UiT The Arctic University of Norway. She wanted to let me know that I had won the \u00c1rdna award 2019! This is a recognition for my indigenous ethnography presented in the Master thesis of Tourism Studies.<\/span> <\/span><\/p>\n<p><span lang=\"EN-GB\" style=\"margin: 0px;line-height: 107%;font-family: times new roman,times,serif;font-size: 12pt\"><span style=\"color: #000000\">The committee presented by professor em. Bj\u00f8rg Evjen (Sesam) and associate professor \u00c5se Mette Johansen (Department of Language and Culture), had made a unanimous decision amongst nine strong candidates and written the following statement about my thesis:<\/span><\/span><\/p>\n<blockquote><p><span lang=\"EN-GB\" style=\"margin: 0px;line-height: 107%;font-family: times new roman,times,serif;font-size: 12pt\"><span style=\"color: #000000\">Finally, the winner of the \u00c1rdna Award 2019 is <b>Ellen-Johanne Kvalsvik <\/b>with her thesis submitted at <b>Department of Tourism and Northern Studies, Campus Alta<\/b>. The study is entitled <strong><em>The Art of Performing Sound in S\u00e1mi Tourism: Decolonising S\u00e1pmi by Sounding Care in Verdde Tourism<\/em>.<\/strong> It is based on an ethnographic fieldwork in the Finnmark tundra in close cooperation with Vuolit Molle\u0161johka Duottarstohpu, its owner Molle\u0161 Piera (Per Edvard Johnsen), and his family. <\/span><\/span><\/p><\/blockquote>\n<blockquote><p><span lang=\"EN-GB\" style=\"margin: 0px;line-height: 107%;font-family: times new roman,times,serif;font-size: 12pt\"><span style=\"color: #000000\">Kvalsvik analyses ways of knowing, being and doing in and through so-called soundscapes by participating in the family practice j\u00e1vredik\u0161un (caretaking) to all the verddes (guest-friends) that pass through the family&#8217;s meahcci (nurture land). In this theoretically and empirically sophisticated work, Kvalsvik demonstrates thorough knowledge about key concerns regarding S\u00e1mi issues and nature, and heritage experiences as part of tourism, not least through the integration of the mentioned S\u00e1mi concepts in the analysis.<\/span><\/span><\/p><\/blockquote>\n<blockquote><p><span lang=\"EN-GB\" style=\"margin: 0px;line-height: 107%;font-family: times new roman,times,serif;font-size: 12pt\"><span style=\"color: #000000\">Kvalsvik advances our understanding of the complexities, dynamics and relations of tourism in an Indigenous context and how it intertwines with cultural, social and spatial relations through its performance. In addition, the thesis speaks to the reader&#8217;s senses through pictures and poetry in a way that both pushes the boundaries of an academic text and fulfils the study&#8217;s purpose. <\/span><\/span><\/p><\/blockquote>\n<blockquote><p><span lang=\"EN-GB\" style=\"margin: 0px;line-height: 107%;font-family: times new roman,times,serif;font-size: 12pt\"><span style=\"color: #000000\">This work is a remarkable achievement. The committee extends its congratulations to the winner!<\/span><\/span><\/p><\/blockquote>\n<p><span lang=\"EN-GB\" style=\"margin: 0px;line-height: 107%;font-family: times new roman,times,serif;font-size: 12pt\"><span style=\"color: #000000\">The prize is a scholarship of 10\u00a0000 NOK, a diploma and a pass to the famous indigenous festival Riddu Ri\u0111\u0111u. The prize was presented and rewarded at the festival Saturday the 13<sup>th<\/sup> of July at 11:45 in the Manndalen Library in K\u00e5fjord municipality.<\/span><\/span><\/p>\n<p><strong><span lang=\"EN-GB\" style=\"margin: 0px;line-height: 107%;font-family: times new roman,times,serif;font-size: 14pt\"><span style=\"color: #000000\">This is my speech of gratitude (Giittoss\u00e1rdni)<\/span><\/span><\/strong><\/p>\n<p><span lang=\"EN-GB\" style=\"margin: 0px;line-height: 107%;font-family: times new roman,times,serif;font-size: 12pt\"><span style=\"color: #000000\">Ollu v\u00e1immola\u0161 giitto! <\/span><\/span><\/p>\n<p><span lang=\"EN-GB\" style=\"margin: 0px;line-height: 107%;font-family: times new roman,times,serif;font-size: 12pt\"><span style=\"color: #000000\">Thank you from the bottom of my hart, for recognising a work that has been very hard in so many ways! <\/span><\/span><\/p>\n<p><span lang=\"EN-GB\" style=\"margin: 0px;line-height: 107%;font-family: times new roman,times,serif;font-size: 12pt\"><span style=\"color: #000000\">Luckily, I was never alone throughout this process. Even though I have been the one to handle the ups and downs of a word document, this is the result of great teamwork.<\/span><\/span><\/p>\n<p><span lang=\"EN-GB\" style=\"margin: 0px;line-height: 107%;font-family: times new roman,times,serif;font-size: 12pt\"><span style=\"color: #000000\">First, I want to thank the university for facilitating such a great internationally recognised study close to my homeplace at S\u00f8r\u00f8ya in Finnmark. I would probably not have had the chance to study if it was further away from home. And what a great academic community the Department of Tourism and Northern studies have gathered at Campus Alta. I have never met such balanced, open, honest and well-informed discussions about indigenous communities elsewhere. Thanks to them and the students I have really had the time of my life digging into really important questions about tourism and what it can be in the future to come if we act responsibly. <\/span><\/span><\/p>\n<p><span style=\"font-family: times new roman,times,serif;font-size: 12pt\">I am humble to have been nominated by my exam commitee, Trine Kvidal R\u00f8vik and Carina Ren. The oral exam was really engaging and remarkable enough felt far too short of time.<\/span><\/p>\n<p><span lang=\"EN-GB\" style=\"margin: 0px;line-height: 107%;font-family: times new roman,times,serif;font-size: 12pt\"><span style=\"color: #000000\">I am also thankful to have found fellow thinkers in the research community of Science and Technology Studies (STS), as well as within the philosophy of phenomenology. One of them is my supervisor Britt Kramvig, who has wisely guided me through this process, showed me where to look for answers to some of my questions and sometimes held me back so that I would have work left for my PhD. Thank you so much, Britt, for believing in me!<\/span><\/span><\/p>\n<p><span lang=\"EN-GB\" style=\"margin: 0px;line-height: 107%;font-family: times new roman,times,serif;font-size: 12pt\"><span style=\"color: #000000\">The reason why this has been such an engaging field to work with is the encounter with a truly wise man in the midst of the Finnmark Tundra. I am so grateful to have been working with verdde Molle\u0161 Piera. He has guided me through his meahcci and his practises of j\u00e1vredik\u0161un, discussed important aspects of balancing commodification and respect for local traditions that has become the idea of a sensuous verdde tourism. This is true sustainability, and he does it by combining his stories with traditional practises that afford all our senses and informs of the importance to look back but think forward. Thank you, Piera, for essential contributions to build sustainable tourism in the Arctic!\u00a0<\/span><\/span><\/p>\n<p><span style=\"color: #000000;font-size: 12pt\"><span style=\"font-family: times new roman,times,serif\">Then<span lang=\"EN-GB\" style=\"margin: 0px;line-height: 107%\"> a thank you to my family that has provided me with support and for taking care of my son. Especially to my husband for still sticking around after more then 150 lonely nights while his wife was trying to pull this work together.<\/span><\/span><\/span><\/p>\n<p><span lang=\"EN-GB\" style=\"margin: 0px;line-height: 107%;font-family: times new roman,times,serif;font-size: 12pt\"><span style=\"color: #000000\">To my indigenous ancestors that I have found to be from multiple places within the Arctic. Thank you for finally guiding me in this direction!<\/span><\/span><\/p>\n<p><span lang=\"EN-GB\" style=\"margin: 0px;line-height: 107%;font-family: times new roman,times,serif;font-size: 12pt\"><span style=\"color: #000000\">Again, ollu v\u00e1immola\u0161 gittu! I am so proud to have won this special award!<\/span><\/span><\/p>\n","protected":false},"excerpt":{"rendered":"<p>Friday the 5th of June, I got a phone call from Hildegunn Bruland, the head of administration at the Centre for Sami Studies in UiT The Arctic University of Norway. She wanted to let me know that I had won the \u00c1rdna award 2019! This is a recognition for my indigenous ethnography presented in the [&hellip;]<\/p>\n","protected":false},"author":272,"featured_media":0,"parent":0,"menu_order":0,"comment_status":"closed","ping_status":"closed","template":"","meta":{"_et_pb_use_builder":"","_et_pb_old_content":"","_et_gb_content_width":"","footnotes":""},"class_list":["post-423","page","type-page","status-publish","hentry"],"featured_image_src":"","featured_image_src_square":false,"rbea_author_info":{"display_name":"Ellen-Johanne Kvalsvik","author_link":"https:\/\/blogg.uit.no\/ekv014\/author\/ellen-johanne-kvalsvik\/"},"rbea_excerpt_info":"Friday the 5th of June, I got a phone call from Hildegunn Bruland, the head of administration at the Centre for Sami Studies in UiT The Arctic University of Norway. She wanted to let me know that I had won the \u00c1rdna award 2019! This is a recognition for my indigenous ethnography presented in the [&hellip;]","_links":{"self":[{"href":"https:\/\/blogg.uit.no\/ekv014\/wp-json\/wp\/v2\/pages\/423","targetHints":{"allow":["GET"]}}],"collection":[{"href":"https:\/\/blogg.uit.no\/ekv014\/wp-json\/wp\/v2\/pages"}],"about":[{"href":"https:\/\/blogg.uit.no\/ekv014\/wp-json\/wp\/v2\/types\/page"}],"author":[{"embeddable":true,"href":"https:\/\/blogg.uit.no\/ekv014\/wp-json\/wp\/v2\/users\/272"}],"replies":[{"embeddable":true,"href":"https:\/\/blogg.uit.no\/ekv014\/wp-json\/wp\/v2\/comments?post=423"}],"version-history":[{"count":10,"href":"https:\/\/blogg.uit.no\/ekv014\/wp-json\/wp\/v2\/pages\/423\/revisions"}],"predecessor-version":[{"id":426,"href":"https:\/\/blogg.uit.no\/ekv014\/wp-json\/wp\/v2\/pages\/423\/revisions\/426"}],"wp:attachment":[{"href":"https:\/\/blogg.uit.no\/ekv014\/wp-json\/wp\/v2\/media?parent=423"}],"curies":[{"name":"wp","href":"https:\/\/api.w.org\/{rel}","templated":true}]}}