{"id":9,"date":"2019-07-09T10:16:52","date_gmt":"2019-07-09T08:16:52","guid":{"rendered":"https:\/\/blogg.uit.no\/ekv014\/?page_id=9"},"modified":"2019-07-11T21:09:05","modified_gmt":"2019-07-11T19:09:05","slug":"bacground","status":"publish","type":"page","link":"https:\/\/blogg.uit.no\/ekv014\/bacground\/","title":{"rendered":"Chapter 2 &#8211; Background"},"content":{"rendered":"<p><img fetchpriority=\"high\" fetchpriority=\"high\" decoding=\"async\" class=\"size-medium wp-image-246 alignleft\" src=\"https:\/\/blogg.uit.no\/ekv014\/wp-content\/uploads\/sites\/163\/2019\/07\/Neonfisk-bl\u00e5-225x300.jpg\" alt=\"\" width=\"225\" height=\"300\" srcset=\"https:\/\/blogg.uit.no\/ekv014\/wp-content\/uploads\/sites\/163\/2019\/07\/Neonfisk-bl\u00e5-225x300.jpg 225w, https:\/\/blogg.uit.no\/ekv014\/wp-content\/uploads\/sites\/163\/2019\/07\/Neonfisk-bl\u00e5.jpg 240w\" sizes=\"(max-width: 225px) 100vw, 225px\" \/><\/p>\n<p style=\"text-align: left\"><em><span style=\"color: #000080;font-family: book antiqua,palatino,serif;font-size: 14pt\">&#8220;H\u00e1rre&#8221;, <\/span><\/em><\/p>\n<p style=\"text-align: left\"><em><span style=\"color: #000080;font-family: book antiqua,palatino,serif;font-size: 14pt\">a portrait of graylings, <\/span><\/em><\/p>\n<p style=\"text-align: left\"><em><span style=\"color: #000080;font-family: book antiqua,palatino,serif;font-size: 14pt\">a common fish in the lakes of the Finnmark tundra.\u00a0<\/span><\/em><\/p>\n<p style=\"text-align: left\"><span style=\"font-family: book antiqua,palatino,serif;font-size: 12pt\">(Picture by Ellen-J. Kvalsvik 2018).<\/span><\/p>\n<p>&nbsp;<\/p>\n<h2><\/h2>\n<h2><\/h2>\n<h2>2.1 Introduction<\/h2>\n<p>In this chapter, I want to introduce the concept of S\u00e1mi tourism and the issues and implications involved in developing and enacting this concept. Then, I turn to S\u00e1mi practices that contribute to the basis of entrepreneurship in Sami tourism. Last, but not the least, I introduce you to the case I studied at Vuolit Molle\u0161johka Duottarstophu.<\/p>\n<h3><a name=\"_Toc8812663\"><\/a>2.2 Issues and implications in S\u00e1mi tourism<\/h3>\n<p>Tourism is doing something other than what we do in our everyday life (MacCannell, 1976; McCabe, 2002; Urry, 1992). Hence, it is based on experiencing differences in nature and geographies (M\u00fcller &amp; Viken, 2017). The periphery of Northern Europe is described as remote, isolated and a frontier with exotic natural scenery and attractive tourist places, sometimes including stories of colonialism and resource extraction (Barenholdt &amp; Granas, 2008). Barenholdt and Granas (2008) have argued that new social-scapes are enacted across distinctions. Dichotomies like periphery-centre, local-global, urban-rural, modern-primitive, authentic-copied are all created from distant positions. Societies are performed and defined over distances and at a distance through social interaction, networks and fields where people perform corporeally, virtually or imaginarily (Barenholdt &amp; Granas, 2008). Enacting places involve materials, politics and imaginations. Hence, practices of place enactment could involve nature, politics of nature and imaginations of nature. These are ambivalent and messy practises (Barenholdt &amp; Granas, 2008). Tourists who travel to the north and to S\u00e1pmi, the territory of indigenous people in northern parts of Norway, Sweden, Finland and Russia. They want to experience the Midnight Sun in summer, the Polar Nights with the <em>Aurora borealis<\/em> in winter, wild nature and local life. In addition, they also want to encounter the indigenous S\u00e1mi populating the area (Kramvig, 2017; Mathisen, 2004, 2010; Olsen, 2003).<\/p>\n<p>Fascination with the S\u00e1mi has been routed deeply in the western colonisation project (Kramvig, 2017; Mathisen, 2004, 2010; M\u00fcller &amp; Viken, 2017; M\u00fcller &amp; Viken, 2017; Olsen, 2003; Viken &amp; M\u00fcller, 2006). The first travellers in these regions were explorers discovering, documenting and claiming new land and resources driven by capitalism, technology and religion in attempts to expand the European continent (Kramvig, 2017). Kramvig (2017) argues that the concept \u201cUltima Thule\u201d was used in the imaginary of S\u00e1pmi as \u201cthe End of the World\u201d. The first travellers\u2019 descriptions of the S\u00e1mi population were based on an \u201cotherness\u201d duality mirroring the travellers. Hence, the S\u00e1mi were described as barbaric, uncivilised, unruly and wild savages of the North. Their religious beliefs had to be overcome and the first recognition of being a \u201ccivilised world\u201d came with the establishments of churches, followed by trading posts, military defence, schools and trade routes (Kramvig, 2017).<\/p>\n<p>In the 11<sup>th<\/sup> century, mountain lodges were built to host the first travellers entering these roadless places (Guttormsen, 2019). At that time, infrastructure in the mountains was inadequate and the need for housing was severe. For those entering the tundra, building shelters, quarters and mountain lodges were part of the improvement of infrastructure. Initially, there were two types of mountain lodges that hosted officials, herders, hunters, gatherers, expeditioners and tourists. One type was the state-built and -owned ones and the other type was the completely private ones (Guttormsen, 2019). Today\u2019s type of mountain lodge presented in the Finnmark tundra was shaped around 1840. As roads developed in S\u00e1pmi, opportunities to get further, faster and more often to the mainland increased (Viken &amp; M\u00fcller, 2006). Of all the state-built ones, there are only three state-owned left with professional tenants (\u201coppsitter\u201d in Norwegian) on state salary. These are the Jotka, Upper Molle\u0161johka and Ravna. The position as tenant runs in kinlines and they are officially employed by the Norwegian Department of Agriculture. These remaining state-owned lodges are situated in a straight line between Alta and Karasjok, called the Postal route. The remaining state-built lodges were sold to private people and a few of these are run as tourism businesses today. Most of these tourism lodges are found close to the county roads. The second type of lodges were initially built as private lodges for people living off inland fisheries. Today, they are tourism businesses and the families that live there must raise their income from tourism and\/or have additional jobs.<\/p>\n<p>However, development of S\u00e1mi tourism in the Arctic has several \u201cissues and implications\u201d. Hinch and Butler (2007) describe them as complex matters balancing tourism between threats and opportunities for indigenous people. The rights of indigenous people have been recognised by the International Labour Organisation (ILO) of the United Nation (UN) through the Indigenous Tribal Peoples Convention, ILO C169 of June 27<sup>th<\/sup>, 1989 (Pillay, 2013). It is the most important operative international law to guarantee the rights of indigenous peoples. The UN provides a continuously negotiated definition of indigenous people. The most cited \u201cworking definition\u201d of indigenous peoples is provided by the Martinez Cobo Study:<\/p>\n<blockquote><p><span style=\"color: #000080\"><em>Indigenous communities, peoples and nations are those which, having a historical continuity with pre-invasion and pre-colonial societies that developed on their territories, consider themselves distinct from other sectors of the societies now prevailing on those territories, or parts of them <\/em>(Pillay, 2013, p. 6)<\/span><\/p><\/blockquote>\n<p>However, the strength of the ILO convention is dependent on a number of ratifications amongst the United Nations. The S\u00e1mi are regarded as one people, even though there are nine different languages and multiple other differences regarding traditions and practices (Kramvig, 2005). Norway was the first nation to ratify the ILO convention on June 19, 1990 (\u00c5hr\u00e9n, 2016). Still, there are issues to attend to when it comes to possibilities of making a living in S\u00e1pmi. Issues like being heard properly concerning management and access to traditional coastal fisheries and pasture lands, and the right to use S\u00e1mi expressions, for example, using the G\u00e1kti as a commodified product in <a href=\"https:\/\/www.samediggi.fi\/ongoing-projects\/culturally-responsible-sami-tourism\/?lang=en\">Finland<\/a> as described by \u00c5hr\u00e9n (2016). S\u00e1mi ways and traditions are protected by international conventions, like the ILO 169 and are not to be used for exploitation in disrespect of the S\u00e1mi people. Those who are S\u00e1mi have the right to protect their cultural expression to keep their status as a defined people (Wright, 2014). Hence, the S\u00e1mediggi has gained initial rights to be consulted in cases concerning governmental decisions affecting S\u00e1mi people and communities (\u00c5hr\u00e9n, 2016). Wright (2014) reminds us that tourism is a place where colloquial expressions are moved into a space of the market. The elements of nature and business are entangled in indigenous businesses presented in tourism contexts, hence also in Sami tourism (Kramvig, 2017). Olsen (2003) argued that the tourism industry has taken over the exhibition of culture. The challenge being that the industry often needs to use emblematic signs to make it possible for tourists to recognise an attraction (Olsen, 2003).<\/p>\n<p>Mathisen (2004, 2010) has argued that S\u00e1mi are emblematically represented in contemporary tourism as reindeer herders, representatives of a life lived in close contact with nature, and as carriers of a spirituality reflecting deeper concerns for the environment and powers of nature. These signs contributed to the enhancement of a Western narrative of noble savages and of prelapsarian and a pre-colonial past (Mathisen, 2010). Mathisen (2010) reported that the historical perspective of the S\u00e1mi is that various groups have relied on subsistence economies with fishing along the coast and rivers, and hunting and reindeer herding on the tundra as main activities. Some contemporary S\u00e1mi still work within these traditional economies, but the majorities work in combinations with or in different economies (Mathisen, 2010). The challenge of presenting the S\u00e1mi way of life based on ecological attitudes towards nature, traditionalism, spirituality and harmony is that:<\/p>\n<blockquote><p><span style=\"color: #000080\"><em>\u2026the boundary between popular myths or narratives about indigenous peoples and representations of these cultures in tourism becomes unclear and fuzzy<\/em>. (Mathisen, 2010, p. 55)<\/span><\/p><\/blockquote>\n<p>Olsen (2003) are concerned with how the S\u00e1mi are \u201cconsumed\u201d by the tourist\u2019s gaze. He noted that when the emblematic Sami is not found, people and areas are regarded as Norwegian. This is a view that is easily found in tourism (Olsen, 2003).<\/p>\n<p>Kramvig (2017) discusses the consequences of this complex dilemma. On the bright side, we find the opportunity to articulate self-respect and pride in a cultural background, to preserve knowledge and make a living out of S\u00e1mi practices and traditions, as well as simultaneously cope with contemporary issues and ways of knowing. The downside being that the same efforts that forward possibilities brings out new forms of ownership where important elements are transformed into market products. Some of them are made for external markets and some for locals (Kramvig, 2017). Discussions about the use of indigenous expressions occur in media from time to time, like who have the right to use the G\u00e1kti, who can make duodji products and collect duodji materials. The rights have been ratified in the ILO 169 convention, as mentioned earlier, but the borders are not defined and highly politically practised. Kramvig (2017) says that these products come with disturbance and a passion that creates new encounters, conflicts and debates in the minority-majority interface along with new inter- and intra-ethnic ties.<\/p>\n<blockquote><p><span style=\"color: #000080\"><em>Encounters are meetings that are not simply in the present: each encounter reopens past encounters<\/em> (Kramvig, 2017, p. 63).<\/span><\/p><\/blockquote>\n<p>The double-edged sword will appear anywhere one tries to add cultures, identities and other ways of knowing as input factors in economic activities, as it is with indigenous tourism (Kramvig, 2017). Hence, the largest challenge in contemporary S\u00e1mi tourism is how to find a balance between the danger of exotification and the quest for autonomy?<\/p>\n<p>In the beginning of this chapter, I presented tourism as doing something other than what we do in our everyday life (MacCannell, 1976; McCabe, 2002; Urry, 1992). Hence, it should be based on experiencing differences in nature and geographies (M\u00fcller &amp; Viken, 2017). Wright (2017) argues that this view has traditionally contributed to an analytic approach presenting tourism as something out of the ordinary, separated from the everyday as a different activity, as a phenomenon. She points out that from a post-structuralist and post-colonial perspective this should not go by unnoticed. She forwards a view based on a new ontology where tourism is considered part of a world-creating practise with action, object and performance done through relationships and networks. This is not necessarily relationships between humans, but also relationships between humans and nature, the non-human, in addition to the sensuous multiple body. An example of the latter is the sensuous encounter with Oscypek cheese described by Ren (2011). She analysed the experience of the cheese presented by four orderings of our multiple realities (Law, 1992) \u2013 the traditional, the tourism, the modern and the unique cheese. Her performative\/material contribution is argued by Wright (2017) as enabling ways of presenting the complexity and the different realities of the world without reducing it to a one-world theory (Law, 2007). Wright (2017) calls for a change of focus in tourism research from the destructive focus of representation and identity, authenticity, commodification, and socio-economic effects, towards S\u00e1mi ontologies and landscape creating new realities of tourist-local encounters in tourism.<\/p>\n<p style=\"text-align: center\"><img decoding=\"async\" class=\"alignnone size-medium wp-image-243 aligncenter\" src=\"https:\/\/blogg.uit.no\/ekv014\/wp-content\/uploads\/sites\/163\/2019\/07\/Nedre-Mollisjok-akvarell-2-300x225.jpg\" alt=\"\" width=\"300\" height=\"225\" srcset=\"https:\/\/blogg.uit.no\/ekv014\/wp-content\/uploads\/sites\/163\/2019\/07\/Nedre-Mollisjok-akvarell-2-300x225.jpg 300w, https:\/\/blogg.uit.no\/ekv014\/wp-content\/uploads\/sites\/163\/2019\/07\/Nedre-Mollisjok-akvarell-2.jpg 320w\" sizes=\"(max-width: 300px) 100vw, 300px\" \/><span style=\"text-align: left;color: #333333;text-indent: 0px;letter-spacing: normal;font-family: 'Open Sans',sans-serif;font-size: 10pt;font-style: normal;font-variant: normal;font-weight: 400;text-decoration: none;cursor: text;float: none;background-color: transparent\">Vuolit Molle\u0161johka Duottarstophu viewed from Ie\u0161johka (Picture by Ellen-J. Kvalsvik 2018).<\/span><\/p>\n<h2><a name=\"_Toc8812664\"><\/a>2.3 Case description<\/h2>\n<p>In addition to a native lifelong relationship with the Arctic tundra, my fieldwork has consisted of two visits to <a href=\"https:\/\/www.mollisjok.com\/accomodation-1\">Vuolit Molle\u0161johka Duottarstophu<\/a>. One in the autumn and one in wintertime, resulting in two totally different experiences of soundscape, landscape and people. The lodge is run by a family that have spent their whole life at this specific place. They have gathered fish in the lakes and rivers and exported it across the border to Sweden. When breeding of trout and char in aquaculture became successful, they lost market space and had to adjust to other ways of living. As they had hosted people passing by all along, they continued to develop that part of the business. I have particularly cooperated with and followed the manager at the lodge, known by locals as Molle\u0161 Piera. He is a North S\u00e1mi man that has lived in this landscape his entire life making a living out of traditional practises of fishing, hunting and gathering, in addition to facilitating and making a living out of tourism. Still, as I have learned, his touristic activity is connected to and developed in line with S\u00e1mi philosophy and landscape practises. As presented above, the tourism industry has contributed to the \u201cexotification\u201d of knowledges of indigenous people for a long time (Kramvig, 2017; M\u00fcller &amp; Viken, 2017; Viken &amp; M\u00fcller, 2017; Viken &amp; M\u00fcller, 2006). Living off S\u00e1mi tourism could have put Molle\u0161 Piera on the edge of a sword. Subsequently, when trying to make a living, where he uses his local and traditional knowledge, how does he find a balance between the danger of exotification and the quest for autonomy? This is something that is highly at stake in some other S\u00e1mi tourism businesses, but at Vuolit Molle\u0161johka Duottarstophu this has not been a relevant issue. It has taken Molle\u0161 Piera and his family a long time to build a new form of a combination business focused on caring for people and the environment. This is based on <a href=\"https:\/\/www.mollisjok.com\/activities-2\">traditional practises<\/a> of hosting guests passing by and introducing fishing, hunting, gathering, snow mobile rides, skiing tours and reindeer sledding in addition to preparing and serving local food.<\/p>\n<p>After the first days of my first visit, I had collected enormous amounts of sound materials related only to this place and this tourism business. This occurred in early September during the first days of small game hunting. The second visit was made in late January during the Aurora season and Polar nights. It became clear to me that all this material related to site specific events, in the land defined by the host as his nurture land \u2013 <em>meahcci<\/em> (Oskal, 1995). Through his business, he offers partial access to his surroundings and the landscape he regards as his meahcci. To Piera, nature is not an abstract category but alive, and it has the capacity to act back in specific events. Learning involves being with and being shown and told by one or several family masters of a practice. Situational practices offer us the possibility to open up to sensuous experiences of dissonance and consonance that guide and safeguard us in other specific situations and practises throughout life. The pedagogics in short are as follow: Based on what you learn, you will be on your own one day and need these learnings to find your way, to be safe, to develop your practices and pass them on to the next generation. The North S\u00e1mi word <em>luondu<\/em> have been translated to \u201cnature\u201d, but it is more correct to say \u201cthe character of nature\u201d (\u00d8stmo, 2013). The word exemplifies more than just the visible nature but also all that nature can afford us. This is not the same as the word <em>meahcci<\/em> that could be translated as the terrain outside fences. The former describes an area that people regard as their place to afford a good living (\u00d8stmo, 2013). It is a place where people, animals, plants, water, forest and marshes relate to one another (Oskal, 1995). It is a home and a self away from home and your embodied self, a place for walking, playing, learning, spending your leisure time, hunting, gathering and where worshiping is performed. You know the area like your home and are just as safe there (\u00d8stmo, 2013). <em>Meahcci<\/em> is part of your reflections of yourself and develops your inner self. Outside the <em>meahcci<\/em> is <em>amas meahcci<\/em>, a place where you can do the same things, but is foreign and strange although not a complete wilderness (\u00d8stmo, 2013).<\/p>\n<p>Piera practises <em>j\u00e1vredik\u0161un<\/em>\/S\u00e1mi management of his <em>meahcci<\/em> (Joks &amp; Law, 2017a, 2017b; \u00d8stmo, 2013). In the same way, you take care of your home and your body, \u00d8stmo (2013) argued, you also take care of your <em>meahcci<\/em>. <em>J\u00e1vredik\u0161un, <\/em>is a concept and a S\u00e1mi traditional way of taking care of your meahcci (\u00d8stmo, 2013). The concept comes from managing (<em>dik\u0161un<\/em>) your lake (<em>j\u00e1vre<\/em>) and describes the way S\u00e1mi people provide circulation by removing stones and wood from river inlets and estuaries or manage growth of Carex along the water edges to protect the water from successive regrowth. This way fish will continue to spawn, and waters remain healthy. It also means that you do not fish more than what can be reproduced (\u00d8stmo, 2013).<\/p>\n<p>Piera uses sounds and soundscapes as important embodied devices for his daily practises in tourism. By soundscape I, for now, mean a composition of different key sounds that are present in a specific place (Farina 2014). The embodied knowledge is not so easy to translate and has been articulated as \u201csoft\u201d knowledge in contradiction to \u201chard\u201d knowledge produced by science (Joks &amp; Law, 2017b). The \u201csoft\u201d knowledges of locals and indigenous people have been valued as insignificant to nature management (Joks &amp; Law, 2017a, 2017b; Oskal, 1995; \u00d8stmo, 2013) ) even though this is slowly changing through recognition of TEK (traditional ecological knowledge) by political and academic institutions, such as the Arctic Council, Sami Parliament as well as the Norwegian Research Council and Norwegian nature management institutions. Working through my empirical material and analysis, I became in need of a framework that could lead me along a winding road through messy practises. Moving from the \u201chard\u201d natural science of hearing, that gives little room for social sciences, towards the \u201csofter\u201d science of listening, living and caring, I use the sense of sound and soundscape to zoom in on the multiple bodies that are performing in tourism \u2013 whether they are guests or hosts. In S\u00e1mi traditions, you can become kin in different ways. Guests that have visited for decades are more than guests. They relate to the hosts as being a guest-family-friend, <em>verdde<\/em>. Traditionally, this was a relationship between the reindeer herding family and the resident family of the mountain lodges or by the coastal summer pastures (Paine, 1957). Such friendship was based on practices of exchanging goods, information and help, <em>verddevuohta<\/em>. It was a cooperative system, where nothing was expected in return and there was no payment involved. It was a mutual exchange of value. The relationship was often based on both biological or ritual kinship and passed on to the next generation. The resident family sometimes owned reindeer in the herd to be looked after by the herding family. In return, the herders and their family were offered lodging and assistance during labour-intensive periods when moving the herds (Paine, 1957). This formed the basis of a new concept called<em> Verdde<\/em> tourism developed by Piera and his family.<\/p>\n","protected":false},"excerpt":{"rendered":"<p>&#8220;H\u00e1rre&#8221;, a portrait of graylings, a common fish in the lakes of the Finnmark tundra.\u00a0 (Picture by Ellen-J. Kvalsvik 2018). &nbsp; 2.1 Introduction In this chapter, I want to introduce the concept of S\u00e1mi tourism and the issues and implications involved in developing and enacting this concept. Then, I turn to S\u00e1mi practices that contribute [&hellip;]<\/p>\n","protected":false},"author":272,"featured_media":0,"parent":0,"menu_order":0,"comment_status":"closed","ping_status":"closed","template":"","meta":{"_et_pb_use_builder":"","_et_pb_old_content":"","_et_gb_content_width":"","footnotes":""},"class_list":["post-9","page","type-page","status-publish","hentry"],"featured_image_src":"","featured_image_src_square":false,"rbea_author_info":{"display_name":"Ellen-Johanne Kvalsvik","author_link":"https:\/\/blogg.uit.no\/ekv014\/author\/ellen-johanne-kvalsvik\/"},"rbea_excerpt_info":"&#8220;H\u00e1rre&#8221;, a portrait of graylings, a common fish in the lakes of the Finnmark tundra.\u00a0 (Picture by Ellen-J. Kvalsvik 2018). &nbsp; 2.1 Introduction In this chapter, I want to introduce the concept of S\u00e1mi tourism and the issues and implications involved in developing and enacting this concept. Then, I turn to S\u00e1mi practices that contribute [&hellip;]","_links":{"self":[{"href":"https:\/\/blogg.uit.no\/ekv014\/wp-json\/wp\/v2\/pages\/9","targetHints":{"allow":["GET"]}}],"collection":[{"href":"https:\/\/blogg.uit.no\/ekv014\/wp-json\/wp\/v2\/pages"}],"about":[{"href":"https:\/\/blogg.uit.no\/ekv014\/wp-json\/wp\/v2\/types\/page"}],"author":[{"embeddable":true,"href":"https:\/\/blogg.uit.no\/ekv014\/wp-json\/wp\/v2\/users\/272"}],"replies":[{"embeddable":true,"href":"https:\/\/blogg.uit.no\/ekv014\/wp-json\/wp\/v2\/comments?post=9"}],"version-history":[{"count":13,"href":"https:\/\/blogg.uit.no\/ekv014\/wp-json\/wp\/v2\/pages\/9\/revisions"}],"predecessor-version":[{"id":406,"href":"https:\/\/blogg.uit.no\/ekv014\/wp-json\/wp\/v2\/pages\/9\/revisions\/406"}],"wp:attachment":[{"href":"https:\/\/blogg.uit.no\/ekv014\/wp-json\/wp\/v2\/media?parent=9"}],"curies":[{"name":"wp","href":"https:\/\/api.w.org\/{rel}","templated":true}]}}