{"id":104,"date":"2012-05-24T19:54:52","date_gmt":"2012-05-24T17:54:52","guid":{"rendered":"https:\/\/blogg.uit.no\/kha004\/?page_id=104"},"modified":"2025-01-07T13:49:46","modified_gmt":"2025-01-07T12:49:46","slug":"presentasjoner","status":"publish","type":"page","link":"https:\/\/blogg.uit.no\/kha004\/presentasjoner\/","title":{"rendered":"Presentasjoner"},"content":{"rendered":"<p style=\"text-align: left\"><span style=\"color: #757eff;font-size: 18pt;font-weight: bold\"><br \/>\n<a href=\"https:\/\/blogg.uit.no\/kha004\/wp-content\/uploads\/sites\/44\/2012\/05\/dn_ketil.jpg\"><img fetchpriority=\"high\" fetchpriority=\"high\" decoding=\"async\" class=\"alignright size-medium wp-image-211\" src=\"https:\/\/blogg.uit.no\/kha004\/wp-content\/uploads\/sites\/44\/2012\/05\/dn_ketil-300x225.jpg\" alt=\"\" width=\"300\" height=\"225\" srcset=\"https:\/\/blogg.uit.no\/kha004\/wp-content\/uploads\/sites\/44\/2012\/05\/dn_ketil-300x225.jpg 300w, https:\/\/blogg.uit.no\/kha004\/wp-content\/uploads\/sites\/44\/2012\/05\/dn_ketil-400x300.jpg 400w, https:\/\/blogg.uit.no\/kha004\/wp-content\/uploads\/sites\/44\/2012\/05\/dn_ketil.jpg 720w\" sizes=\"(max-width: 300px) 100vw, 300px\" \/><\/a><\/span><\/p>\n<p style=\"text-align: left\"><span style=\"color: #757eff;font-size: 18pt;font-weight: bold\">Postere<\/span><\/p>\n<p>Her kan du se og lese mine siste postere \u00a0som jeg har presentert p\u00e5 nasjonale\/internasjonale konferanser<\/p>\n<p><a href=\"https:\/\/blogg.uit.no\/kha004\/wp-content\/uploads\/sites\/44\/2018\/08\/Slide1-1.jpeg\"><img decoding=\"async\" class=\"aligncenter size-full wp-image-449\" src=\"https:\/\/blogg.uit.no\/kha004\/wp-content\/uploads\/sites\/44\/2018\/08\/Slide1-1.jpeg\" alt=\"\" width=\"2122\" height=\"3000\" srcset=\"https:\/\/blogg.uit.no\/kha004\/wp-content\/uploads\/sites\/44\/2018\/08\/Slide1-1.jpeg 2122w, https:\/\/blogg.uit.no\/kha004\/wp-content\/uploads\/sites\/44\/2018\/08\/Slide1-1-212x300.jpeg 212w, https:\/\/blogg.uit.no\/kha004\/wp-content\/uploads\/sites\/44\/2018\/08\/Slide1-1-768x1086.jpeg 768w, https:\/\/blogg.uit.no\/kha004\/wp-content\/uploads\/sites\/44\/2018\/08\/Slide1-1-724x1024.jpeg 724w\" sizes=\"(max-width: 2122px) 100vw, 2122px\" \/><\/a><\/p>\n<p><a href=\"https:\/\/blogg.uit.no\/kha004\/wp-content\/uploads\/sites\/44\/2012\/05\/samiskeverdier3.jpg\"><img decoding=\"async\" class=\"aligncenter size-full wp-image-294\" src=\"https:\/\/blogg.uit.no\/kha004\/wp-content\/uploads\/sites\/44\/2012\/05\/samiskeverdier3.jpg\" alt=\"samiskeverdier3\" width=\"9000\" height=\"7200\" srcset=\"https:\/\/blogg.uit.no\/kha004\/wp-content\/uploads\/sites\/44\/2012\/05\/samiskeverdier3.jpg 9000w, https:\/\/blogg.uit.no\/kha004\/wp-content\/uploads\/sites\/44\/2012\/05\/samiskeverdier3-300x240.jpg 300w, https:\/\/blogg.uit.no\/kha004\/wp-content\/uploads\/sites\/44\/2012\/05\/samiskeverdier3-1024x819.jpg 1024w, https:\/\/blogg.uit.no\/kha004\/wp-content\/uploads\/sites\/44\/2012\/05\/samiskeverdier3-375x300.jpg 375w\" sizes=\"(max-width: 9000px) 100vw, 9000px\" \/><\/a><\/p>\n<p><a href=\"https:\/\/blogg.uit.no\/kha004\/wp-content\/uploads\/sites\/44\/2012\/05\/doktorgraden.pdf\" target=\"_blank\" rel=\"noopener\"><img loading=\"lazy\" loading=\"lazy\" decoding=\"async\" class=\"alignnone size-full wp-image-172\" src=\"https:\/\/blogg.uit.no\/kha004\/wp-content\/uploads\/sites\/44\/2012\/05\/diskrimineringhelse.jpg\" alt=\"\" width=\"2552\" height=\"3402\" srcset=\"https:\/\/blogg.uit.no\/kha004\/wp-content\/uploads\/sites\/44\/2012\/05\/diskrimineringhelse.jpg 2552w, https:\/\/blogg.uit.no\/kha004\/wp-content\/uploads\/sites\/44\/2012\/05\/diskrimineringhelse-225x300.jpg 225w, https:\/\/blogg.uit.no\/kha004\/wp-content\/uploads\/sites\/44\/2012\/05\/diskrimineringhelse-768x1024.jpg 768w\" sizes=\"(max-width: 2552px) 100vw, 2552px\" \/><\/a><\/p>\n<p style=\"text-align: center\"><a href=\"https:\/\/blogg.uit.no\/kha004\/wp-content\/uploads\/sites\/44\/2012\/05\/Saminor-2.pdf\" target=\"_blank\" rel=\"noopener\"><em>(trykk p\u00e5 posterne for \u00e5 f\u00e5 den st\u00f8rre tekst)<\/em><\/a><a href=\"https:\/\/blogg.uit.no\/kha004\/wp-content\/uploads\/sites\/44\/2012\/05\/Poster_Hansen_3.pdf\" target=\"_blank\" rel=\"noopener\"><img loading=\"lazy\" loading=\"lazy\" decoding=\"async\" class=\"alignnone size-full wp-image-132\" src=\"https:\/\/blogg.uit.no\/kha004\/wp-content\/uploads\/sites\/44\/2012\/05\/samiskeverdier2.jpg\" alt=\"\" width=\"3544\" height=\"3119\" srcset=\"https:\/\/blogg.uit.no\/kha004\/wp-content\/uploads\/sites\/44\/2012\/05\/samiskeverdier2.jpg 3544w, https:\/\/blogg.uit.no\/kha004\/wp-content\/uploads\/sites\/44\/2012\/05\/samiskeverdier2-300x264.jpg 300w, https:\/\/blogg.uit.no\/kha004\/wp-content\/uploads\/sites\/44\/2012\/05\/samiskeverdier2-1024x901.jpg 1024w, https:\/\/blogg.uit.no\/kha004\/wp-content\/uploads\/sites\/44\/2012\/05\/samiskeverdier2-340x300.jpg 340w\" sizes=\"(max-width: 3544px) 100vw, 3544px\" \/><\/a><\/p>\n<p style=\"text-align: center\"><a href=\"https:\/\/blogg.uit.no\/kha004\/wp-content\/uploads\/sites\/44\/2012\/05\/Saminor-2.pdf\" target=\"_blank\" rel=\"noopener\"><img loading=\"lazy\" loading=\"lazy\" decoding=\"async\" class=\"alignnone size-full wp-image-177\" src=\"https:\/\/blogg.uit.no\/kha004\/wp-content\/uploads\/sites\/44\/2012\/05\/saminor2.jpg\" alt=\"\" width=\"2552\" height=\"3402\" srcset=\"https:\/\/blogg.uit.no\/kha004\/wp-content\/uploads\/sites\/44\/2012\/05\/saminor2.jpg 2552w, https:\/\/blogg.uit.no\/kha004\/wp-content\/uploads\/sites\/44\/2012\/05\/saminor2-225x300.jpg 225w, https:\/\/blogg.uit.no\/kha004\/wp-content\/uploads\/sites\/44\/2012\/05\/saminor2-768x1024.jpg 768w\" sizes=\"(max-width: 2552px) 100vw, 2552px\" \/><\/a><\/p>\n<p><a href=\"https:\/\/blogg.uit.no\/kha004\/wp-content\/uploads\/sites\/44\/2012\/05\/A1.pdf\" target=\"_blank\" rel=\"noopener\"><img loading=\"lazy\" loading=\"lazy\" decoding=\"async\" class=\"alignnone size-full wp-image-180\" src=\"https:\/\/blogg.uit.no\/kha004\/wp-content\/uploads\/sites\/44\/2012\/05\/Aein.jpg\" alt=\"\" width=\"3544\" height=\"3119\" srcset=\"https:\/\/blogg.uit.no\/kha004\/wp-content\/uploads\/sites\/44\/2012\/05\/Aein.jpg 3544w, https:\/\/blogg.uit.no\/kha004\/wp-content\/uploads\/sites\/44\/2012\/05\/Aein-300x264.jpg 300w, https:\/\/blogg.uit.no\/kha004\/wp-content\/uploads\/sites\/44\/2012\/05\/Aein-1024x901.jpg 1024w, https:\/\/blogg.uit.no\/kha004\/wp-content\/uploads\/sites\/44\/2012\/05\/Aein-340x300.jpg 340w\" sizes=\"(max-width: 3544px) 100vw, 3544px\" \/><\/a><\/p>\n<p><a href=\"https:\/\/blogg.uit.no\/kha004\/wp-content\/uploads\/sites\/44\/2012\/05\/saminor1.pdf\" target=\"_blank\" rel=\"noopener\"><img loading=\"lazy\" loading=\"lazy\" decoding=\"async\" class=\"alignnone size-full wp-image-182\" src=\"https:\/\/blogg.uit.no\/kha004\/wp-content\/uploads\/sites\/44\/2012\/05\/S1.jpg\" alt=\"\" width=\"2693\" height=\"3402\" srcset=\"https:\/\/blogg.uit.no\/kha004\/wp-content\/uploads\/sites\/44\/2012\/05\/S1.jpg 2693w, https:\/\/blogg.uit.no\/kha004\/wp-content\/uploads\/sites\/44\/2012\/05\/S1-237x300.jpg 237w, https:\/\/blogg.uit.no\/kha004\/wp-content\/uploads\/sites\/44\/2012\/05\/S1-810x1024.jpg 810w\" sizes=\"(max-width: 2693px) 100vw, 2693px\" \/><\/a><\/p>\n","protected":false},"excerpt":{"rendered":"<p>Postere Her kan du se og lese mine siste postere \u00a0som jeg har presentert p\u00e5 nasjonale\/internasjonale konferanser (trykk p\u00e5 posterne for \u00e5 f\u00e5 den st\u00f8rre tekst)<\/p>\n","protected":false},"author":72,"featured_media":0,"parent":0,"menu_order":0,"comment_status":"closed","ping_status":"closed","template":"","meta":{"_et_pb_use_builder":"","_et_pb_old_content":"","_et_gb_content_width":"","footnotes":""},"class_list":["post-104","page","type-page","status-publish","hentry"],"featured_image_src":"","featured_image_src_square":false,"rbea_author_info":{"display_name":"Ketil Lenert Hansen","author_link":"https:\/\/blogg.uit.no\/kha004\/author\/ketil-lenert-hansen\/"},"rbea_excerpt_info":"Postere Her kan du se og lese mine siste postere \u00a0som jeg har presentert p\u00e5 nasjonale\/internasjonale konferanser (trykk p\u00e5 posterne for \u00e5 f\u00e5 den st\u00f8rre tekst)","_links":{"self":[{"href":"https:\/\/blogg.uit.no\/kha004\/wp-json\/wp\/v2\/pages\/104","targetHints":{"allow":["GET"]}}],"collection":[{"href":"https:\/\/blogg.uit.no\/kha004\/wp-json\/wp\/v2\/pages"}],"about":[{"href":"https:\/\/blogg.uit.no\/kha004\/wp-json\/wp\/v2\/types\/page"}],"author":[{"embeddable":true,"href":"https:\/\/blogg.uit.no\/kha004\/wp-json\/wp\/v2\/users\/72"}],"replies":[{"embeddable":true,"href":"https:\/\/blogg.uit.no\/kha004\/wp-json\/wp\/v2\/comments?post=104"}],"version-history":[{"count":60,"href":"https:\/\/blogg.uit.no\/kha004\/wp-json\/wp\/v2\/pages\/104\/revisions"}],"predecessor-version":[{"id":882,"href":"https:\/\/blogg.uit.no\/kha004\/wp-json\/wp\/v2\/pages\/104\/revisions\/882"}],"wp:attachment":[{"href":"https:\/\/blogg.uit.no\/kha004\/wp-json\/wp\/v2\/media?parent=104"}],"curies":[{"name":"wp","href":"https:\/\/api.w.org\/{rel}","templated":true}]}}