{"id":64,"date":"2012-05-24T18:11:40","date_gmt":"2012-05-24T16:11:40","guid":{"rendered":"https:\/\/blogg.uit.no\/kha004\/?page_id=64"},"modified":"2021-04-08T19:12:17","modified_gmt":"2021-04-08T17:12:17","slug":"mediaomtaler-2","status":"publish","type":"page","link":"https:\/\/blogg.uit.no\/kha004\/mediaomtaler-2\/","title":{"rendered":"Mediaomtale"},"content":{"rendered":"<h1><strong>Utvalgte mediaomtaler:<\/strong><\/h1>\n<p>Aktuelt:<\/p>\n<ul>\n<li><a href=\"https:\/\/uit.no\/project\/miha\/aktuelt\">Unge samers psykiske helse<\/a><\/li>\n<\/ul>\n<p>Eldre mediaomtaler:<\/p>\n<ul>\n<li><a href=\"http:\/\/www.klassekampen.no\/article\/20161024\/NTBI\/894513003\">Samer opplever mer diskriminering enn nordmenn<\/a><\/li>\n<li><a href=\"http:\/\/www.aftenposten.no\/norge\/politikk\/Dette-bildet-fikk-tidligere-ordforer-Jens-Johan-Hjort-til-a-bravakne-om-samers-rettigheter-607362b.html\">Dette bildet fikk Hjort til \u00e5 br\u00e5vokne<\/a><\/li>\n<li><a href=\"https:\/\/www.nrk.no\/sapmi\/samer-brukes-i-usas-presidentvalgkamp-1.12798169\">Samer bruktes i USAs presidentvalgkamp<\/a><\/li>\n<li><a href=\"https:\/\/www.nrk.no\/sapmi\/paradise-hotel-misbrukte-ketils-samiske-familiebilde-1.12270034\">Rasismeforsker: S\u00e5 min familie er p\u00e5 laveste utviklingsniv\u00e5?<\/a><\/li>\n<li><a href=\"https:\/\/bestprac.no\/etnisk-diskriminering-og-helse-blant-den-samiske-befolkningen-i-norge\/\">Etnisk diskriminering og helse blant den samiske befolkningen i Norge<\/a><\/li>\n<li><a href=\"http:\/\/forskning.no\/samfunn\/2016\/10\/samer-opplever-mer-diskriminering-enn-nordmenn\">Samer opplever mer diskriminering enn nordmenn<\/a><\/li>\n<li><a href=\"https:\/\/www.fremover.no\/nord-norge\/befolkning\/mobbing\/samer-har-fire-ganger-sa-hoy-risiko-for-a-oppleve-diskriminering-som-majoritetsbefolkningen\/s\/5-17-185773\">Samer har fire ganger s\u00e5 h\u00f8y risiko for \u00e5 oppleve diskriminering<\/a><\/li>\n<li><a href=\"http:\/\/spicymedia.no\/society\/norske-samer-blir-syke-av-hets\/\" target=\"_blank\" rel=\"noopener noreferrer\">Norske samer blir syke av hets<\/a><\/li>\n<li><a href=\"https:\/\/blogg.uit.no\/kha004\/wp-content\/uploads\/sites\/44\/2012\/05\/NT-42-hovedsak-1.pdf\" target=\"_blank\" rel=\"noopener noreferrer\">Hvit sn\u00f8, samer m\u00e5 bl\u00f8<\/a><\/li>\n<li><a href=\"http:\/\/sciencenordic.com\/sami-are-stressed-bullying\" target=\"_blank\" rel=\"noopener noreferrer\">Sami are stressed by bullying<\/a><\/li>\n<li><a href=\"http:\/\/www.giella.no\/Artikkel.aspx?AId=4231&amp;back=1&amp;MId1=3416&amp;MId2=3471&amp;MId3=&amp;\" target=\"_blank\" rel=\"noopener noreferrer\">Ang\u00e5ende samer og diskriminering<\/a><\/li>\n<li><a href=\"https:\/\/agendamagasin.no\/artikler\/urfolk\/\" target=\"_blank\" rel=\"noopener noreferrer\">\u00d8kt fokus p\u00e5 samiske kvinners helse<\/a><\/li>\n<li><a href=\"http:\/\/www.nrk.no\/kanal\/nrk_sapmi\/1.7692939\" target=\"_blank\" rel=\"noopener noreferrer\">M\u00e5 tenke p\u00e5 hva vi sier<\/a><\/li>\n<li><a href=\"http:\/\/www.nrk.no\/kanal\/nrk_sapmi\/1.7693928\" target=\"_blank\" rel=\"noopener noreferrer\">Vil ha holdningsendring<\/a><\/li>\n<li><a href=\"http:\/\/www.forskning.no\/artikler\/2011\/juni\/291985\" target=\"_blank\" rel=\"noopener noreferrer\">Samer stresser over mobbing<\/a><\/li>\n<li><a href=\"http:\/\/www.dagbladet.no\/2011\/06\/27\/nyheter\/utdanning\/samer\/innenriks\/diskriminering\/17081448\/\" target=\"_blank\" rel=\"noopener noreferrer\">Samer blir mest mobbet<\/a><\/li>\n<li><a href=\"http:\/\/www.ldo.no\/nyheiter-og-fag\/Arkiv\/Featured-news\/Merkelapper-til-besvar-\/\" target=\"_blank\" rel=\"noopener noreferrer\">Merkelapper til besv\u00e6r<\/a><\/li>\n<li><a href=\"http:\/\/www.nrk.no\/nyheter\/distrikt\/nordland\/1.7690898\" target=\"_blank\" rel=\"noopener noreferrer\">En av tre samer f\u00f8ler seg diskriminert<\/a><\/li>\n<li><a href=\"https:\/\/www.dagensmedisin.no\/artikler\/2010\/04\/06\/samekvinner-sliter-mest\/?x=MjAxNy0wMi0wMyAxMjozOTozOQ==\" target=\"_blank\" rel=\"noopener noreferrer\">Samekvinner sliter mest<\/a><\/li>\n<li><a href=\"https:\/\/sykepleien.no\/2011\/09\/knuser-rapport-om-samers-helse\" target=\"_blank\" rel=\"noopener noreferrer\">Knuser rapport om samers helse<\/a><\/li>\n<li><a href=\"http:\/\/www.forskning.no\/artikler\/2012\/februar\/314263\" target=\"_blank\" rel=\"noopener noreferrer\">Samer diskrimineres &#8211; og diskriminerer<\/a><\/li>\n<li><a href=\"http:\/\/www.nrk.no\/nyheter\/distrikt\/troms_og_finnmark\/1.8046896\" target=\"_blank\" rel=\"noopener noreferrer\">Samiske barn blir sl\u00e5tt og hetset<\/a><\/li>\n<li><a href=\"http:\/\/en.uit.no\/nyheter\/artikkel?p_document_id=298209\" target=\"_blank\" rel=\"noopener noreferrer\">Ryddigere samedebatt, men&#8230;<\/a><\/li>\n<li><a href=\"http:\/\/www.nrk.no\/nyheter\/distrikt\/troms_og_finnmark\/1.7819745\" target=\"_blank\" rel=\"noopener noreferrer\">Slakter samisk helseforskning<\/a><\/li>\n<li><a href=\"http:\/\/www.nrk.no\/kanal\/nrk_sapmi\/1.7068889\" target=\"_blank\" rel=\"noopener noreferrer\">Samekvinner blir syke av diskriminering<\/a><\/li>\n<li><a href=\"https:\/\/www.nrk.no\/sapmi\/hverdagsrasismen-iblant-oss-1.7759975\" target=\"_blank\" rel=\"noopener noreferrer\">De kaller det humor<\/a><\/li>\n<li><a href=\"http:\/\/www.utrop.no\/Plenum\/Kommentar\/Blogg\/22500\" target=\"_blank\" rel=\"noopener noreferrer\">Diskriminerer jeg?<\/a><\/li>\n<li><a href=\"https:\/\/www.dagensmedisin.no\/artikler\/2008\/11\/25\/samer-takler-diskriminering-best\/\" target=\"_blank\" rel=\"noopener noreferrer\">Samer talker diskriminering best<\/a><\/li>\n<li><a href=\"http:\/\/samiskstudenttromso.wordpress.com\/2012\/03\/\">Digitale nabokjerringer<\/a><\/li>\n<li><a href=\"http:\/\/uit.no\/Content\/279864\/FAD_seminar_09012012.pdf\" target=\"_blank\" rel=\"noopener noreferrer\">Etnisk diskriminering av og helse blant den samiske befolkningen i nord<\/a><\/li>\n<li><a href=\"https:\/\/blogg.uit.no\/kha004\/wp-content\/uploads\/sites\/44\/2012\/05\/p\u00e5skolebenken.jpg\" target=\"_blank\" rel=\"noopener noreferrer\">P\u00e5 skolebenken<\/a><\/li>\n<li><a href=\"http:\/\/www.nsdm.no\/nyheter_cms\/2012\/januar\/seminar-om-det-samiske-i-tromsoe\/216\">Fagseminar om det samiske i Troms\u00f8<\/a><\/li>\n<li><a href=\"http:\/\/samas.no\/nb\/a\/samiske-veivisere-10-ar\" target=\"_blank\" rel=\"noopener noreferrer\">FAD, samiske veiviserne og Ketil Lenert Hansen<\/a><\/li>\n<\/ul>\n","protected":false},"excerpt":{"rendered":"<p>Utvalgte mediaomtaler: Aktuelt: Unge samers psykiske helse Eldre mediaomtaler: Samer opplever mer diskriminering enn nordmenn Dette bildet fikk Hjort til \u00e5 br\u00e5vokne Samer bruktes i USAs presidentvalgkamp Rasismeforsker: S\u00e5 min familie er p\u00e5 laveste utviklingsniv\u00e5? Etnisk diskriminering og helse blant &hellip; <a href=\"https:\/\/blogg.uit.no\/kha004\/mediaomtaler-2\/\">Continue reading <span class=\"meta-nav\">&rarr;<\/span><\/a><\/p>\n","protected":false},"author":72,"featured_media":0,"parent":0,"menu_order":0,"comment_status":"closed","ping_status":"closed","template":"","meta":{"_et_pb_use_builder":"","_et_pb_old_content":"","_et_gb_content_width":"","footnotes":""},"class_list":["post-64","page","type-page","status-publish","hentry"],"featured_image_src":"","featured_image_src_square":false,"rbea_author_info":{"display_name":"Ketil Lenert Hansen","author_link":"https:\/\/blogg.uit.no\/kha004\/author\/ketil-lenert-hansen\/"},"rbea_excerpt_info":"Utvalgte mediaomtaler: Aktuelt: Unge samers psykiske helse Eldre mediaomtaler: Samer opplever mer diskriminering enn nordmenn Dette bildet fikk Hjort til \u00e5 br\u00e5vokne Samer bruktes i USAs presidentvalgkamp Rasismeforsker: S\u00e5 min familie er p\u00e5 laveste utviklingsniv\u00e5? Etnisk diskriminering og helse blant &hellip; <a href=\"https:\/\/blogg.uit.no\/kha004\/mediaomtaler-2\/\">Continue reading <span class=\"meta-nav\">&rarr;<\/span><\/a>","_links":{"self":[{"href":"https:\/\/blogg.uit.no\/kha004\/wp-json\/wp\/v2\/pages\/64","targetHints":{"allow":["GET"]}}],"collection":[{"href":"https:\/\/blogg.uit.no\/kha004\/wp-json\/wp\/v2\/pages"}],"about":[{"href":"https:\/\/blogg.uit.no\/kha004\/wp-json\/wp\/v2\/types\/page"}],"author":[{"embeddable":true,"href":"https:\/\/blogg.uit.no\/kha004\/wp-json\/wp\/v2\/users\/72"}],"replies":[{"embeddable":true,"href":"https:\/\/blogg.uit.no\/kha004\/wp-json\/wp\/v2\/comments?post=64"}],"version-history":[{"count":44,"href":"https:\/\/blogg.uit.no\/kha004\/wp-json\/wp\/v2\/pages\/64\/revisions"}],"predecessor-version":[{"id":564,"href":"https:\/\/blogg.uit.no\/kha004\/wp-json\/wp\/v2\/pages\/64\/revisions\/564"}],"wp:attachment":[{"href":"https:\/\/blogg.uit.no\/kha004\/wp-json\/wp\/v2\/media?parent=64"}],"curies":[{"name":"wp","href":"https:\/\/api.w.org\/{rel}","templated":true}]}}