{"id":66,"date":"2012-05-24T18:11:51","date_gmt":"2012-05-24T16:11:51","guid":{"rendered":"https:\/\/blogg.uit.no\/kha004\/?page_id=66"},"modified":"2021-04-08T19:25:03","modified_gmt":"2021-04-08T17:25:03","slug":"publikasjoner-2","status":"publish","type":"page","link":"https:\/\/blogg.uit.no\/kha004\/publikasjoner-2\/","title":{"rendered":"Publikasjoner"},"content":{"rendered":"<p>Link til publikasjoner: <a href=\"https:\/\/uit.no\/ansatte\/person?p_document_id=43511\">personkort UiT<\/a>\u00a0og forskerprofil i\u00a0<a href=\"https:\/\/www.cristin.no\/as\/WebObjects\/cristin.woa\/wa\/personVis?type=PERSON&amp;pnr=57622&amp;instnr=186\">Cristin.<\/a><\/p>\n<ul>\n<li>Forskningsrapporten:\u00a0<a href=\"https:\/\/uit.no\/Content\/721559\/cache=20210403160302\/Miha_Unge_samer_rapport_digital.pdf\"><strong>Unge samers psykiske helse &#8211;\u00a0En kvalitativ og kvantitativ studie av unge samers psykososiale helse<\/strong><\/a><\/li>\n<\/ul>\n<p>&nbsp;<\/p>\n<ul>\n<li><strong>Friborg, Oddgeir; S\u00f8rlie, Tore; Schei, Berit; Javo, Anne Cecilie; S\u00f8rbye, \u00d8ystein; Hansen, Ketil Lenert.<\/strong>\u00a0<a href=\"https:\/\/journals.sagepub.com\/doi\/10.1177\/0022022120962571\">Do Childhood Boarding School Experiences Predict Health, Well-Being and Disability Pension in Adults? A SAMINOR Study.\u00a0<\/a><\/li>\n<\/ul>\n<p>&nbsp;<\/p>\n<ul>\n<li><strong>Brustad, Magritt; Bongo, Ann Kristine Sara; Hansen, Ketil Lenert; Trovik, Tordis A; Oscarson, Nils; J\u00f6nsson, Birgitta.<\/strong>\u00a0<a href=\"https:\/\/www.tandfonline.com\/doi\/full\/10.1080\/00016357.2019.1654615\">Oral health in the indigenous S\u00e1mi population in Norway \u2013 the dental health in the North study. Acta Odontologica Scandinavica 2019.<\/a><\/li>\n<\/ul>\n<p>&nbsp;<\/p>\n<ul>\n<li><strong>Hansen, Ketil Lenert.<\/strong>\u00a0Educational Policy and Boarding Schools for Indigenous Sami Children in Norway from 1700 to the Present.\u00a0<a href=\"https:\/\/www.routledge.com\/Nordic-Childhoods-17001960-From-Folk-Beliefs-to-Pippi-Longstocking\/Aasgaard-Bunge-Roos\/p\/book\/9781138294226\">(fulltekst)<\/a>\u00a0Routledge 2018 ISBN 9781138294226.s 188 &#8211; 204.<\/li>\n<\/ul>\n<p>&nbsp;<\/p>\n<ul>\n<li><strong>S\u00f8rlie, Tore; Hansen, Ketil Lenert; Friborg, Oddgeir.<\/strong>\u00a0Do Norwegian Sami and non-indigenous individuals understand questions about mental health similarly? A SAMINOR 2 study. International Journal of Circumpolar Health 2018; Volum 77. ISSN 1239-9736.s doi:\u00a0<a href=\"http:\/\/dx.doi.org\/10.1080\/22423982.2018.1481325\" target=\"_blank\" rel=\"noopener\">10.1080\/22423982.2018.1481325<\/a>.<\/li>\n<\/ul>\n<p>&nbsp;<\/p>\n<ul>\n<li><strong>Chatwood, Susan; Paulette, Francois; Baker, Greg; Eriksen, Astrid M.A.; Hansen, Ketil Lenert; Eriksen, Heidi; Hiratsuka, Vanessa; Lavoie, Jos\u00e9e Gabrielle; Lou, Wendy; Mauro, Ian; Orbinski, James; Pambrun, Nathalie; Retallack, Hanna; Brown, Adalsteinn.<\/strong>\u00a0Indigenous Values and Health Systems Stewardship in Circumpolar Countries. International Journal of Environmental Research and Public Health 2017; Volum 14 (12). ISSN 1660-4601.s 1 &#8211; 20.s doi:\u00a0<a href=\"http:\/\/dx.doi.org\/10.3390\/ijerph14121462\" target=\"_blank\" rel=\"noopener\">10.3390\/ijerph14121462<\/a>.<\/li>\n<\/ul>\n<p>&nbsp;<\/p>\n<ul>\n<li><strong>Friborg, Oddgeir; S\u00f8rlie, Tore; Hansen, Ketil Lenert.<\/strong>\u00a0Resilience to Discrimination Among Indigenous Sami and Non-Sami Populations in Norway: The SAMINOR2 Study. Journal of Cross-Cultural Psychology 2017; Volum 48 (7). ISSN 0022-0221.s 1009 &#8211; 1027.s doi:\u00a0<a href=\"http:\/\/dx.doi.org\/10.1177\/0022022117719159\" target=\"_blank\" rel=\"noopener\">10.1177\/0022022117719159<\/a><\/li>\n<\/ul>\n<p>&nbsp;<\/p>\n<ul>\n<li><strong>Hansen, Ketil Lenert; Minton, Stephen; Friborg, Oddgeir; S\u00f8rlie, Tore.<\/strong>\u00a0Discrimination amongst Arctic Indigenous Sami and Non-Sami Populations in Norway &#8211; The SAMINOR 2 Questionnaire Study.\u00a0<a href=\"http:\/\/umu.diva-portal.org\/smash\/get\/diva2:1105936\/FULLTEXT01.pdf\">(fulltekst)<\/a>\u00a0Journal of Northern Studies 2017; Volum 10 (2). ISSN 1654-5915.s 45 &#8211; 84.<\/li>\n<\/ul>\n<p>&nbsp;<\/p>\n<ul>\n<li>Hansen, Ketil Lenert. <a href=\"https:\/\/www.regjeringen.no\/contentassets\/22052f2375b74ae29e0bf2fee69ce7ba\/samiske-tall-9---norsk.pdf\">Selvrapportert diskriminering av samer i Norge<\/a> i rapporten Samiske tall forteller 9 : kommentert samisk statistikk 2016 = S\u00e1mi logut muitalit 9 : cielggaduvvon s\u00e1mi statistihkka utg. 1\/2016. 2016 ISBN 978-82-7367-043-4.<\/li>\n<\/ul>\n<p>&nbsp;<\/p>\n<ul>\n<li>Hansen, Ketil Lenert; H\u00f8gmo, Asle magnus; Lund, Eiliv. <em>Value Patterns in Four Dimensions among the Indigenous Sami Population in Norway. A population-based survey.<\/em> Journal of Northern Studies 2016; Volum 10 (1). ISSN 1654-5915.s 39 &#8211; 67.<\/li>\n<\/ul>\n<p>&nbsp;<\/p>\n<ul>\n<li>Melb\u00f8e, Line; Johnsen, Bj\u00f8rn-Eirik; Fedreheim, Gunn Elin; Hansen, Ketil Lenert. <a href=\"http:\/\/www.nordicwelfare.org\/PageFiles\/32706\/NorskSamerapportLAYOUT160414.pdf\">Situasjonen til samer med funksjonsnedsettelse(r)<\/a>. 2016 ISBN 978-91-88213-05-1.<\/li>\n<\/ul>\n<p>&nbsp;<\/p>\n<ul>\n<li>\n<p class=\"title\"><a href=\"https:\/\/www.ncbi.nlm.nih.gov\/pubmed\/27802844\">Childhood violence and adult chronic pain among indigenous Sami and non-Sami populations in Norway: a SAMINOR 2 questionnaire study.<\/a>\u00a0Eriksen AM, Schei B, Hansen KL, S\u00f8rlie T, Fleten N, Javo C.\u00a0<span class=\"jrnl\" title=\"International journal of circumpolar health\">Int J Circumpolar Health<\/span>. 2016 Oct 31;75:32798. doi: 10.3402\/ijch.v75.32798. eCollection 2016.<\/p>\n<\/li>\n<\/ul>\n<p>&nbsp;<\/p>\n<ul>\n<li>\n<p class=\"title\"><a href=\"https:\/\/www.ncbi.nlm.nih.gov\/pubmed\/27396747\">Ethical and methodological issues in research with Sami experiencing disability.<\/a>Melb\u00f8e L, Hansen KL, Johnsen BE, Fedreheim GE, Dinesen T, Minde GT, Rustad M.\u00a0<span class=\"jrnl\" title=\"International journal of circumpolar health\">Int J Circumpolar Health<\/span>. 2016 Jul 6;75:31656. doi: 10.3402\/ijch.v75.31656. eCollection 2016.<\/p>\n<\/li>\n<\/ul>\n<p>&nbsp;<\/p>\n<ul>\n<li>\n<p class=\"title\"><a href=\"https:\/\/www.ncbi.nlm.nih.gov\/pubmed\/28417810\">Approaching Etuaptmumk &#8211; introducing a consensus-based mixed method for health services research.<\/a>\u00a0Chatwood S, Paulette F, Baker R, Eriksen A, Hansen KL, Eriksen H, Hiratsuka V, Lavoie J, Lou W, Mauro I, Orbinski J, Pabrum N, Retallack H, Brown A.\u00a0<span class=\"jrnl\" title=\"International journal of circumpolar health\">Int J Circumpolar Health<\/span>. 2015 Jan;74(1):27438. doi: 10.3402\/ijch.v74.27438.<\/p>\n<\/li>\n<\/ul>\n<p>&nbsp;<\/p>\n<ul>\n<li>\n<p class=\"title\"><a href=\"https:\/\/www.ncbi.nlm.nih.gov\/pubmed\/25969164\">Emotional, physical and sexual violence among Sami and non-Sami populations in Norway: The SAMINOR 2 questionnaire study.<\/a>\u00a0Eriksen AM, Hansen KL, Javo C, Schei B.\u00a0<span class=\"jrnl\" title=\"Scandinavian journal of public health\">Scand J Public Health<\/span>. 2015 Aug;43(6):588-96. doi: 10.1177\/1403494815585936. Epub 2015 May 12.<\/p>\n<\/li>\n<\/ul>\n<p>&nbsp;<\/p>\n<ul>\n<li>\n<p class=\"title\"><a href=\"https:\/\/www.ncbi.nlm.nih.gov\/pubmed\/28417798\">Ethnic discrimination and health: the relationship between experienced ethnic discrimination and multiple health domains in Norway&#8217;s rural Sami population.<\/a>\u00a0Hansen KL.\u00a0<span class=\"jrnl\" title=\"International journal of circumpolar health\">Int J Circumpolar Health<\/span>. 2015 Jan;74(1):25125. doi: 10.3402\/ijch.v74.25125.<\/p>\n<\/li>\n<\/ul>\n<p>&nbsp;<\/p>\n<ul>\n<li>\n<p class=\"title\"><a href=\"https:\/\/www.ncbi.nlm.nih.gov\/pubmed\/28417797\">Prevalence of self-reported stomach symptoms after consuming milk among indigenous Sami and non-Sami in Northern- and Mid-Norway &#8211; the SAMINOR study.<\/a>Hansen KL, Brustad M, Johnsen K.\u00a0<span class=\"jrnl\" title=\"International journal of circumpolar health\">Int J Circumpolar Health<\/span>. 2015 Jan;74(1):25762. doi: 10.3402\/ijch.v74.25762.<\/p>\n<\/li>\n<\/ul>\n<p>&nbsp;<\/p>\n<ul>\n<li><a href=\"http:\/\/www.tandfonline.com\/doi\/full\/10.3402\/ijch.v73.23147\"><i>The Population-based Study on Health- and Living Conditions in Areas with Mixed Sami and Norwegian Settlements \u2013 the SAMINOR 2 Questionnaire Study.<\/i><\/a><\/li>\n<\/ul>\n<p>&nbsp;<\/p>\n<ul>\n<li>M. Brustad M,<span style=\"text-decoration: underline\">K. L. Hansen<\/span>, A. R. Broderstad, S. Hansen and M. Melhus. International Journal of Circumpolar Health, February 2014.<\/li>\n<\/ul>\n<p>&nbsp;<\/p>\n<ul>\n<li><i>Access to Health Services for Indigenous People living in the Arctic Region<\/i>, K.L. Hansen. UN report, The Permanent Forum on Indigenous Issues, New York. Accepted for publication, 2014.<\/li>\n<\/ul>\n<p>&nbsp;<\/p>\n<ul>\n<li><i>Ethnic discrimination and health: The association between experience of ethnic discrimination and multiple health domains \u2013among rural indigenous Sami in Norway<\/i>, K. L. Hansen.<\/li>\n<\/ul>\n<p>&nbsp;<\/p>\n<ul>\n<li><i>\u00a0<\/i><i>A description of Indigenous values underlying health systems stewardship in circumpolar regions using a mixed methods approach.<\/i> Medforfatter sammen med flere andre. Submitted 20. november 2013: <span style=\"font-size: small\"><span style=\"font-size: 10pt\">Health Policy and Planning<\/span><\/span>.<\/li>\n<\/ul>\n<p>&nbsp;<\/p>\n<ul>\n<li><a href=\"http:\/\/uit.no\/tavla\/artikkel\/349769\/179003\">Etnisk diskriminering og holdninger til det samiske i nord \u2013 en utfordring for kirken? i boken Erkjenne fortid \u2013 forme framtid \u2013 Innspill til kirkelig forsoningsarbeid i SAPMI<\/a> (Tore Johnsen og Line M. Skum (red.). Orkana Forlag, Stamsund. 2013.<\/li>\n<\/ul>\n<p>&nbsp;<\/p>\n<ul>\n<li><i>Marginalisation and cardiovascular disease among rural Sami in Northern Norway: a population-based cross-sectional study<\/i>\u00a0 <a href=\"http:\/\/www.ncbi.nlm.nih.gov\/pubmed?term=Eliassen%20BM%5BAuthor%5D&amp;cauthor=true&amp;cauthor_uid=23718264\">Eliassen BM<\/a>, <a href=\"http:\/\/www.ncbi.nlm.nih.gov\/pubmed?term=Melhus%20M%5BAuthor%5D&amp;cauthor=true&amp;cauthor_uid=23718264\">Melhus M<\/a>, <span style=\"text-decoration: underline\"><a href=\"http:\/\/www.ncbi.nlm.nih.gov\/pubmed?term=Hansen%20KL%5BAuthor%5D&amp;cauthor=true&amp;cauthor_uid=23718264\">Hansen KL<\/a><\/span>, <a href=\"http:\/\/www.ncbi.nlm.nih.gov\/pubmed?term=Broderstad%20AR%5BAuthor%5D&amp;cauthor=true&amp;cauthor_uid=23718264\">Broderstad AR<\/a>. <a title=\"BMC public health.\" href=\"http:\/\/www.ncbi.nlm.nih.gov\/pubmed\/23718264##\">BMC Public Health.<\/a> 2013 May 29;13:522.<\/li>\n<\/ul>\n<p>&nbsp;<\/p>\n<ul>\n<li><i>Acculturation and self-rated health among Arctic indigenous peoples: a population-based cross-sectional study.\u00a0<\/i><a href=\"http:\/\/www.ncbi.nlm.nih.gov\/pubmed?term=Eliassen%20BM%5BAuthor%5D&amp;cauthor=true&amp;cauthor_uid=23127197\">Eliassen BM<\/a>, <a href=\"http:\/\/www.ncbi.nlm.nih.gov\/pubmed?term=Braaten%20T%5BAuthor%5D&amp;cauthor=true&amp;cauthor_uid=23127197\">Braaten T<\/a>, <a href=\"http:\/\/www.ncbi.nlm.nih.gov\/pubmed?term=Melhus%20M%5BAuthor%5D&amp;cauthor=true&amp;cauthor_uid=23127197\">Melhus M<\/a>, <a href=\"http:\/\/www.ncbi.nlm.nih.gov\/pubmed?term=Hansen%20KL%5BAuthor%5D&amp;cauthor=true&amp;cauthor_uid=23127197\">Hansen KL<\/a>, <a href=\"http:\/\/www.ncbi.nlm.nih.gov\/pubmed?term=Broderstad%20AR%5BAuthor%5D&amp;cauthor=true&amp;cauthor_uid=23127197\">Broderstad AR<\/a>., <a title=\"BMC public health.\" href=\"http:\/\/www.ncbi.nlm.nih.gov\/pubmed\/23127197##\">BMC Public Health.<\/a> 2012 Nov 5;12:94.<\/li>\n<\/ul>\n<p>&nbsp;<\/p>\n<ul>\n<li>Hansen, KL. <i><a href=\"http:\/\/www.regjeringen.no\/upload\/BLD\/sla\/Skjeieutvalget\/september_2012\/kunnskapsstatus_liestillingsstatus_samer.pdf\">Likestillingsstatus blant samer \u2013 en kunnskapsrapport<\/a>, 2012<\/i>, oppdrag for\u00a0Likestillingsutvalget, opprettet med kgl. res. 12. februar 2010. Forskningsrapport til NOU 2012:15 Politikk for likestilling<\/li>\n<\/ul>\n<p>&nbsp;<\/p>\n<ul>\n<li>\u00a0<a href=\"http:\/\/www.ncbi.nlm.nih.gov\/pubmed\/22334242\" target=\"_blank\" rel=\"noopener noreferrer\">Ethnic discrimination and psychological distress: a study of Sami and non-Sami populations in Norway<\/a>. <a title=\"Transcultural psychiatry.\" href=\"http:\/\/www.ncbi.nlm.nih.gov\/pubmed\/22334242#\" target=\"_blank\" rel=\"noopener noreferrer\">Transcult Psychiatry.<\/a> 2012 Feb;49(1):26-50.<\/li>\n<\/ul>\n<p>&nbsp;<\/p>\n<ul>\n<li><a href=\"http:\/\/munin.uit.no\/handle\/10037\/3259\" target=\"_blank\" rel=\"noopener noreferrer\">\u201dEthnic discrimination and bullying in relation to self-reported physical and mental health in Sami settlement areas in Norway\u201d \u2013 The SAMINOR study.<\/a>\u00a0Doktorgradsavhandling &#8211; 2011\u00a0 (PhD thesis).<\/li>\n<\/ul>\n<p>&nbsp;<\/p>\n<ul>\n<li>\u00a0Ketil Lenert Hansen: Ethnic discrimination and health in Sami settlement areas in Norwayin Soini Sirpa (Editor): <a href=\"http:\/\/www.norden.org\/no\/publikasjoner\/publikasjoner\/2011-535\" target=\"_blank\" rel=\"noopener noreferrer\">Public Health \u2013 ethical issues, Nordic Council of Ministers, TemaNord:535;147-163<\/a>, Copenhagen 2011. (ISBN 978-92-893-2234-8)<\/li>\n<\/ul>\n<p>&nbsp;<\/p>\n<ul>\n<li>\u00a0Ketil Lenert Hansen: Ethnic Discrimination and Bullying in Norway in Minnerup G, Solberg P. <a href=\"http:\/\/www.sussex-academic.com\/sa\/titles\/SS_First_Nations\/Minnerup.htm\" target=\"_blank\" rel=\"noopener noreferrer\">First world, first nations: internal colonialism &amp; indigenous self-determination in Northern Europe &amp; Australia. Brighton: Sussex Academic; 2010 <\/a>(november) (Bok kapittel).<\/li>\n<\/ul>\n<p>&nbsp;<\/p>\n<ul>\n<li>Ketil Lenert Hansen: Indigenous health and wellbeing.\u00a0<a href=\"http:\/\/www.circumpolarhealthjournal.net\/index.php\/ijch\/pages\/view\/chs\" target=\"_blank\" rel=\"noopener noreferrer\"><em>Circumpolar Health Supplements<\/em>\u00a02010<\/a>;Volum 7 (51 pages) &#8211; International Union of Circumpolar Health, Canada. (ISSN 1797-2361) (Bok kapittel)<\/li>\n<\/ul>\n<p>&nbsp;<\/p>\n<ul>\n<li><a href=\"http:\/\/www.ncbi.nlm.nih.gov\/pubmed\/20359443\" target=\"_blank\" rel=\"noopener noreferrer\">Hansen KL, Melhus M, Lund E. Ethnicity, self-reported health, discrimination and socio-economic status: a study of Sami and non-Sami Norwegian populations.<\/a> Int J Circumpolar Health 2010 Apr;69(2):111-28.<\/li>\n<\/ul>\n<p>&nbsp;<\/p>\n<ul>\n<li><a href=\"http:\/\/www.ncbi.nlm.nih.gov\/pubmed\/18468262\" target=\"_blank\" rel=\"noopener noreferrer\">Hansen KL, Melhus M, H\u00f8gmo A, Lund E. Ethnic discrimination and bullying in the Sami and non-Sami populations in Norway: The SAMINOR study.<\/a> International Journal of Circumpolar Health 2008 Feb;67(1):97-113.<\/li>\n<\/ul>\n<p>&nbsp;<\/p>\n<ul>\n<li><a href=\"http:\/\/www.ssb.no\/emner\/00\/00\/20\/nos_samer\/nos_d384\/nos_d384.pdf\" target=\"_blank\" rel=\"noopener noreferrer\">Samisk statistikk 2008, Statistisk Sentralbyr\u00e5 2008<\/a>, bidragsyter p\u00e5 vegne av Senter for\u00a0Samisk helseforskning\u00a0( Contribution on behalf of Centre for Sami Health Research)<\/li>\n<\/ul>\n<p>&nbsp;<\/p>\n<ul>\n<li><a href=\"http:\/\/www.ncbi.nlm.nih.gov\/pubmed\/17515251\" target=\"_blank\" rel=\"noopener noreferrer\">Lund E, Melhus M, Hansen KL, Nystad T, Broderstad AR, Selmer R, et al. Population based study of health and living conditions in areas with both Sami and Norwegian populations &#8211; the SAMINOR study.<\/a> Int J Circumpolar Health 2007 Apr;66(2):113-28.<\/li>\n<\/ul>\n<p>&nbsp;<\/p>\n<ul>\n<li><a href=\"https:\/\/ask.bibsys.no\/ask2\/\/html\/?sourcetag=biblio&amp;cql=cql.serverChoice%20all%20'ketil%20lenert%20hansen'\" target=\"_blank\" rel=\"noopener noreferrer\">Hansen KL. Samisk identitetsforvaltning i et reindriftssamfunn en samfunnsvitenskapelig tiln\u00e6rming. Troms\u00f8: Institutt for pedagogikk, Universitetet i Troms\u00f8, 2002 &#8211; Hovedfagsoppgave\u00a0<\/a>(master paper).<\/li>\n<\/ul>\n<p>&nbsp;<\/p>\n","protected":false},"excerpt":{"rendered":"<p>Link til publikasjoner: personkort UiT\u00a0og forskerprofil i\u00a0Cristin. Forskningsrapporten:\u00a0Unge samers psykiske helse &#8211;\u00a0En kvalitativ og kvantitativ studie av unge samers psykososiale helse &nbsp; Friborg, Oddgeir; S\u00f8rlie, Tore; Schei, Berit; Javo, Anne Cecilie; S\u00f8rbye, \u00d8ystein; Hansen, Ketil Lenert.\u00a0Do Childhood Boarding School Experiences &hellip; <a href=\"https:\/\/blogg.uit.no\/kha004\/publikasjoner-2\/\">Continue reading <span class=\"meta-nav\">&rarr;<\/span><\/a><\/p>\n","protected":false},"author":72,"featured_media":0,"parent":0,"menu_order":0,"comment_status":"closed","ping_status":"closed","template":"","meta":{"_et_pb_use_builder":"","_et_pb_old_content":"","_et_gb_content_width":"","footnotes":""},"class_list":["post-66","page","type-page","status-publish","hentry"],"featured_image_src":"","featured_image_src_square":false,"rbea_author_info":{"display_name":"Ketil Lenert Hansen","author_link":"https:\/\/blogg.uit.no\/kha004\/author\/ketil-lenert-hansen\/"},"rbea_excerpt_info":"Link til publikasjoner: personkort UiT\u00a0og forskerprofil i\u00a0Cristin. Forskningsrapporten:\u00a0Unge samers psykiske helse &#8211;\u00a0En kvalitativ og kvantitativ studie av unge samers psykososiale helse &nbsp; Friborg, Oddgeir; S\u00f8rlie, Tore; Schei, Berit; Javo, Anne Cecilie; S\u00f8rbye, \u00d8ystein; Hansen, Ketil Lenert.\u00a0Do Childhood Boarding School Experiences &hellip; <a href=\"https:\/\/blogg.uit.no\/kha004\/publikasjoner-2\/\">Continue reading <span class=\"meta-nav\">&rarr;<\/span><\/a>","_links":{"self":[{"href":"https:\/\/blogg.uit.no\/kha004\/wp-json\/wp\/v2\/pages\/66","targetHints":{"allow":["GET"]}}],"collection":[{"href":"https:\/\/blogg.uit.no\/kha004\/wp-json\/wp\/v2\/pages"}],"about":[{"href":"https:\/\/blogg.uit.no\/kha004\/wp-json\/wp\/v2\/types\/page"}],"author":[{"embeddable":true,"href":"https:\/\/blogg.uit.no\/kha004\/wp-json\/wp\/v2\/users\/72"}],"replies":[{"embeddable":true,"href":"https:\/\/blogg.uit.no\/kha004\/wp-json\/wp\/v2\/comments?post=66"}],"version-history":[{"count":32,"href":"https:\/\/blogg.uit.no\/kha004\/wp-json\/wp\/v2\/pages\/66\/revisions"}],"predecessor-version":[{"id":565,"href":"https:\/\/blogg.uit.no\/kha004\/wp-json\/wp\/v2\/pages\/66\/revisions\/565"}],"wp:attachment":[{"href":"https:\/\/blogg.uit.no\/kha004\/wp-json\/wp\/v2\/media?parent=66"}],"curies":[{"name":"wp","href":"https:\/\/api.w.org\/{rel}","templated":true}]}}