{"id":70,"date":"2012-05-24T18:12:19","date_gmt":"2012-05-24T16:12:19","guid":{"rendered":"https:\/\/blogg.uit.no\/kha004\/?page_id=70"},"modified":"2025-01-07T13:51:21","modified_gmt":"2025-01-07T12:51:21","slug":"om-meg-2","status":"publish","type":"page","link":"https:\/\/blogg.uit.no\/kha004\/om-meg-2\/","title":{"rendered":"Om meg"},"content":{"rendered":"<table>\n<tbody>\n<tr>\n<td>Hei, Jeg heter Ketil Lenert Hansen (f\u00f8dt i 1975) og er professor i helsevitenskap ved Det helsevitenskapelige fakultetet,\u00a0 UiT Norges Arktiske Universitetet<\/td>\n<\/tr>\n<\/tbody>\n<\/table>\n<p><span style=\"font-family: 'Open Sans', sans-serif\"><strong>Stillingsbeskrivelse<\/strong><\/span><\/p>\n<ul>\n<li>Professor i helsevitenskap, med urfolksepidemiologi som fagbakgrunn. Ansvarlig for samiske barn og unges levek\u00e5r og psykososial helse<\/li>\n<li>Prosjektleder for forskningsprosjektene\u00a0<a href=\"\/project\/miha\">Mih\u00e1 &#8211; psykososial helse blant samisk ungdom<\/a>,\u00a0<a href=\"https:\/\/sa.uit.no\/project\/arktiskbarndom\">Arktisk barndom &#8211; en studie av vold og overgrep<\/a>\u00a0og\u00a0<a href=\"\/prosjekter\/prosjekt?p_document_id=682536\">Migrasjon og funksjonsnedsettelse<\/a><\/li>\n<li>Forsker i prosjektene\u00a0<a href=\"https:\/\/www.uis.no\/nb\/involvement\">InvolveMENT (UiS)<\/a>\u00a0med ansvar for samisk ungdom,\u00a0\u00a0<a href=\"\/prosjekter\/prosjekt?p_document_id=680932\">UngKven &#8211; Nuorikv\u00e4\u00e4ni\u00a0<\/a>og\u00a0<a href=\"\/project\/kasuta\">KASUTA: \u00c5 vokse opp\u00a0<\/a><\/li>\n<li>Styremedlem som representant for Helsefakultetet ved UiT i<a href=\"\/project\/likestilling\/lm-utvalget\">\u00a0Likestilling- og mangfoldsutvalg<\/a><\/li>\n<li>Medlem i den nasjonale styringsgruppen til Bufdirs prosjekt\u00a0<a href=\"https:\/\/www.bufdir.no\/vold\/tryggest\/\">TryggEST-vern for risikoutsatte voksne<\/a><\/li>\n<li>Kommisjonsmedlem i\u00a0<a href=\"https:\/\/www.thelancet.com\/journals\/lancet\/article\/PIIS0140-6736(22)00153-2\/fulltext\">Accelerating Indigenous health and wellbeing: the Lancet Commission on Arctic and Northern Health<\/a><\/li>\n<li>Kommisjonsmedlem i\u00a0<a href=\"https:\/\/www.sciencedirect.com\/science\/article\/pii\/S0140673621027197?via%3Dihub\">The health and wellbeing of Indigenous adolescents: a global collective for an equitable and sustainable future<\/a><\/li>\n<li>Medlem av The UArctic Thematic Network on Health and Well-being in the Arctic (TN) prosjektene\u00a0<a href=\"https:\/\/www.uarctic.org\/news\/2023\/8\/kick-off-project-meeting-to-strengthening-circumpolar-network-in-arctic-health-research\/\">Strengthening circumpolar network in Arctic health research<\/a>\u00a0og\u00a0<a href=\"https:\/\/www.uarctic.org\/news\/2023\/9\/workshop-updates-circumpolar-maternal-and-child-health-discussed-the-values-based-and-culture-informed-health-services-and-research-in-circumpolar-maternal-health\/\">Circumpolar Maternal and Child Based and Culture Informed Health Services and Research in Circunmpolar Maternal Health<\/a><\/li>\n<li>Representerte Norge i\u00a0<a href=\"https:\/\/www.fulbrightprogram.org\/fulbright-arctic-initiative-promotes-community-based-policy-solutions-to-shared-arctic-challenges\/\">Fulbright Arctic Initiative Cohort 3<\/a>, i 2021-23<\/li>\n<li>I styringsgruppen til\u00a0<a href=\"https:\/\/ispcan.org\/congresses\/ispcan-congress-sweden-2024\/\">ISPCAN kongressen 2024<\/a>: The Congress theme Working Together in Times of Crisis, Uppsala, Sverge<\/li>\n<li>Medlem i\u00a0<a href=\"https:\/\/www.finnmarkssykehuset.no\/fag-og-forskning\/sanks\/kompetansetjeneste\/fou-enheten\/fou-styret\">SANKS FoU styret<\/a><\/li>\n<\/ul>\n<p><em>I betenkningen til min n\u00e5v\u00e6rende stilling het det<\/em>: \u00abArbeidsoppgavene vil inneb\u00e6re forskning, undervisning, tjenestest\u00f8tte, veiledning og formidling\u00bb. \u00abI Stillingen vil det bli lagt vekt p\u00e5 at instituttet har i sitt samfunnsmandat et s\u00e6rlig ansvar for \u00e5 utvikle kultursensitiv kompetanse i arbeid med den samiske urbefolkningen. Oppgavene vil inkludere det \u00e5 sette i gang og drive fram nye prosjekter i n\u00e6r samhandling med tjenester p\u00e5 barn- og ungefeltet. Formidling av kunnskap er sentral i denne stillingen.<\/p>\n<p>Du finner meg p\u00e5:\u00a0<a href=\"https:\/\/uit.no\/ansatte\/person?p_document_id=43511\">personkort <\/a>ved UiT,\u00a0<a href=\"https:\/\/wo.cristin.no\/as\/WebObjects\/cristin.woa\/wa\/personVis?type=PERSON&amp;pnr=57622&amp;inst=186\" target=\"_blank\" rel=\"noopener\">Forskerprofil i Cristin<\/a>.<\/p>\n<p style=\"text-align: center\"><a href=\"https:\/\/blogg.uit.no\/kha004\/wp-content\/uploads\/sites\/44\/2012\/05\/ketillenerthansen-1-2.jpg\"><img fetchpriority=\"high\" fetchpriority=\"high\" decoding=\"async\" class=\"alignright wp-image-98\" src=\"https:\/\/blogg.uit.no\/kha004\/wp-content\/uploads\/sites\/44\/2012\/05\/ketillenerthansen-1-2-786x1024.jpg\" alt=\"\" width=\"350\" height=\"456\" srcset=\"https:\/\/blogg.uit.no\/kha004\/wp-content\/uploads\/sites\/44\/2012\/05\/ketillenerthansen-1-2-786x1024.jpg 786w, https:\/\/blogg.uit.no\/kha004\/wp-content\/uploads\/sites\/44\/2012\/05\/ketillenerthansen-1-2-230x300.jpg 230w\" sizes=\"(max-width: 350px) 100vw, 350px\" \/><\/a><\/p>\n","protected":false},"excerpt":{"rendered":"<p>Hei, Jeg heter Ketil Lenert Hansen (f\u00f8dt i 1975) og er professor i helsevitenskap ved Det helsevitenskapelige fakultetet,\u00a0 UiT Norges Arktiske Universitetet Stillingsbeskrivelse Professor i helsevitenskap, med urfolksepidemiologi som fagbakgrunn. Ansvarlig for samiske barn og unges levek\u00e5r og psykososial helse &hellip; <a href=\"https:\/\/blogg.uit.no\/kha004\/om-meg-2\/\">Continue reading <span class=\"meta-nav\">&rarr;<\/span><\/a><\/p>\n","protected":false},"author":72,"featured_media":0,"parent":0,"menu_order":0,"comment_status":"closed","ping_status":"closed","template":"","meta":{"_et_pb_use_builder":"","_et_pb_old_content":"","_et_gb_content_width":"","footnotes":""},"class_list":["post-70","page","type-page","status-publish","hentry"],"featured_image_src":"","featured_image_src_square":false,"rbea_author_info":{"display_name":"Ketil Lenert Hansen","author_link":"https:\/\/blogg.uit.no\/kha004\/author\/ketil-lenert-hansen\/"},"rbea_excerpt_info":"Hei, Jeg heter Ketil Lenert Hansen (f\u00f8dt i 1975) og er professor i helsevitenskap ved Det helsevitenskapelige fakultetet,\u00a0 UiT Norges Arktiske Universitetet Stillingsbeskrivelse Professor i helsevitenskap, med urfolksepidemiologi som fagbakgrunn. Ansvarlig for samiske barn og unges levek\u00e5r og psykososial helse &hellip; <a href=\"https:\/\/blogg.uit.no\/kha004\/om-meg-2\/\">Continue reading <span class=\"meta-nav\">&rarr;<\/span><\/a>","_links":{"self":[{"href":"https:\/\/blogg.uit.no\/kha004\/wp-json\/wp\/v2\/pages\/70","targetHints":{"allow":["GET"]}}],"collection":[{"href":"https:\/\/blogg.uit.no\/kha004\/wp-json\/wp\/v2\/pages"}],"about":[{"href":"https:\/\/blogg.uit.no\/kha004\/wp-json\/wp\/v2\/types\/page"}],"author":[{"embeddable":true,"href":"https:\/\/blogg.uit.no\/kha004\/wp-json\/wp\/v2\/users\/72"}],"replies":[{"embeddable":true,"href":"https:\/\/blogg.uit.no\/kha004\/wp-json\/wp\/v2\/comments?post=70"}],"version-history":[{"count":25,"href":"https:\/\/blogg.uit.no\/kha004\/wp-json\/wp\/v2\/pages\/70\/revisions"}],"predecessor-version":[{"id":884,"href":"https:\/\/blogg.uit.no\/kha004\/wp-json\/wp\/v2\/pages\/70\/revisions\/884"}],"wp:attachment":[{"href":"https:\/\/blogg.uit.no\/kha004\/wp-json\/wp\/v2\/media?parent=70"}],"curies":[{"name":"wp","href":"https:\/\/api.w.org\/{rel}","templated":true}]}}