{"id":105,"date":"2012-03-29T10:32:56","date_gmt":"2012-03-29T08:32:56","guid":{"rendered":"https:\/\/blogg.uit.no\/llu001\/?page_id=105"},"modified":"2012-03-29T10:33:38","modified_gmt":"2012-03-29T08:33:38","slug":"steindromt","status":"publish","type":"page","link":"https:\/\/blogg.uit.no\/llu001\/bibliografi\/steindromt\/","title":{"rendered":"Steindr\u00f8mt"},"content":{"rendered":"<p>POESI 1985<\/p>\n<p>I<\/p>\n<p>et gr\u00e5g\u00f8nt blikk<br \/>\nlangsomt stanset regnet<br \/>\n\ttil is<\/p>\n<p>\ti \u00f8yet<br \/>\net lukket speil<br \/>\n\u00e5pner sitt m\u00f8rke<br \/>\n\tmenneske<br \/>\ni forferdelse<\/p>\n<p>*<\/p>\n<p>\trisiko<br \/>\n\tsvart<br \/>\nkjerne av motstand<br \/>\n\ti fingrene<br \/>\n\tinstrument<br \/>\nskrekken til musikk<\/p>\n<p>h\u00f8sten sloknet<\/p>\n<p>de dyrebare tr\u00e6rne<br \/>\n\tog barna<br \/>\ner blitt svarte stikk<\/p>\n<p>*<\/p>\n<p>m\u00f8rket snakker<br \/>\n\tsitt punkt<br \/>\n\ti taushet<\/p>\n<p>isen har satt seg<br \/>\n\ti kl\u00e6rne<br \/>\n\tjeg hogger<br \/>\nmot alt som har vokst<br \/>\n\tover hodet<\/p>\n<p>*<\/p>\n<p>\tjeg har<br \/>\nglattet huden<br \/>\n\ttil smil<br \/>\nklipt blikket<br \/>\n\tinnsikt<br \/>\nstirrer speil<br \/>\n\ti tvil<\/p>\n<p>sk\u00e5ret hjertet<br \/>\n\ttil forstanden<\/p>\n<p>*<\/p>\n<p>ansikt p\u00e5 botnen<br \/>\n\ti t\u00e5rnets<br \/>\n\tfjell<br \/>\nh\u00f8yden stiger<br \/>\n\tdin motstand<\/p>\n<p>*<\/p>\n<p>\tet ansikt<br \/>\n\ti munnen<br \/>\nsom aldri har snakket<br \/>\n\tut<br \/>\n\tover lyset<br \/>\nstjernene sprekker<br \/>\n\tdu tr\u00f8r<br \/>\n\tfor ditt liv<br \/>\nbeveger deg seint<\/p>\n<p>*<\/p>\n<p>sn\u00f8en har lagt<br \/>\n\tsitt \u00f8ye<br \/>\n\tmot mitt<\/p>\n<p>munnen fryser<\/p>\n<p>jeg legger inn<br \/>\n\ten brann<br \/>\n\ti dr\u00f8m<\/p>\n<p>*<\/p>\n<p>isen, speil<br \/>\n\tog striper<\/p>\n<p>i munnhulen<br \/>\n\tet spr\u00e5k<br \/>\n\tsom slikker<br \/>\nvinteren til bilder<\/p>\n<p>*<\/p>\n<p>m\u00f8rke dikt<br \/>\n\tflerret ut<br \/>\ni et kaldt liv<\/p>\n<p>bankende fjell<br \/>\n\ti \u00f8yet<br \/>\n\tet hull<br \/>\nsom m\u00e5 fylles<\/p>\n<p>*<\/p>\n<p>jeg skriver<br \/>\n\tsn\u00f8en<br \/>\n\tsn\u00f8gud<br \/>\nmin steinhud<\/p>\n<p>skriver sn\u00f8<\/p>\n<p>steinpunkter<br \/>\n\tbeskjed<\/p>\n<p>sm\u00e5 pakker<br \/>\nstein i fred<\/p>\n<p>*<\/p>\n<p>steinhode, sl\u00e5<br \/>\n\tdine dager<br \/>\n\tfast<br \/>\n\tet barn<br \/>\n\ti h\u00e5nda<br \/>\net stykke br\u00f8d<\/p>\n<p>*<\/p>\n<p>\tviklet inn<br \/>\ni kulde og sn\u00f8<br \/>\n\trolig n\u00e5<br \/>\net lammet helvete<\/p>\n<p>hendene knyttet<br \/>\n\tkulda<br \/>\n\tmot m\u00f8rket<br \/>\nhardt, uten sorg<\/p>\n<p>ned til det siste<br \/>\n\tsaltfrosne<br \/>\n\thimmelgrep<\/p>\n<p>\tgitter<br \/>\n\tav sn\u00f8tind<br \/>\nsmertefritt punkt<\/p>\n<p>*<\/p>\n<p>\ten stein<br \/>\n\t\u00e5 ende med<br \/>\netter alle skyggene<br \/>\n\tet sted<br \/>\ntil jorda tar slutt<br \/>\n\ten stein<br \/>\n\u00e5 b\u00f8ye sin tanke mot<br \/>\n\tall sn\u00f8<br \/>\n\tsom minner<br \/>\nom jord skal bort<br \/>\n\ten tanke<br \/>\n\tstein<br \/>\net sted \u00e5 begynne<\/p>\n<p>II<\/p>\n<p>\tbilder<br \/>\n\ti sn\u00f8en<br \/>\ner dette et ansikt<br \/>\n\t\u00e5 gjenkjenne<\/p>\n<p>\thardtrampet<\/p>\n<p>kuldas anatomi<br \/>\nsl\u00e5tt ut i hjertet<\/p>\n<p>\t\u00e5pne svelg<br \/>\n\tom bildene<br \/>\nsom faller steindr\u00f8mt<\/p>\n<p>*<\/p>\n<p>den dyrebare<br \/>\n\tskrekken<\/p>\n<p>barndommen f\u00f8r<br \/>\n\tdu brister<\/p>\n<p>b\u00f8lgene sp\u00f8r<br \/>\n\tbarndommen<br \/>\ndu har glemt<\/p>\n<p>*<\/p>\n<p>stein i munnen<br \/>\n\tskam<br \/>\ns\u00e5 fattig er ingen her<br \/>\ni dette huset av<br \/>\n\tsvarte<br \/>\n\tvintertr\u00e6r<\/p>\n<p>*<\/p>\n<p>\tmor ned<br \/>\n\truiner<\/p>\n<p>far som elsket<br \/>\n\talltid<\/p>\n<p>tomme n\u00e6rv\u00e6r<br \/>\n\tgravd ned<br \/>\n\ti lufta<br \/>\nrundt meg hull<\/p>\n<p>mangelen foran meg<br \/>\n\tframtid<\/p>\n<p>*<\/p>\n<p>\tstein\u00f8ye<br \/>\n\tblindt<br \/>\ni selvportrettet<\/p>\n<p>kan ikke se<br \/>\n\tselvmordet<\/p>\n<p>\u00e5pne revner lyset<\/p>\n<p>*<\/p>\n<p>flammende agenter<\/p>\n<p>ansikter mot uro<\/p>\n<p>\tbak glass<br \/>\npolstret inne<br \/>\n\ti reimer<br \/>\ngjennom alltid<\/p>\n<p>*<\/p>\n<p>\tstein ut<br \/>\nsprekkene i brystet<\/p>\n<p>\tdesperate<br \/>\n\toverfall<\/p>\n<p>springer som kniver<br \/>\n\tskj\u00e6rer<br \/>\n\tsom smil<br \/>\ndu kommer til \u00e5 angre<\/p>\n<p>*<\/p>\n<p>\tfjell<br \/>\nhva venter de p\u00e5<\/p>\n<p>et lukket menneske<br \/>\n\tknust<\/p>\n<p>h\u00f8rer dr\u00f8mmene til<\/p>\n<p>\tkraften<br \/>\nplutselig farlig<br \/>\n\tkan se<\/p>\n<p>\thva jeg er<\/p>\n<p>*<\/p>\n<p>overalt kropp<\/p>\n<p>du kan tilh\u00f8re<br \/>\n\talle<\/p>\n<p>jeg spiller<br \/>\n\tfor \u00e5 vinne<\/p>\n<p>\tpusten<br \/>\n\ten vinter<br \/>\nblant andre fjell<br \/>\n\ten rus, en rus<br \/>\nav sn\u00f8 og labyrinter<\/p>\n<p>ub\u00f8nnh\u00f8rlig stein<\/p>\n<p>*<\/p>\n<p>metallm\u00f8rke<br \/>\n\tnetter<br \/>\n\tsmaker<br \/>\nsalte hjerter<br \/>\nsom rekdr\u00f8mmer<br \/>\n\tlys<\/p>\n<p>*<\/p>\n<p>\tnatt og naken<br \/>\nstillheten i d\u00f8ra<br \/>\n\tsn\u00f8barn<\/p>\n<p>duften av nattsteiner<br \/>\ns\u00f8stre i kroppen<br \/>\n\tutveksler<br \/>\nhud mot kulde<\/p>\n<p>*<\/p>\n<p>fjellet ute<br \/>\n\tgr\u00e5dig<br \/>\netter \u00e5 bli<br \/>\n\tfylt<\/p>\n<p>inn overalt<\/p>\n<p>jeg er redd, jeg vil<\/p>\n<p>*<\/p>\n<p>vinterbegj\u00e6r<br \/>\n\tgjennom is<\/p>\n<p>\thull  vrenges<br \/>\ntil sverdklinge<\/p>\n<p>\thodet, ruin<br \/>\nhar mistet<br \/>\n\ten himmel<\/p>\n<p>*<\/p>\n<p>\u00e5 gli erotisk<br \/>\n\tstein<br \/>\ni alle \u00e5rene<br \/>\ni vev av bryst<br \/>\n\tog hofters<br \/>\n\tslag<br \/>\net lukket \u00f8yeblikk<br \/>\n\tjeg glir<br \/>\n\tav timer<\/p>\n<p>*<\/p>\n<p>stigende hete<br \/>\n\tforstand<\/p>\n<p>\tet m\u00f8te<br \/>\nstuger inn<\/p>\n<p>i blomstrende byer<br \/>\nfontener av ord<br \/>\n\tnetter<br \/>\n\tstyrter<br \/>\nskrik som elsker<br \/>\nde spinkle broene<br \/>\n\tsteinsatt<\/p>\n<p>*<\/p>\n<p>\tsn\u00f8<br \/>\ni \u00f8yet av meg<\/p>\n<p>ryste i fjell<br \/>\n\tglansen<br \/>\nfjellet st\u00f8ter<br \/>\ninn i meg<br \/>\n\tstjernetegn<\/p>\n<p>*<\/p>\n<p>kuldas elsker<br \/>\n\tdirrende<\/p>\n<p>\t\u00f8yet svart<\/p>\n<p>steinliv jeg ikke<br \/>\n\tangrer<br \/>\ndrypper i h\u00e5nda<\/p>\n<p>to dyr vekker meg<br \/>\n\tnaken<\/p>\n<p>*<\/p>\n<p>III<\/p>\n<p>\tingen frelse<br \/>\neller forf\u00f8relse<br \/>\n\tbarre<br \/>\n\tsannheten<br \/>\ni mine \u00f8yeblikk<\/p>\n<p>en dyrket frostform<br \/>\n\ti steinhage<br \/>\n\tm\u00e5nen<br \/>\nover fjellene<\/p>\n<p>under fjellet<br \/>\n\tet sekund<\/p>\n<p>\ti raset<br \/>\nmitt ansikt<\/p>\n<p>*<\/p>\n<p>jeg er ren<br \/>\n\tvinter<br \/>\nskinnende fri<br \/>\ns\u00e5 lenge jeg g\u00e5r<\/p>\n<p>jeg er frivillig<br \/>\n\tavstand<br \/>\ni synsranda<br \/>\n\tog forst\u00e5r<\/p>\n<p>den lange vegen<br \/>\n\ti vinteren<\/p>\n<p>*<\/p>\n<p>\tlys<br \/>\ni forveksling<br \/>\n\ttil stein<br \/>\np\u00e5 din \u00e5pne<br \/>\n\tmorgen<\/p>\n<p>m\u00f8rket bl\u00e5tt<br \/>\n\tover byen<br \/>\ndugg i stein<br \/>\n\tp\u00e5 randen<br \/>\nen anelse, et grep<\/p>\n<p>*<\/p>\n<p>\tmildt<br \/>\nstille, vidt<br \/>\nvilt og kvitt<br \/>\n\tstillheten<br \/>\ner fylt av lyd<br \/>\n\ten by<br \/>\n\u00e5 lete etter<br \/>\n\tfjellet i<\/p>\n<p>\tvudere<\/p>\n<p>*<\/p>\n<p>stein i skred<br \/>\n\traser<br \/>\n\tbilder<br \/>\ni f\u00f8ttene<br \/>\n\tg\u00e5tt ut<br \/>\n\tsom glede<br \/>\ni horisontene<br \/>\n\thud<\/p>\n<p>*<\/p>\n<p>\tsn\u00f8latter<br \/>\nbl\u00e5ser pusten<br \/>\n\ttil visshet<\/p>\n<p>et fjell som lys<br \/>\n\tover dypet<\/p>\n<p>\tenglestige<\/p>\n<p>*<\/p>\n<p>det er steinet<\/p>\n<p>stjerner, engler<br \/>\n\tbl\u00e5st fri<br \/>\nskriver brent<br \/>\n\ttil et punkt<\/p>\n<p>\tsteinet ut<br \/>\nav stillheten<br \/>\n\tp\u00e5 vegene<br \/>\nder verden g\u00e5r<\/p>\n<p>steintegnet<br \/>\n\t\u00e5pen<\/p>\n<p>*<\/p>\n<p>stein i munnen<br \/>\n\tgullstein<br \/>\ningen kan knuse<br \/>\n\tmed tennene<br \/>\nskj\u00e6re med kniv<\/p>\n<p>stein med munnen<br \/>\n\ti gullsand<br \/>\net ord i lufta<br \/>\n\tp\u00e5 stjernefot<\/p>\n<p>*<\/p>\n<p>steinhode, sl\u00e5<\/p>\n<p>stein\u00f8ye, se<\/p>\n<p>s\u00e5 mye jeg kan<br \/>\n\tsom utro<\/p>\n<p>steintunge<br \/>\n\tslikk meg<br \/>\n\tren og salt<br \/>\nog saltere, fugl<br \/>\n\tsom tang<br \/>\n\ti hud<\/p>\n<p>et rent blikk<br \/>\net svart lys<br \/>\n\tp\u00e5 dypet<br \/>\nvi forsvinner<\/p>\n<p>*<\/p>\n<p>IV<\/p>\n<p>gjennom m\u00f8rket<br \/>\n\tmed deg<br \/>\nmitt steinblikk<br \/>\nmin steingutts<br \/>\n\tharde lepper<br \/>\nkysser eneste livet<br \/>\n\ti meg<br \/>\n\tbare slik<br \/>\ner jeg gitt<br \/>\n\tf\u00f8lelse<br \/>\n\ti stein<\/p>\n<p>*<\/p>\n<p>drikk ut en grense<br \/>\n\tbegj\u00e6r<\/p>\n<p>kan ikke sv\u00f8mme<br \/>\n\tsvelget<br \/>\nblomstersvart<br \/>\n\tjeg er<br \/>\n\thengitt<\/p>\n<p>til d\u00f8den, stein<\/p>\n<p>*<\/p>\n<p>\tdu tenner<br \/>\nflammer i smerten<br \/>\n\t\u00e5penhet<\/p>\n<p>brenner blikket<br \/>\ntil forvandling<br \/>\n\ti smerten<br \/>\n\tlyst<\/p>\n<p>som smelter stein<\/p>\n<p>*<\/p>\n<p>ringer i stein<br \/>\n\tavsted<br \/>\nover himmelrygger<\/p>\n<p>\talt er ber\u00f8rt<br \/>\ni vinterens ravgale<br \/>\n\thengivelse<\/p>\n<p>*<\/p>\n<p>dr\u00f8mmen jeg fl\u00f8y<br \/>\n\tsom toner<br \/>\n\ts\u00e5 langt<br \/>\nmin lidenskap<br \/>\n\tfanget<br \/>\n\tet fjell<br \/>\naleine i meg<br \/>\nvar en kjerne<\/p>\n<p>n\u00e5 er jeg klar<br \/>\n\tsom en rus<br \/>\n\ti fjellet ut<\/p>\n<p>*<\/p>\n<p>\ti steinen<br \/>\ner en sverdgutt<br \/>\n\tp\u00e5 veg ut<\/p>\n<p>min sjel i to<\/p>\n<p>et steinkutt<br \/>\n\tsom s\u00f8lv<\/p>\n<p>\tsverdhimmel<\/p>\n<p>*<\/p>\n<p>jeg er her enn\u00e5<br \/>\n\tstjerner<br \/>\n\tsmeltet<\/p>\n<p>\tjeg saler opp<br \/>\nunder morgenlyset<br \/>\nog rir i den gylne<br \/>\n\tforsvinninga<\/p>\n<p>*<\/p>\n<p>steindatter ut<br \/>\n\tetter lyset<br \/>\navtrykk av dyret<br \/>\n\tp\u00e5 vakt<br \/>\nsteinhud ditt skrik<\/p>\n<p>sannheten frost<br \/>\n\ti br\u00f8nnen<br \/>\nto fugler som t\u00e5rer<br \/>\n\tp\u00e5 botn<br \/>\ner steinen din<\/p>\n","protected":false},"excerpt":{"rendered":"<p>POESI 1985 I et gr\u00e5g\u00f8nt blikk langsomt stanset regnet til is i \u00f8yet et lukket speil \u00e5pner sitt m\u00f8rke menneske i forferdelse * risiko svart kjerne av motstand i fingrene instrument skrekken til musikk h\u00f8sten sloknet de dyrebare tr\u00e6rne og &hellip; <a href=\"https:\/\/blogg.uit.no\/llu001\/bibliografi\/steindromt\/\">Continue reading <span class=\"meta-nav\">&rarr;<\/span><\/a><\/p>\n","protected":false},"author":73,"featured_media":0,"parent":15,"menu_order":0,"comment_status":"open","ping_status":"closed","template":"","meta":{"_et_pb_use_builder":"","_et_pb_old_content":"","_et_gb_content_width":"","footnotes":""},"class_list":["post-105","page","type-page","status-publish","hentry"],"featured_image_src":"","featured_image_src_square":false,"rbea_author_info":{"display_name":"arn104","author_link":"https:\/\/blogg.uit.no\/llu001\/author\/arn104\/"},"rbea_excerpt_info":"POESI 1985 I et gr\u00e5g\u00f8nt blikk langsomt stanset regnet til is i \u00f8yet et lukket speil \u00e5pner sitt m\u00f8rke menneske i forferdelse * risiko svart kjerne av motstand i fingrene instrument skrekken til musikk h\u00f8sten sloknet de dyrebare tr\u00e6rne og &hellip; <a href=\"https:\/\/blogg.uit.no\/llu001\/bibliografi\/steindromt\/\">Continue reading <span class=\"meta-nav\">&rarr;<\/span><\/a>","_links":{"self":[{"href":"https:\/\/blogg.uit.no\/llu001\/wp-json\/wp\/v2\/pages\/105","targetHints":{"allow":["GET"]}}],"collection":[{"href":"https:\/\/blogg.uit.no\/llu001\/wp-json\/wp\/v2\/pages"}],"about":[{"href":"https:\/\/blogg.uit.no\/llu001\/wp-json\/wp\/v2\/types\/page"}],"author":[{"embeddable":true,"href":"https:\/\/blogg.uit.no\/llu001\/wp-json\/wp\/v2\/users\/73"}],"replies":[{"embeddable":true,"href":"https:\/\/blogg.uit.no\/llu001\/wp-json\/wp\/v2\/comments?post=105"}],"version-history":[{"count":2,"href":"https:\/\/blogg.uit.no\/llu001\/wp-json\/wp\/v2\/pages\/105\/revisions"}],"predecessor-version":[{"id":107,"href":"https:\/\/blogg.uit.no\/llu001\/wp-json\/wp\/v2\/pages\/105\/revisions\/107"}],"up":[{"embeddable":true,"href":"https:\/\/blogg.uit.no\/llu001\/wp-json\/wp\/v2\/pages\/15"}],"wp:attachment":[{"href":"https:\/\/blogg.uit.no\/llu001\/wp-json\/wp\/v2\/media?parent=105"}],"curies":[{"name":"wp","href":"https:\/\/api.w.org\/{rel}","templated":true}]}}