{"id":13,"date":"2012-03-05T11:05:58","date_gmt":"2012-03-05T10:05:58","guid":{"rendered":"https:\/\/blogg.uit.no\/llu001\/?page_id=13"},"modified":"2015-04-29T13:44:46","modified_gmt":"2015-04-29T11:44:46","slug":"andre-publikasjoner","status":"publish","type":"page","link":"https:\/\/blogg.uit.no\/llu001\/andre-publikasjoner\/","title":{"rendered":"Andre produksjoner"},"content":{"rendered":"<h3>Steinrosetoner. Poesi-musikk-danseprogram. Rikskonstertene 1987-89<\/h3>\n<p>Stein &#8211; Roser. Samarbeid med Knut Erik Jensen. Fjernsynet i N-N 1990<\/p>\n<p><a href=\"http:\/\/www.hum.uit.no\/a\/lundberg\/EN%20SKARVE%20ENGEL.htm\">En skarve engel i Brutalia, Verk for sopran og klaver i samarbeid med Gunnar Germeten jr, 1990<\/a><\/p>\n<p>Dikt fra Iverksatt i samarbeid med Bernt Simen Lund (cello), N-N Kunstmuseum, 2002<\/p>\n<p>Bilde av et menneske, forestilling med Bernt Simen Lund (akustisk og elektrisk cello), LITTERATEN 2003, SU-dagene 2006. Bilde av et menneske 26.02.2008 <a href=\"http:\/\/www.hum.uit.no\/a\/lundberg\/lyd\/Track01.mp3\">Del 1<\/a> <a href=\"http:\/\/www.hum.uit.no\/a\/lundberg\/lyd\/Track02.mp3\">Del 2<\/a> (mp3)<\/p>\n<p><a href=\"http:\/\/www.hum.uit.no\/a\/lundberg\/doc\/Atlantis.doc\">Atlantis<\/a>, unasjonalt dikt, Sigrid Undset-dagene, Lillehammer 2002, framf\u00f8rt sm m BS Lund, \u00e5pning av P.E.N. verdenskongress, Troms\u00f8 2004<\/p>\n<p>Himmelen, hjertegr\u00e5, dikt Dagbladet, P\u00e5 den 7ende dag 1994<\/p>\n<p>&nbsp;<\/p>\n<p>&nbsp;<\/p>\n","protected":false},"excerpt":{"rendered":"<p>Steinrosetoner. Poesi-musikk-danseprogram. Rikskonstertene 1987-89 Stein &#8211; Roser. Samarbeid med Knut Erik Jensen. Fjernsynet i N-N 1990 En skarve engel i Brutalia, Verk for sopran og klaver i samarbeid med Gunnar Germeten jr, 1990 Dikt fra Iverksatt i samarbeid med Bernt &hellip; <a href=\"https:\/\/blogg.uit.no\/llu001\/andre-publikasjoner\/\">Continue reading <span class=\"meta-nav\">&rarr;<\/span><\/a><\/p>\n","protected":false},"author":73,"featured_media":0,"parent":0,"menu_order":5,"comment_status":"closed","ping_status":"closed","template":"","meta":{"_et_pb_use_builder":"","_et_pb_old_content":"","_et_gb_content_width":"","footnotes":""},"class_list":["post-13","page","type-page","status-publish","hentry"],"featured_image_src":"","featured_image_src_square":false,"rbea_author_info":{"display_name":"arn104","author_link":"https:\/\/blogg.uit.no\/llu001\/author\/arn104\/"},"rbea_excerpt_info":"Steinrosetoner. Poesi-musikk-danseprogram. Rikskonstertene 1987-89 Stein &#8211; Roser. Samarbeid med Knut Erik Jensen. Fjernsynet i N-N 1990 En skarve engel i Brutalia, Verk for sopran og klaver i samarbeid med Gunnar Germeten jr, 1990 Dikt fra Iverksatt i samarbeid med Bernt &hellip; <a href=\"https:\/\/blogg.uit.no\/llu001\/andre-publikasjoner\/\">Continue reading <span class=\"meta-nav\">&rarr;<\/span><\/a>","_links":{"self":[{"href":"https:\/\/blogg.uit.no\/llu001\/wp-json\/wp\/v2\/pages\/13","targetHints":{"allow":["GET"]}}],"collection":[{"href":"https:\/\/blogg.uit.no\/llu001\/wp-json\/wp\/v2\/pages"}],"about":[{"href":"https:\/\/blogg.uit.no\/llu001\/wp-json\/wp\/v2\/types\/page"}],"author":[{"embeddable":true,"href":"https:\/\/blogg.uit.no\/llu001\/wp-json\/wp\/v2\/users\/73"}],"replies":[{"embeddable":true,"href":"https:\/\/blogg.uit.no\/llu001\/wp-json\/wp\/v2\/comments?post=13"}],"version-history":[{"count":10,"href":"https:\/\/blogg.uit.no\/llu001\/wp-json\/wp\/v2\/pages\/13\/revisions"}],"predecessor-version":[{"id":338,"href":"https:\/\/blogg.uit.no\/llu001\/wp-json\/wp\/v2\/pages\/13\/revisions\/338"}],"wp:attachment":[{"href":"https:\/\/blogg.uit.no\/llu001\/wp-json\/wp\/v2\/media?parent=13"}],"curies":[{"name":"wp","href":"https:\/\/api.w.org\/{rel}","templated":true}]}}