{"id":148,"date":"2012-08-07T14:42:13","date_gmt":"2012-08-07T12:42:13","guid":{"rendered":"https:\/\/blogg.uit.no\/llu001\/?page_id=148"},"modified":"2012-08-08T13:02:08","modified_gmt":"2012-08-08T11:02:08","slug":"faiha-abdulhadi-palestina","status":"publish","type":"page","link":"https:\/\/blogg.uit.no\/llu001\/gjendiktninger\/faiha-abdulhadi-palestina\/","title":{"rendered":"Faiha Abdulhadi, Palestina"},"content":{"rendered":"<p><strong><\/strong>Gjendiktet fra engelsk av Liv Lundberg<\/p>\n<p><strong><em>En regnbue<\/em><\/strong><\/p>\n<p>Raed Hammoudeh (Al Bireh) 30 \u00e5r:<\/p>\n<p>Jeg holder ikke utkikk etter overv\u00e5kningskameraer<\/p>\n<p>jeg holder ansiktet dekket<\/p>\n<p>jeg f\u00e5r \u00f8ye p\u00e5 ham<\/p>\n<p>jeg f\u00e5r \u00f8ye p\u00e5<\/p>\n<p>en skarpskytter med lyddemper<\/p>\n<p>han f\u00e5r \u00f8ye p\u00e5 min overbevisning<\/p>\n<p>f\u00e5r \u00f8ye p\u00e5 glimtene fra eksplosjonen<\/p>\n<p>&nbsp;<\/p>\n<p>*<\/p>\n<p>Muhammed Al-Dura (Breij flyktningeleir) Gazzah 12 \u00e5r:<\/p>\n<p>Bildet av meg blusser p\u00e5 veggen<\/p>\n<p>smilet mitt smelter bak ryggen til far<\/p>\n<p>gi meg tilbake skolesekken min<\/p>\n<p>tegneblokka mi<\/p>\n<p>og plassen blant br\u00f8drene mine<\/p>\n<p>ved middagsbordet<\/p>\n<p>v\u00e5re daglige krangler<\/p>\n<p>mine sanger<\/p>\n<p>pulten min p\u00e5 skolen<\/p>\n<p>mors omfavnelser<\/p>\n<p>og ta ned bildet mitt fra veggen<\/p>\n<p>&nbsp;<\/p>\n<p>*<\/p>\n<p>Jihad Mahmoud Al-Alool (Nablus) 23 \u00e5r:<\/p>\n<p>Josef, jeg kommer<\/p>\n<p>sammen med br\u00f8drene mine<\/p>\n<p>med hodet h\u00f8yt hevet<\/p>\n<p>jeg vandrer mot solstr\u00e5lene<\/p>\n<p>jeg flyr<\/p>\n<p>med belte av ild rundt livet<\/p>\n<p>en rytter mot vinden<\/p>\n<p>i kappl\u00f8p med stjernene<\/p>\n<p>jeg favner himmelen<\/p>\n<p>klatrer i skybankene<\/p>\n<p>jeg drar i solstr\u00e5lene<\/p>\n<p>jeg former<\/p>\n<p>en regnbue<\/p>\n<p>jeg holder Jarzim og Ibal i armene mine<\/p>\n<p>og faller I s\u00f8vn<\/p>\n<p>&nbsp;<\/p>\n<p>*<\/p>\n<p>Hasan Hasanen (Shatila flyktningeleir) 23 \u00e5r:<\/p>\n<p>Jeg drakk aldri jordens olje<\/p>\n<p>jeg h\u00f8stet aldri oliventr\u00e6rne<\/p>\n<p>men<\/p>\n<p>jeg b\u00e6rer jorden p\u00e5 netthinna<\/p>\n<p>jeg har aldri v\u00e6rt der<\/p>\n<p>har aldri satt fot p\u00e5 jordens gress<\/p>\n<p>men jeg begraver meg i bildet av jorden<\/p>\n<p>og slumrer inn<\/p>\n<p>&nbsp;<\/p>\n<p>*<\/p>\n<p>Sarah Abdul-Haq (kosra) Nablus 2 \u00e5r:<\/p>\n<p>Krigens guder<\/p>\n<p>de store stridsvognene<\/p>\n<p>kampflyene<\/p>\n<p>kommer for \u00e5 ta meg<\/p>\n<p>jeg leter etter<\/p>\n<p>kj\u00e6rlighetsgudene<\/p>\n<p>regnbuens farger<\/p>\n<p>mors fang<\/p>\n<p>&nbsp;<\/p>\n<p>*<\/p>\n<p>Shadi Al-Wawi (Al Fawar flyktningeleir) Hebron 22 \u00e5r:<\/p>\n<p>Kompasset mitt<\/p>\n<p>computeren min<\/p>\n<p>mine romkamerater<\/p>\n<p>fotballen min<\/p>\n<p>passeren min<\/p>\n<p>byen Khartoom<\/p>\n<p>venter p\u00e5 meg<\/p>\n<p>&nbsp;<\/p>\n<p>mors sjelekval<\/p>\n<p>venter p\u00e5 meg<\/p>\n<p>eksamensfotografiet<\/p>\n<p>venter ikke p\u00e5 meg<\/p>\n<p>&nbsp;<\/p>\n<p>*<\/p>\n<p>Najah Abu Kneis (Gaza):<\/p>\n<p>Jeg bruker en stein<\/p>\n<p>til \u00e5 skyte ned m\u00f8rket<\/p>\n<p>jeg har forst\u00e5tt noe<\/p>\n<p>jeg snur det normale p\u00e5 hodet<\/p>\n<p>jeg fargelegger brevene<\/p>\n<p>jeg krysser havet<\/p>\n<p>jeg endrer valgspr\u00e5k<\/p>\n<p>&nbsp;<\/p>\n<p>Her er det avgj\u00f8rende stedet<\/p>\n<p>her sverget<\/p>\n<p>guttene og jentene<\/p>\n<p>sverget p\u00e5 \u00e5 leve<\/p>\n<p>&nbsp;<\/p>\n<p>*<\/p>\n<p>&nbsp;<\/p>\n<p>Ahmed Ibrahim Siam (Muawyah) Um Al-Fahem 19 \u00e5r:<\/p>\n<p>Jeg kikker ut av krateret i et \u00f8delagt hjem<\/p>\n<p>verden \u00e5pner seg<\/p>\n<p>Han kikker ut av krateret i et \u00f8delagt hjerte<\/p>\n<p>verden krymper<\/p>\n<p>&nbsp;<\/p>\n<p>&nbsp;<\/p>\n<p><strong><em>I landet mitt<\/em><\/strong><\/p>\n<p>&nbsp;<\/p>\n<p>I land ulikt mitt eget<\/p>\n<p>suser enn\u00e5 vinden<\/p>\n<p>b\u00e6rer tr\u00e6rne frukt<\/p>\n<p>har himlene sine soloppganger<\/p>\n<p>elvene flyter enn\u00e5 avsted<\/p>\n<p>havet bruser<\/p>\n<p>regnet faller<\/p>\n<p>folk ler fremdeles<\/p>\n<p>folk kjenner enn\u00e5 savn<\/p>\n<p>&nbsp;<\/p>\n<p>I landet mitt<\/p>\n<p>venter vinden p\u00e5 tillatelse til \u00e5 bl\u00e5se<\/p>\n<p>venter elva p\u00e5 tillatelse til \u00e5 flyte<\/p>\n<p>sm\u00e5fuglen p\u00e5 tillatelse til \u00e5 synge<\/p>\n<p>regnet p\u00e5 tillatelse til \u00e5 gr\u00e5te<\/p>\n<p>&nbsp;<\/p>\n<p>I landet mitt<\/p>\n<p>er det bare hjertet som vokser uten tillatelse<\/p>\n<p>bare friheten som eksploderer uten varsel<\/p>\n","protected":false},"excerpt":{"rendered":"<p>Gjendiktet fra engelsk av Liv Lundberg En regnbue Raed Hammoudeh (Al Bireh) 30 \u00e5r: Jeg holder ikke utkikk etter overv\u00e5kningskameraer jeg holder ansiktet dekket jeg f\u00e5r \u00f8ye p\u00e5 ham jeg f\u00e5r \u00f8ye p\u00e5 en skarpskytter med lyddemper han f\u00e5r \u00f8ye &hellip; <a href=\"https:\/\/blogg.uit.no\/llu001\/gjendiktninger\/faiha-abdulhadi-palestina\/\">Continue reading <span class=\"meta-nav\">&rarr;<\/span><\/a><\/p>\n","protected":false},"author":88,"featured_media":0,"parent":40,"menu_order":0,"comment_status":"open","ping_status":"closed","template":"","meta":{"_et_pb_use_builder":"","_et_pb_old_content":"","_et_gb_content_width":"","footnotes":""},"class_list":["post-148","page","type-page","status-publish","hentry"],"featured_image_src":"","featured_image_src_square":false,"rbea_author_info":{"display_name":"llu001","author_link":"https:\/\/blogg.uit.no\/llu001\/author\/llu001\/"},"rbea_excerpt_info":"Gjendiktet fra engelsk av Liv Lundberg En regnbue Raed Hammoudeh (Al Bireh) 30 \u00e5r: Jeg holder ikke utkikk etter overv\u00e5kningskameraer jeg holder ansiktet dekket jeg f\u00e5r \u00f8ye p\u00e5 ham jeg f\u00e5r \u00f8ye p\u00e5 en skarpskytter med lyddemper han f\u00e5r \u00f8ye &hellip; <a href=\"https:\/\/blogg.uit.no\/llu001\/gjendiktninger\/faiha-abdulhadi-palestina\/\">Continue reading <span class=\"meta-nav\">&rarr;<\/span><\/a>","_links":{"self":[{"href":"https:\/\/blogg.uit.no\/llu001\/wp-json\/wp\/v2\/pages\/148","targetHints":{"allow":["GET"]}}],"collection":[{"href":"https:\/\/blogg.uit.no\/llu001\/wp-json\/wp\/v2\/pages"}],"about":[{"href":"https:\/\/blogg.uit.no\/llu001\/wp-json\/wp\/v2\/types\/page"}],"author":[{"embeddable":true,"href":"https:\/\/blogg.uit.no\/llu001\/wp-json\/wp\/v2\/users\/88"}],"replies":[{"embeddable":true,"href":"https:\/\/blogg.uit.no\/llu001\/wp-json\/wp\/v2\/comments?post=148"}],"version-history":[{"count":4,"href":"https:\/\/blogg.uit.no\/llu001\/wp-json\/wp\/v2\/pages\/148\/revisions"}],"predecessor-version":[{"id":318,"href":"https:\/\/blogg.uit.no\/llu001\/wp-json\/wp\/v2\/pages\/148\/revisions\/318"}],"up":[{"embeddable":true,"href":"https:\/\/blogg.uit.no\/llu001\/wp-json\/wp\/v2\/pages\/40"}],"wp:attachment":[{"href":"https:\/\/blogg.uit.no\/llu001\/wp-json\/wp\/v2\/media?parent=148"}],"curies":[{"name":"wp","href":"https:\/\/api.w.org\/{rel}","templated":true}]}}