{"id":176,"date":"2012-08-07T15:10:47","date_gmt":"2012-08-07T13:10:47","guid":{"rendered":"https:\/\/blogg.uit.no\/llu001\/?page_id=176"},"modified":"2017-05-29T14:20:35","modified_gmt":"2017-05-29T12:20:35","slug":"cv","status":"publish","type":"page","link":"https:\/\/blogg.uit.no\/llu001\/bibliografi\/cv\/","title":{"rendered":"CV \/ Bibliografi"},"content":{"rendered":"<p>Statens garantiinntekt for kunstnere siden 1983<\/p>\n<p><strong>Bokutgivelser:<\/strong><\/p>\n<p><span style=\"text-decoration: underline\">Den klare tonen<\/span>.\u00a0\u00a0\u00a0\u00a0\u00a0\u00a0\u00a0\u00a0\u00a0\u00a0\u00a0\u00a0\u00a0\u00a0\u00a0\u00a0\u00a0\u00a0 Dikt. Gyldendal-79<\/p>\n<p><span style=\"text-decoration: underline\">Hjerterspeil<\/span>\u00a0\u00a0\u00a0\u00a0\u00a0\u00a0\u00a0\u00a0\u00a0\u00a0\u00a0 \u00a0\u00a0\u00a0\u00a0\u00a0\u00a0\u00a0\u00a0\u00a0\u00a0\u00a0\u00a0\u00a0\u00a0 \u00a0\u00a0\u00a0\u00a0&#8221;\u00a0\u00a0\u00a0\u00a0\u00a0 \u00a0\u00a0\u00a0\u00a0\u00a0\u00a0 &#8221;\u00a0\u00a0 \u00a0\u00a0\u00a0 -81<\/p>\n<p><span style=\"text-decoration: underline\">Spr\u00e5kets hus har \u00e5pninger<\/span>. Dikt. Gyldendal-82<\/p>\n<p><span style=\"text-decoration: underline\">Steindr\u00f8mt<\/span>.\u00a0 \u00a0\u00a0\u00a0\u00a0\u00a0\u00a0\u00a0\u00a0\u00a0\u00a0\u00a0\u00a0\u00a0\u00a0\u00a0\u00a0\u00a0\u00a0\u00a0\u00a0\u00a0\u00a0\u00a0\u00a0 \u00a0\u00a0\u00a0\u00a0&#8221;\u00a0\u00a0\u00a0\u00a0\u00a0\u00a0\u00a0\u00a0\u00a0\u00a0\u00a0\u00a0\u00a0 &#8221;\u00a0\u00a0\u00a0\u00a0\u00a0 -85<\/p>\n<p><span style=\"text-decoration: underline\">Lady Lazarus<\/span>. Utvalg og gjendiktning av Sylvia Plath. Gyldendal\u00ad-86<\/p>\n<p><span style=\"text-decoration: underline\">Tveegget engel<\/span>. \u00a0\u00a0\u00a0\u00a0\u00a0\u00a0\u00a0\u00a0\u00a0\u00a0\u00a0\u00a0\u00a0\u00a0\u00a0\u00a0\u00a0 Dikt. Gyldendal-88<\/p>\n<p>(red) Antologi fra 3 \u00e5rs skrivekurs p\u00e5 Kleiva 1988-90<\/p>\n<p><span style=\"text-decoration: underline\">Vinterens hjerte<\/span>. \u00a0\u00a0\u00a0\u00a0\u00a0\u00a0\u00a0\u00a0\u00a0\u00a0\u00a0\u00a0\u00a0\u00a0\u00a0\u00a0\u00a0 Roman.\u00a0\u00a0 Tiden-90<\/p>\n<p><span style=\"text-decoration: underline\">Nybegynnerens forutsetningsl\u00f8shet<\/span>. Roman. Cappelen-96<\/p>\n<p><span style=\"text-decoration: underline\">Alfabet<\/span>. gjendiktning av Inger Christensen. Pax-97<\/p>\n<p><span style=\"text-decoration: underline\">Circum polaris<\/span> (red). Nordnorsk antologi.\u00a0 Cappelen-97<\/p>\n<p><span style=\"text-decoration: underline\">afrika<\/span>. Dikt. Cappelen-98<\/p>\n<p><span style=\"text-decoration: underline\">Iverksatt<\/span>. Dikt. Cappelen-99<\/p>\n<p><span style=\"text-decoration: underline\">Harlekins hus<\/span>. Dikt. Ceppelen-01<\/p>\n<p>Del av en fugl. Gjendiktning av Nina Cassian. Cappelen-02<\/p>\n<p>R\u00f8yk og oker. Gjendiktning av Ingrid Jonker. Cappelen-04<\/p>\n<p>Tekstens etiske \u00f8yeblikk og andre essays. CappelenDamm-05<\/p>\n<p>N\u00e5r jeg ikke h\u00f8rer hjemme. Dikt. CappelenDamm-08<\/p>\n<p>Alt slik det er. Gjendiktning av Shuntaro Tanikawa. MARG-10<\/p>\n<p>Steinhode, sl\u00e5 \/ stein\u00f8ye, se. Diktutvalg. CappelenDamm-12<\/p>\n<p><strong>Andre produksjoner:<\/strong><\/p>\n<p>\u201dProlog\u201d for Troms\u00f8 Kunstforening-81<\/p>\n<p>\u201dNordnorsk Kalender\u201d (red.) -81<\/p>\n<p>\u201dCollage\u201d samarbeid m\/komponist S\u00f8ren Hjort, Kulturhuset i Troms\u00f8 (ikke framf\u00f8rt)<\/p>\n<p>\u201dDen nordnorske h\u00f8ysommeren\u201d (dikt) NRK-Troms<\/p>\n<p>\u201dSteinrosetoner&#8221;. (poesi\/musikk\/danse-program) Rikskonsertene-87<\/p>\n<p>&#8220;Stein &#8211; roser&#8221;. Fjernsynet i Nord-Norge-90. Regi: Knut Erik Jensen<\/p>\n<p>\u201dEn engel i Brutalia&#8221; Verk for sopran og klaver, samarbeid m\/ komponist Gunnar Germeten 1990, framf\u00f8rt av Guri Oddan m\/pianist i Troms\u00f8 1995 og 1998<\/p>\n<p>\u201dCanto General&#8221; Gj.dikt. Pablo Neruda (5 dikt), Blandakoret Nordaf\u00f8rr, 1990<\/p>\n<p>\u201dLyset om natten\u201d, dikt, Stavanger Aftenblad, Obstfelder-dagene-93<\/p>\n<p>\u201dHimmelen, hjertegr\u00e5\u2026\u201d dikt, Dagbladet, P\u00e5 den 7ende dag-94<\/p>\n<p>&#8220;Knivranet&#8221; (gj.diktning av T.Afrika) i <span style=\"text-decoration: underline\">Gutt, guttere, guttest<\/span>. Gyldendal-99<\/p>\n<p>\u201dIverksatt\u201d 4 dikt m\/musikk av Bent Simen Lund (cello) v\/\u00e5pning av N-N Kunstmuseum 2002<\/p>\n<p>Unasjonalt dikt, Sigrid Undset-dagene, Lillehammer, 2002<\/p>\n<p>&#8220;Atlantis&#8221; m\/musikk av Bernt Simen Lund, \u00e5pning av P.E.N.s Verdenskongress, Troms\u00f8, 2004<\/p>\n<p>Forestillingen (45 min) &#8220;Bilde av et menneske&#8221; m\/musikk av Bernt Simen Lund (cello), Litteraten, Troms\u00f8 2003, Norsk Litteraturfestival, Lillehammer, 2006 (?)<\/p>\n<p><strong>Tekster \/ essays:<\/strong><\/p>\n<p>&#8220;Hjerte, spr\u00e5k og tid&#8221;, V\u00e5r samtid 5-80<\/p>\n<p>&#8220;Hva er den klare tonen for noe?&#8221; Jul i Bardu og M\u00e5lselv 1980<\/p>\n<p>&#8220;Det muliges utopi&#8221;, Basar, 4-80<\/p>\n<p>&#8220;Nordnorsk forfatterlag &#8211; 10 \u00e5r&#8221; Nordnorsk Magasin 5b-82<\/p>\n<p>&#8220;Hva er forholdet studiearbeid og poesi?&#8221; Studienytt, 5-82<\/p>\n<p>&#8220;Det skr\u00f8pelige for full styrke&#8221; Poetica 3-85<\/p>\n<p>&#8220;Det ror og ror&#8221; (om Vesaas) Cafe Existens, 1-86<\/p>\n<p>&#8220;I steindr\u00f8mme&#8221;. (om Vesaas), Cafe Existens 1-89:<\/p>\n<p>&#8220;Den minste og kvassaste flammen&#8221; (om Eldrid Lunden) Vinduet 2-86<\/p>\n<p>&#8220;Verden og vi&#8221;, Vinduet 3-87:<\/p>\n<p>&#8220;Spr\u00e5kets ubevisste sjel&#8230;&#8221;, Vinduet, 2-89:<\/p>\n<p>&#8220;Naget forbi&#8221; (<em>I min fars hus)<\/em>. Pax-88<\/p>\n<p>&#8220;R\u00e5tt&#8221; (<em>Skrivestadier)<\/em> Cappelen-89<\/p>\n<p>&#8220;En langsom, ru tilstand&#8221; (<em>\u00c5, eg veit meg..)<\/em>&#8221; Tiden-91<\/p>\n<p>&#8220;The Magus&#8221; (<em>Reise Sirkel<\/em>)\u00a0 Cappelen-91<\/p>\n<p>&#8220;Festtelegram til I Christensen&#8221; i Kritikkjournalen 1992<\/p>\n<p>&#8220;\u00c5 finnes: P\u00e5 \/ Ut \/ Opp \/ Til&#8221; (<em>Veien langs linjene)<\/em> Gyldendal-93<\/p>\n<p>&#8220;Det rike, unike i Nord-Norge og alle steder&#8221;. Seminarinnlegg FINN-93, Forfatteren-93, HT&#8217;s dramatikkseminar V-98<\/p>\n<p>&#8220;Hva er et forfatterstudium&#8221; i <em>(Bump)<\/em> UiT\u00f8-94<\/p>\n<p>\u201dFaultlines\u201d i Cape Town, Kronikk i Dagbladet, juli-96<\/p>\n<p>&#8220;Litteraturkritikken i <em>Hammarn<\/em>&#8220;. Dramatikkseminar H-96, &#8220;Hammarn&#8221;-96<\/p>\n<p>&#8220;System og natur&#8221; (om Inger Christensen), Lyrikk Magasin 8-96:<\/p>\n<p>&#8220;Den &#8220;skrivbare&#8221; prosessen&#8221; <em>(\u00c5 skrive skj\u00f8nnlitteratur)<\/em>. Samlaget-97<\/p>\n<p>&#8220;Disgrace&#8221; Om John M Coetzee, Morgenbladet, jan-00<\/p>\n<p>\u201dTekstens etiske \u00f8yeblikk\u201d , Vinduets nettsider, mai-00<\/p>\n<p>\u201dEn barneh\u00e5nd vinker fra bestefars \u00f8re\u201dMirjam Kristensen, Vinduets nettside, -00<\/p>\n<p>Poetisk og politisk &#8211; Fra Struga-festivalen i Makedonia, Forfatteren-00<\/p>\n<p>Ibsen &#8211; etisk &#8211; estetisk &#8211; erotisk, foredrag Ibsen-sentret-01<\/p>\n<p>Former for flukt &#8211; Om Odmund Hagens 90-tallsprosa, Festskrift til..-03<\/p>\n<p>GodBok-spalten, Klassekampen (?) 2004 &#8211; 2015<\/p>\n<p>&nbsp;<\/p>\n<p>Har skrevet bokomtaler:<\/p>\n<p>Kritikkjournalen 1983-98<\/p>\n<p>Nordlys 1984-86<\/p>\n<p>Aftenposten 1994<\/p>\n<p>Vinduets nettside 2000<\/p>\n<p><strong>\u00a0<\/strong><\/p>\n<p><strong>Estisk dobbeltportrett:<\/strong><\/p>\n<p>Jaan Kaplinski, Samtiden-91<\/p>\n<p>Doris Kareva, Vinduet-92<\/p>\n<p><strong>intervju <\/strong>med Inger Christensen, Klassekampen, jun-97<\/p>\n<p>&nbsp;<\/p>\n<p><strong>Intervjuer og artikler <\/strong>om Liv Lundberg:<\/p>\n<p>Maria Sibinska: Marginalitet og myte i moderne nordnorsk lyrikk, Gdansk-02<\/p>\n<p>Ragnhild Engelskj\u00f8n:Vev og nettverk &#8211; Om NF, Norlit-UIT-00<\/p>\n<p>Nordnorsk Magasin 1-80<\/p>\n<p>Horisont (svensk) 2-84<\/p>\n<p>Signaler-88<\/p>\n<p>Klassekampen-91- 96<\/p>\n<p>Nordlys, diverse ganger<\/p>\n<p>Dag og Tid, V\u00e5rt Land, Stavanger Aftenblad, 1998, Bergens Tidende, Klassekampen, 2005 (?)<\/p>\n<p><strong>Radio . poesitid:<\/strong><\/p>\n<p>m\/Harald Over\u00e5 (om <span style=\"text-decoration: underline\">afrika<\/span>), juni-99<\/p>\n<p>(om <span style=\"text-decoration: underline\">Harlekins hud<\/span>), des-01<\/p>\n<p><strong>\u00a0<\/strong><\/p>\n<p><strong>Translations from:<\/strong><\/p>\n<p>Works<\/p>\n<p>Afterword to Works<\/p>\n<p>Double Edged Angel<\/p>\n<p>Stone Dreamed<\/p>\n<p>africa<\/p>\n<p>older poems<\/p>\n<p>&nbsp;<\/p>\n<p>published in anthologies:<\/p>\n<p>20 Contemporary Norwegian Poets, Univ.forlaget-84<\/p>\n<p>Norwegian poetry 1900-85 (Greek), Hestia-85<\/p>\n<p>Poetic Words Women&#8217;s from Meridians &#8211; Anthology (English) 1990<\/p>\n<p>New Norwegian poetry (Danish) Aarhus-91<\/p>\n<p>Norwegian Poetry (Chineese) China 1990-92<\/p>\n<p>Mingled Voices. The Poetry Prize Anthology,\u00a0Hong Kong, 2017<\/p>\n<p>&nbsp;<\/p>\n<p>published in International Literary Journals:<\/p>\n<p>Norska ord, Cafe Existens nr 2\/3-87, 62\/63-94<\/p>\n<p>Tarningskastet nr 13-87<\/p>\n<p>Dewan Masyarakt, Malaysia 1987<\/p>\n<p>Provins nr 1-82 og 1-89<\/p>\n<p>Foreign Literatures Bimonthly, China,nr 5-90<\/p>\n<p>Klima &#8211; Climatic. Nordic Poetry, Nordisk Forum \u00c5bo-94<\/p>\n<p>Artists Facing Society, Tallin-95<\/p>\n<p>Ice-Floe, Anchorage, Alaska-00 + -01<\/p>\n<p>Carapace, Snailpress, Cape Town-00<\/p>\n<p>Helios, The Voice of three Seas, Rhodos-00<\/p>\n<p>Six Seasons Review, Vol 1, Nr 2, Bangladesh-01<\/p>\n<p>Art &amp; Letters, 7, Georgia Council for the Arts, USA-02<\/p>\n<p>Several Festival Books \/ Anthologies in different languages.<\/p>\n<p><strong>International Poetry Festivals:<\/strong><\/p>\n<p>Nordkalott-konferanse, Lule\u00e5 1982<\/p>\n<p>Yeats-seminar, Irland 1984<\/p>\n<p>Poesifestivalen i Struga, Makedonia 1986<\/p>\n<p>Lyrikekspressen i Danmark 1986<\/p>\n<p>Bokmessen i G\u00f8teborg 1987<\/p>\n<p>Lyrikveckan i Sollefte\u00e5, Sverige 1988<\/p>\n<p>Moderna Museet, Stockholm 1989<\/p>\n<p>Kuala Lumpur World Poetry Reading 1990<\/p>\n<p>Reykjavik 1994<\/p>\n<p>\u201dPoets facing society\u201d, UNESCO-konferanse, Tallinn 1995<\/p>\n<p>Kvinnekonferanse, \u00c5bo 1996<\/p>\n<p>Poesifestivalen The Faultlines, Cape Town 1996<\/p>\n<p>Nordens Hus, Thorshavn 1999<\/p>\n<p>Poesifestivalen Struga, Makedonia 2000<\/p>\n<p>Internasjonal Bokdag, Cape Town 2002<\/p>\n<p>Poetry Africa, Durban, S-Afrika 2002<\/p>\n<p><strong>\u00a0<\/strong>Poetry Medellin, Colombia, 2007<\/p>\n<p>Shaar Festival, Tel Aviv, 2007<\/p>\n<p>Curtea de Argos, Romania, 2008 + 2016<\/p>\n<p>Poesifestival i Bogot\u00e1, Colombia, 2017<\/p>\n<p><strong>\u00a0<\/strong><\/p>\n<p><strong>Utdanning:<\/strong><\/p>\n<p>Realskole Bardu 1961.<\/p>\n<p>Statens H\u00e5ndverk- og Kunstindustriskole (kl\u00e6r og kostyme) 1962-65<\/p>\n<p>Examen artium, Oslo Kveldsgymnas 1968<\/p>\n<p>Exphil, UiO H-71<\/p>\n<p>Idehistorie G-fag, UiO V-75<\/p>\n<p>Nordisk G-M-fag, UiT V-H-77<\/p>\n<p>Samfunnsvitenskap, UIT, G-fag H-78, M-fag H-79, H-fagsstudier 1980-82<\/p>\n<p>Cinema Direct, antropologisk filmkurs, 8 uker, UiT H-84<\/p>\n<p>&nbsp;<\/p>\n<p><strong>Undervisning, skoleturneer, turneer med forestilling og prosjekter \/ samarbeidsprosjekter i prosessorientert skriving:<\/strong><\/p>\n<p>Formingsl\u00e6rer ved Honningsv\u00e5g u-skole 1970-71, b-skole\u00a0 1972-74<\/p>\n<p>Timel\u00e6rer ved Vaggetem b-skole 1975-76<\/p>\n<p>NF-turne i videreg\u00e5ende skoler i Troms, 1982<\/p>\n<p>NF-turne i grunnskolen, Lofoten, 1987<\/p>\n<p>NF \/ Rikskonsertene (Steinrosetoner), Hurtigruteturne 1985 \/ Festspillene i Nord-Norge 1986 \/ Turne videreg\u00e5ende skoler i Troms og p\u00e5 Svalbard \/ Kveldskonserter Troms &amp; Finnmark 1987 \/ videreg\u00e5ende skoler i Nordland 1988.<\/p>\n<p>NF-turne i videreg\u00e5ende skoler i N-Tr\u00f8ndelag 1991.<\/p>\n<p>Diktprosjekt, Kval\u00f8ysletta videreg\u00e5ende skole 1987<\/p>\n<p>NF &#8211; Prosessorientert skriving, Tromsdalen videreg\u00e5ende skole H-89 \/ Kongsbakken videreg\u00e5ende skole H-90<\/p>\n<p>Forfatterbes\u00f8k, UiO 1995,<\/p>\n<p>UiT\u00f8 1998<\/p>\n<p>UD-Universitetsturne, Hamburg\u2013Gottingen\u2013Bonn\u2013Munster, mai-01<\/p>\n<p><strong>\u00a0<\/strong><\/p>\n<p><strong>Kreativ skriving:<\/strong><\/p>\n<p>1-ukes kurs, Kabelv\u00e5g 1986, Kleiva 1988-91, Helgeland 1993<\/p>\n<p>Oppf\u00f8lgingskurs i poesi, Troms\u00f8 1990 (60 t), AOFs skrivekurs, Sulitjelma 1993 (2 d)<\/p>\n<p>Skrivekunstakademiet i Hordaland 1988 (2 d), 1996 (2 d)<\/p>\n<p>Forfattarutdanningen i B\u00f8 1989 (2 d), 1996 (3 uker), 1998 (3 uker), Samarbeidsseminar: B\u00f8 \/ Forfatterskolen i Kbh 1996 (1 uke)<\/p>\n<p>En av lederne for Nordisk Debutantkurs (5 d), Biskops Arn\u00f8,1990 -1994<\/p>\n<p>Laget fagplan for Forfatterstudium p\u00e5 H\u00f8yskoleniv\u00e5 for fylkeskultursjefene i Nord-Norge 1990 \/ Vurderingsutvalg for etablering av Forfatterstudium p\u00e5 UIT-91<\/p>\n<p>Kunstnerisk leder \/ Professor i skrivekunst, Forfatterstudiet, UiT 1993-2014<\/p>\n<p><strong>\u00a0<\/strong><\/p>\n<p><strong>Tillitsverv og organisasjonserfaring:<\/strong><\/p>\n<p>Nordnorsk Forfatterlag (forkvinne)1981-83, 1990-91\/ org.sekr. 1982-83<\/p>\n<p>NF-Nord-Norge, konsulent1982-83<\/p>\n<p>NF-AU\u00b4,1997-99, Arrang\u00f8r av LITTERATEN og delarrang\u00f8r av VERDEN I TROMS\u00d8<\/p>\n<p>DnFs Litter\u00e6re R\u00e5d, 1983-87 og 2006-12<\/p>\n<p>NK, Lyrikkutvalget (vara) for Innkj\u00f8psordniningen, 1989-91<\/p>\n<p>NK, Essayutvalget (vara) for Innkj\u00f8psordningen, 1999-?<\/p>\n<p>Nordnorsk Kulturr\u00e5d (styremedlem)1983-87 (nestformann) 1986-87<\/p>\n<p>Nordnorsk Kunstmuseum (vara) 1985-87<\/p>\n<p>Bystyret i Troms\u00f8 (vara, SV) 1983-87<\/p>\n<p>Utredningsutvalg om Estetisk G-fag for UiT\u00f8 1987<\/p>\n<p>Skoledirekt\u00f8rutvalg for Litteraturleir for ungdom iTroms 1990<\/p>\n<p>NN Filmsenter, Kunstnerisk R\u00e5d (vara), 1992-96<\/p>\n<p>Programutvalget, FINN, 1993-95<\/p>\n<p>DnFs Internasjonale Utvalg, 2001-03<\/p>\n<p>Repr. DnF i NORLAs kunstnerr\u00e5d, 2012-17<\/p>\n<p><strong>\u00a0<\/strong><\/p>\n<p>&nbsp;<\/p>\n","protected":false},"excerpt":{"rendered":"<p>Statens garantiinntekt for kunstnere siden 1983 Bokutgivelser: Den klare tonen.\u00a0\u00a0\u00a0\u00a0\u00a0\u00a0\u00a0\u00a0\u00a0\u00a0\u00a0\u00a0\u00a0\u00a0\u00a0\u00a0\u00a0\u00a0 Dikt. Gyldendal-79 Hjerterspeil\u00a0\u00a0\u00a0\u00a0\u00a0\u00a0\u00a0\u00a0\u00a0\u00a0\u00a0 \u00a0\u00a0\u00a0\u00a0\u00a0\u00a0\u00a0\u00a0\u00a0\u00a0\u00a0\u00a0\u00a0\u00a0 \u00a0\u00a0\u00a0\u00a0&#8221;\u00a0\u00a0\u00a0\u00a0\u00a0 \u00a0\u00a0\u00a0\u00a0\u00a0\u00a0 &#8221;\u00a0\u00a0 \u00a0\u00a0\u00a0 -81 Spr\u00e5kets hus har \u00e5pninger. Dikt. Gyldendal-82 Steindr\u00f8mt.\u00a0 \u00a0\u00a0\u00a0\u00a0\u00a0\u00a0\u00a0\u00a0\u00a0\u00a0\u00a0\u00a0\u00a0\u00a0\u00a0\u00a0\u00a0\u00a0\u00a0\u00a0\u00a0\u00a0\u00a0\u00a0 \u00a0\u00a0\u00a0\u00a0&#8221;\u00a0\u00a0\u00a0\u00a0\u00a0\u00a0\u00a0\u00a0\u00a0\u00a0\u00a0\u00a0\u00a0 &#8221;\u00a0\u00a0\u00a0\u00a0\u00a0 -85 Lady Lazarus. Utvalg og gjendiktning av Sylvia Plath. Gyldendal\u00ad-86 Tveegget &hellip; <a href=\"https:\/\/blogg.uit.no\/llu001\/bibliografi\/cv\/\">Continue reading <span class=\"meta-nav\">&rarr;<\/span><\/a><\/p>\n","protected":false},"author":88,"featured_media":0,"parent":15,"menu_order":0,"comment_status":"open","ping_status":"closed","template":"","meta":{"_et_pb_use_builder":"","_et_pb_old_content":"","_et_gb_content_width":"","footnotes":""},"class_list":["post-176","page","type-page","status-publish","hentry"],"featured_image_src":"","featured_image_src_square":false,"rbea_author_info":{"display_name":"llu001","author_link":"https:\/\/blogg.uit.no\/llu001\/author\/llu001\/"},"rbea_excerpt_info":"Statens garantiinntekt for kunstnere siden 1983 Bokutgivelser: Den klare tonen.\u00a0\u00a0\u00a0\u00a0\u00a0\u00a0\u00a0\u00a0\u00a0\u00a0\u00a0\u00a0\u00a0\u00a0\u00a0\u00a0\u00a0\u00a0 Dikt. Gyldendal-79 Hjerterspeil\u00a0\u00a0\u00a0\u00a0\u00a0\u00a0\u00a0\u00a0\u00a0\u00a0\u00a0 \u00a0\u00a0\u00a0\u00a0\u00a0\u00a0\u00a0\u00a0\u00a0\u00a0\u00a0\u00a0\u00a0\u00a0 \u00a0\u00a0\u00a0\u00a0&#8221;\u00a0\u00a0\u00a0\u00a0\u00a0 \u00a0\u00a0\u00a0\u00a0\u00a0\u00a0 &#8221;\u00a0\u00a0 \u00a0\u00a0\u00a0 -81 Spr\u00e5kets hus har \u00e5pninger. Dikt. Gyldendal-82 Steindr\u00f8mt.\u00a0 \u00a0\u00a0\u00a0\u00a0\u00a0\u00a0\u00a0\u00a0\u00a0\u00a0\u00a0\u00a0\u00a0\u00a0\u00a0\u00a0\u00a0\u00a0\u00a0\u00a0\u00a0\u00a0\u00a0\u00a0 \u00a0\u00a0\u00a0\u00a0&#8221;\u00a0\u00a0\u00a0\u00a0\u00a0\u00a0\u00a0\u00a0\u00a0\u00a0\u00a0\u00a0\u00a0 &#8221;\u00a0\u00a0\u00a0\u00a0\u00a0 -85 Lady Lazarus. Utvalg og gjendiktning av Sylvia Plath. Gyldendal\u00ad-86 Tveegget &hellip; <a href=\"https:\/\/blogg.uit.no\/llu001\/bibliografi\/cv\/\">Continue reading <span class=\"meta-nav\">&rarr;<\/span><\/a>","_links":{"self":[{"href":"https:\/\/blogg.uit.no\/llu001\/wp-json\/wp\/v2\/pages\/176","targetHints":{"allow":["GET"]}}],"collection":[{"href":"https:\/\/blogg.uit.no\/llu001\/wp-json\/wp\/v2\/pages"}],"about":[{"href":"https:\/\/blogg.uit.no\/llu001\/wp-json\/wp\/v2\/types\/page"}],"author":[{"embeddable":true,"href":"https:\/\/blogg.uit.no\/llu001\/wp-json\/wp\/v2\/users\/88"}],"replies":[{"embeddable":true,"href":"https:\/\/blogg.uit.no\/llu001\/wp-json\/wp\/v2\/comments?post=176"}],"version-history":[{"count":11,"href":"https:\/\/blogg.uit.no\/llu001\/wp-json\/wp\/v2\/pages\/176\/revisions"}],"predecessor-version":[{"id":366,"href":"https:\/\/blogg.uit.no\/llu001\/wp-json\/wp\/v2\/pages\/176\/revisions\/366"}],"up":[{"embeddable":true,"href":"https:\/\/blogg.uit.no\/llu001\/wp-json\/wp\/v2\/pages\/15"}],"wp:attachment":[{"href":"https:\/\/blogg.uit.no\/llu001\/wp-json\/wp\/v2\/media?parent=176"}],"curies":[{"name":"wp","href":"https:\/\/api.w.org\/{rel}","templated":true}]}}