{"id":186,"date":"2012-08-07T15:34:16","date_gmt":"2012-08-07T13:34:16","guid":{"rendered":"https:\/\/blogg.uit.no\/llu001\/?page_id=186"},"modified":"2012-08-07T15:34:16","modified_gmt":"2012-08-07T13:34:16","slug":"hjerterspeil","status":"publish","type":"page","link":"https:\/\/blogg.uit.no\/llu001\/bibliografi\/hjerterspeil\/","title":{"rendered":"Hjerterspeil"},"content":{"rendered":"<p><strong>1. M\u00d8TEPUNKTER<\/strong><\/p>\n<p><strong>\u00a0<\/strong><\/p>\n<p><em>det er ham jeg snakker til<\/em><\/p>\n<p><em>\u00a0\u00a0\u00a0\u00a0\u00a0\u00a0\u00a0\u00a0\u00a0\u00a0\u00a0\u00a0\u00a0\u00a0\u00a0\u00a0\u00a0\u00a0\u00a0\u00a0\u00a0\u00a0\u00a0\u00a0\u00a0\u00a0\u00a0\u00a0\u00a0\u00a0\u00a0\u00a0\u00a0\u00a0\u00a0\u00a0\u00a0\u00a0\u00a0\u00a0\u00a0\u00a0\u00a0\u00a0\u00a0\u00a0\u00a0\u00a0\u00a0\u00a0\u00a0\u00a0\u00a0\u00a0\u00a0\u00a0\u00a0\u00a0 det er ham jeg har lett etter<\/em><\/p>\n<p><em>\u00a0\u00a0\u00a0\u00a0\u00a0\u00a0\u00a0\u00a0\u00a0\u00a0\u00a0\u00a0\u00a0\u00a0\u00a0\u00a0\u00a0\u00a0\u00a0\u00a0\u00a0\u00a0\u00a0\u00a0\u00a0\u00a0\u00a0\u00a0\u00a0\u00a0\u00a0\u00a0\u00a0\u00a0\u00a0\u00a0\u00a0\u00a0\u00a0\u00a0\u00a0\u00a0\u00a0\u00a0\u00a0\u00a0\u00a0\u00a0\u00a0\u00a0\u00a0\u00a0\u00a0\u00a0\u00a0\u00a0\u00a0\u00a0 det er ham jeg knytter meg til<\/em><\/p>\n<p><em>\u00a0<\/em><\/p>\n<p>&nbsp;<\/p>\n<p>&nbsp;<\/p>\n<p>&nbsp;<\/p>\n<p>ET DYPERE LYS<\/p>\n<p>&nbsp;<\/p>\n<p>Jeg tenkte aldri p\u00e5 deg mer<\/p>\n<p>Vi stengte klagene v\u00e5re inne<\/p>\n<p>&nbsp;<\/p>\n<p>I muren vi omhyggelig bygde<\/p>\n<p>F\u00f8r vi sm\u00f8g oss inn til de andre<\/p>\n<p>&nbsp;<\/p>\n<p>Som vi kjente og omtalte<\/p>\n<p>Med innsikt og oversikt<\/p>\n<p>&nbsp;<\/p>\n<p>Slik levde vi lenge<\/p>\n<p>I dagslys og framtid<\/p>\n<p>&nbsp;<\/p>\n<p>Men dr\u00f8mmene v\u00e5re s\u00f8kte tilbake<\/p>\n<p>Dit vinden pisket mulighetene<\/p>\n<p>&nbsp;<\/p>\n<p>Fra hvert v\u00e5rt sted dro vi ut<\/p>\n<p>I m\u00f8rket famlet vi og lette<\/p>\n<p>&nbsp;<\/p>\n<p>Intenst hos hverandre<\/p>\n<p>Etter et dypere lys<\/p>\n<p>&nbsp;<\/p>\n<p>&nbsp;<\/p>\n<p>&nbsp;<\/p>\n<p>DU<\/p>\n<p>&nbsp;<\/p>\n<p>Mine henger f\u00f8lger<\/p>\n<p>dine konturer:<\/p>\n<p>&nbsp;<\/p>\n<p>Kinnenes bue, skuldernes vinkel<\/p>\n<p>kroppens mange h\u00f8ydedrag og s\u00f8kk<\/p>\n<p>&nbsp;<\/p>\n<p>For \u00e5 f\u00e5 tak p\u00e5 din utstrekning<\/p>\n<p>for \u00e5 avgrense din mening<\/p>\n<p>&nbsp;<\/p>\n<p>Finne hvor du slutter<\/p>\n<p>og noe annet begynner<\/p>\n<p>&nbsp;<\/p>\n<p>Du kan ikke flyte ubegrenset<\/p>\n<p>ut over omverdenen<\/p>\n<p>Ikke alle mulige innhold er dine<\/p>\n<p>&nbsp;<\/p>\n<p>Dine ytterpunkter ber\u00f8rer andres<\/p>\n<p>og blir m\u00f8tepunkter<\/p>\n<p>&nbsp;<\/p>\n<p>&nbsp;<\/p>\n<p>&nbsp;<\/p>\n<p>VI ER IKKE LIKE<\/p>\n<p>&nbsp;<\/p>\n<p>Mine veger er krokete lange<\/p>\n<p>Din tid er lenge beregnet<\/p>\n<p>&nbsp;<\/p>\n<p>Du krysser opp mot vinden<\/p>\n<p>Jeg ligger p\u00e5 v\u00e6ret<\/p>\n<p>&nbsp;<\/p>\n<p>P\u00e5 mine sn\u00f8fjell ser jeg sporene<\/p>\n<p>etter dine framkomstmidler<\/p>\n<p>&nbsp;<\/p>\n<p>Min far var en arbeidsmann<\/p>\n<p>Hendene hans var bj\u00f8rkeemner<\/p>\n<p>formet treet til hus og hesjestaus<\/p>\n<p>Kroppen hans er enn\u00e5 seig av motstand<\/p>\n<p>og mjuk av ydmykhet<\/p>\n<p>&nbsp;<\/p>\n<p>Din far hadde m\u00f8rke prestekl\u00e6r<\/p>\n<p>kvite legefrakker, han bar Norges Lover<\/p>\n<p>opp trappene der du sprang etter<\/p>\n<p>&nbsp;<\/p>\n<p>Fra toppene sender du: Savn<\/p>\n<p>&nbsp;<\/p>\n<p>&nbsp;<\/p>\n<p>&nbsp;<\/p>\n<p>UTEN SKYER<\/p>\n<p>&nbsp;<\/p>\n<p>Gjennomsiktige i fjellet er vi<\/p>\n<p>nybegynnere, de f\u00f8rste barndomsvenner<\/p>\n<p>&nbsp;<\/p>\n<p>Hodene stiger mot himmelen<\/p>\n<p>F\u00f8ttene dr\u00f8mmer om r\u00f8tter og vinger<\/p>\n<p>&nbsp;<\/p>\n<p>Det fins enn\u00e5 r\u00f8de fisk og gylne b\u00e6r<\/p>\n<p>Gr\u00f8nne knauser opp i himmelen<\/p>\n<p>&nbsp;<\/p>\n<p>som er nyvasket og varm<\/p>\n<p>og likner p\u00e5 et barn<\/p>\n<p>&nbsp;<\/p>\n<p>Vi er i slekt med himmelen<\/p>\n<p>&#8211; uten skyer<\/p>\n<p>&nbsp;<\/p>\n<p>&nbsp;<\/p>\n<p>DEG<\/p>\n<p>&nbsp;<\/p>\n<p>N\u00e5r jeg kommer hjem finner jeg<\/p>\n<p>deg i verden og verden i deg<\/p>\n<p>&nbsp;<\/p>\n<p>N\u00e5r jeg synker inn i \u00f8ynene dine<\/p>\n<p>N\u00e5r jeg kryper rundt i din kropp<\/p>\n<p>&nbsp;<\/p>\n<p>er vi et hus av m\u00f8tepunkter<\/p>\n<p>En balensekunst over \u00e5pent rom<\/p>\n<p>&nbsp;<\/p>\n<p>Kroppene folder ut sine kronblad<\/p>\n<p>Flygende mjuke b\u00f8lger innover i deg<\/p>\n<p>&nbsp;<\/p>\n<p>Jeg er ditt regn ditt m\u00f8rke, du<\/p>\n<p>min blonde elsker, du sa:<\/p>\n<p>&nbsp;<\/p>\n<p>Det eneste jeg vil ha fra deg: Deg<\/p>\n<p>Alt jeg vil ha fra deg: Deg<\/p>\n<p>&nbsp;<\/p>\n<p>&nbsp;<\/p>\n<p>&nbsp;<\/p>\n<p>&nbsp;<\/p>\n<p>&nbsp;<\/p>\n<p>&nbsp;<\/p>\n<p>&nbsp;<\/p>\n<p>&nbsp;<\/p>\n<p>&nbsp;<\/p>\n<p>&nbsp;<\/p>\n<p>&nbsp;<\/p>\n<p>&nbsp;<\/p>\n<p>&nbsp;<\/p>\n<p>&nbsp;<\/p>\n<p>&nbsp;<\/p>\n<p>&nbsp;<\/p>\n<p>&nbsp;<\/p>\n<p>&nbsp;<\/p>\n<p>&nbsp;<\/p>\n<p>&nbsp;<\/p>\n<p>&nbsp;<\/p>\n<p>&nbsp;<\/p>\n<p>&nbsp;<\/p>\n<p>&nbsp;<\/p>\n<p>&nbsp;<\/p>\n<p>&nbsp;<\/p>\n<p>&nbsp;<\/p>\n<p>&nbsp;<\/p>\n<p>&nbsp;<\/p>\n<p>&nbsp;<\/p>\n<p>&nbsp;<\/p>\n<p><strong>2 <\/strong><\/p>\n<p><strong>VEGEN GJENNOM F\u00d8R<\/strong><\/p>\n<p><em>under spr\u00e5ket fins et annet spr\u00e5k<\/em><\/p>\n<p><em>\u00a0\u00a0\u00a0\u00a0\u00a0\u00a0\u00a0\u00a0\u00a0\u00a0\u00a0\u00a0\u00a0\u00a0\u00a0\u00a0\u00a0\u00a0\u00a0\u00a0\u00a0\u00a0\u00a0\u00a0\u00a0\u00a0\u00a0\u00a0\u00a0\u00a0\u00a0\u00a0\u00a0\u00a0\u00a0\u00a0\u00a0\u00a0\u00a0\u00a0\u00a0\u00a0\u00a0\u00a0\u00a0\u00a0\u00a0\u00a0\u00a0\u00a0\u00a0\u00a0\u00a0\u00a0\u00a0\u00a0\u00a0\u00a0 under det andre spr\u00e5ket:<\/em><\/p>\n<p><em>\u00a0\u00a0\u00a0\u00a0\u00a0\u00a0\u00a0\u00a0\u00a0\u00a0\u00a0\u00a0\u00a0\u00a0\u00a0\u00a0\u00a0\u00a0\u00a0\u00a0\u00a0\u00a0\u00a0\u00a0\u00a0\u00a0\u00a0\u00a0\u00a0\u00a0\u00a0\u00a0\u00a0\u00a0\u00a0\u00a0\u00a0\u00a0\u00a0\u00a0\u00a0\u00a0\u00a0\u00a0\u00a0\u00a0\u00a0\u00a0\u00a0\u00a0\u00a0\u00a0\u00a0\u00a0\u00a0\u00a0\u00a0\u00a0 erfaringas tause modeller<\/em><\/p>\n<p><em>\u00a0<\/em><\/p>\n<p><em>\u00a0<\/em><\/p>\n<p><em>\u00a0<\/em><\/p>\n<p>AN-SIKT<\/p>\n<p>&nbsp;<\/p>\n<p>Mennesket puster<\/p>\n<p>undertrykt i meg<\/p>\n<p>&nbsp;<\/p>\n<p>Byen skr\u00e5ler<\/p>\n<p>mine tynne historier<\/p>\n<p>&nbsp;<\/p>\n<p>Grenseskogene nynner<\/p>\n<p>hemmelig min frihet<\/p>\n<p>&#8211; for lavt for meg<\/p>\n<p>&nbsp;<\/p>\n<p>Gr\u00e5fjellene mumler<\/p>\n<p>mine \u00f8de enetaler<\/p>\n<p>&#8211; for langt fra meg<\/p>\n<p>&nbsp;<\/p>\n<p>Bildene samler meg<\/p>\n<p>om natta<\/p>\n<p>Bildene deler meg<\/p>\n<p>om dagen<\/p>\n<p>&nbsp;<\/p>\n<p>Bildene stiller meg<\/p>\n<p>et ansitk<\/p>\n<p>&nbsp;<\/p>\n<p>&nbsp;<\/p>\n<p>&nbsp;<\/p>\n<p>RINGER OG B\u00c5ND<\/p>\n<p>&nbsp;<\/p>\n<p>Min \u00f8nsker og armer<\/p>\n<p>knytter jeg inn i fortida<\/p>\n<p>&nbsp;<\/p>\n<p>Jeg f\u00f8ler ber\u00f8ringene<\/p>\n<p>alle erfaringers spor<\/p>\n<p>&nbsp;<\/p>\n<p>Tilbake er sand i framtida<\/p>\n<p>hjerter bl\u00f8r p\u00e5 steinene<\/p>\n<p>&nbsp;<\/p>\n<p>Like langt tilbake som fram<\/p>\n<p>Jeg trer inn i ringer og b\u00e5nd<\/p>\n<p>&nbsp;<\/p>\n<p>&nbsp;<\/p>\n<p>HENNE<\/p>\n<p>&nbsp;<\/p>\n<p>&nbsp;<\/p>\n<p>&nbsp;<\/p>\n<p>Det skinner av henne<\/p>\n<p>Om morgenen er \u00f8ynene nakne<\/p>\n<p>Seinere glir de inn i troll<\/p>\n<p>&nbsp;<\/p>\n<p>Jeg husker hun har v\u00e6rt her f\u00f8r<\/p>\n<p>Presset opp mot veggen, lo hun<\/p>\n<p>som en mild alvorlig engel<\/p>\n<p>&nbsp;<\/p>\n<p>Hun bor i bilder<\/p>\n<p>Hun g\u00e5r p\u00e5 veger i lufta<\/p>\n<p>Hun venter aldri t\u00e5lmodig<\/p>\n<p>&nbsp;<\/p>\n<p>Jeg kan ikke fastholde henne<\/p>\n<p>Hun tenner r\u00f8de lykter p\u00e5 isen<\/p>\n<p>og er borte over neste haug<\/p>\n<p>&nbsp;<\/p>\n<p>&nbsp;<\/p>\n<p>&nbsp;<\/p>\n<p>GRAVSKRIFT<\/p>\n<p>&nbsp;<\/p>\n<p>Jeg kom for \u00e5 hakke i tida<\/p>\n<p>som holdt meg lenger enn langt<\/p>\n<p>Grave etter rester og sk\u00e5r<\/p>\n<p>Avdekke lag av glemt fattigdom<\/p>\n<p>&nbsp;<\/p>\n<p>En blant mange historier p\u00e5 gata<\/p>\n<p>Bortafor skalv hele verden<\/p>\n<p>B\u00e5tene dro ut fra land<\/p>\n<p>Og b\u00f8nnene ble kastet i hat<\/p>\n<p>&nbsp;<\/p>\n<p>Noen snublet og stirret sprengt<\/p>\n<p>ut av panna, noen gikk langs stranda<\/p>\n<p>i prikkende regn med nedvendt blikk<\/p>\n<p>&nbsp;<\/p>\n<p>En ring av navn i din munn<\/p>\n<p>Mellom dine bl\u00e5 lepper mistet jeg<\/p>\n<p>mye, i ditt ansikt bl\u00e5ste sand<\/p>\n<p>&nbsp;<\/p>\n<p>Du holdt meg med raske krav<\/p>\n<p>i luft som styrtet tungt<\/p>\n<p>med gr\u00e5dige hender p\u00e5 skuldrene<\/p>\n<p>&nbsp;<\/p>\n<p>Kroppen din hyllet du inn<\/p>\n<p>i fattigslige lykketreff<\/p>\n<p>Livet i det gamle hotellet<\/p>\n<p>&nbsp;<\/p>\n<p>kveilet inn i dine kvinneeventyr<\/p>\n<p>Den langlemmede lyse med sitt st\u00f8vete<\/p>\n<p>barn og middelm\u00e5dige smil<\/p>\n<p>&nbsp;<\/p>\n<p>Hundre og fire fremmede netter<\/p>\n<p>blinket i mitt<\/p>\n<p>&nbsp;<\/p>\n<p>&#8230;<\/p>\n<p>&nbsp;<\/p>\n<p>&nbsp;<\/p>\n<p>&nbsp;<\/p>\n<p>&nbsp;<\/p>\n<p>DYPE BL\u00d8DENDE STRENGER<\/p>\n<p>&nbsp;<\/p>\n<p>N\u00e5r natta er glassaktig og usagt<\/p>\n<p>og ingenting er sterkt eller stort<\/p>\n<p>glir jeg gjennom de gamle gatene<\/p>\n<p>i kald stjernefylt luft<\/p>\n<p>&nbsp;<\/p>\n<p>Den gode musikken i all kj\u00f8lig tid:<\/p>\n<p>Dype varme bl\u00f8dende strenger<\/p>\n<p>stryker med meg langsomt og \u00f8mt<\/p>\n<p>over kroppene til triste kvinner<\/p>\n<p>som eide en retning en rytme<\/p>\n<p>en tro &#8211; de tapte<\/p>\n<p>&nbsp;<\/p>\n<p>&nbsp;<\/p>\n<p>GJEN-FERD<\/p>\n<p>&nbsp;<\/p>\n<p>Jeg pr\u00f8ver \u00e5 f\u00f8lge<\/p>\n<p>den m\u00f8rke kvinneskikkelsen<\/p>\n<p>Drar i det side skj\u00f8rtet:<\/p>\n<p>Du m\u00e5 ikke g\u00e5 fra meg<\/p>\n<p>&nbsp;<\/p>\n<p>Ansiktet tungt og stengt<\/p>\n<p>Munnen sunket i en sprekk<\/p>\n<p>\u00d8yne druknet i myr, h\u00e5ret<\/p>\n<p>en sammenrullet pisk<\/p>\n<p>&nbsp;<\/p>\n<p>Kirkeklokker<\/p>\n<p>&nbsp;<\/p>\n<p>Jeg beveger f\u00f8ttene<\/p>\n<p>men f\u00e5r ikke fotfeste<\/p>\n<p>Jeg hyler og kaster meg<\/p>\n<p>fram og tilbake<\/p>\n<p>i veggrusen<\/p>\n<p>&nbsp;<\/p>\n<p>Skikkelsen stanser, griper h\u00e5nda mi<\/p>\n<p>trekker meg etter armen<\/p>\n<p>uten et ord<\/p>\n<p>SLIT, ULYKKE<\/p>\n<p>(til mine m\u00f8dre)<\/p>\n<p>&nbsp;<\/p>\n<p>Gr\u00f8nne urtekvinner p\u00e5 skr\u00e5<\/p>\n<p>over brunstripete skogsveger<\/p>\n<p>og inn mellom tr\u00e6rne &#8211;<\/p>\n<p>raske som katteskygger<\/p>\n<p>&nbsp;<\/p>\n<p>Kvinner som krysser<\/p>\n<p>menns livslinjer<\/p>\n<p>bringer <em>de<\/em> ulykke?<\/p>\n<p>&nbsp;<\/p>\n<p>Menn ruver som strengsler<\/p>\n<p>tidlig p\u00e5 kvinners utviklingsveg<\/p>\n<p>Enn\u00e5 bare rosa og hvite jenter<\/p>\n<p>De <em>kommer<\/em> i ulykke<\/p>\n<p>&nbsp;<\/p>\n<p>Barn\u00a0 som skulle v\u00e6re hellige<\/p>\n<p>maskoter fra framtida<\/p>\n<p>&nbsp;<\/p>\n<p>Urtekvinner i skogen<\/p>\n<p>flaksende skygger<\/p>\n<p>med utallige lommer<\/p>\n<p>&nbsp;<\/p>\n<p>Spedbarn i elva, i myra<\/p>\n<p>Svarte forkl\u00e6r av sorg<\/p>\n<p>Linjer over ansikt og magehud<\/p>\n<p>Linjer som leder mot stupet i \u00f8ynene<\/p>\n<p>&nbsp;<\/p>\n<p>B\u00f8yde rygger over slit, over glede<\/p>\n<p>over levende barn<\/p>\n<p>Uendelig n\u00f8dvendig f\u00f8de<\/p>\n<p>og det iskalde vaskevannet<\/p>\n<p>Isklumper p\u00e5 vedskiene<\/p>\n<p>Djupsn\u00f8 rundt kn\u00e6rne<\/p>\n<p>Underlivets smertesentrum<\/p>\n<p>&nbsp;<\/p>\n<p>Punkter av tr\u00f8st:<\/p>\n<p>Varmen under bryggepanna<\/p>\n<p>Solskinnet i gr\u00f8tkornet<\/p>\n<p>Dyrenes mumlende ro<\/p>\n<p>Morsmelk og dyremelk<\/p>\n<p>&nbsp;<\/p>\n<p>Jeg ser ikke mannen<\/p>\n<p>Jeg vet ikke<\/p>\n<p>om han var en tung tr\u00f8st<\/p>\n<p>eller kj\u00f8lig forbannelse<\/p>\n<p>Den midterste harde klippen<\/p>\n<p>eller et omriss &#8211;<\/p>\n<p>synlig men tomt<\/p>\n<p>BEKKESUS, TVILLINGER<\/p>\n<p>&nbsp;<\/p>\n<p>Barndom i en gr\u00f8nn dal<\/p>\n<p>Det var bekkesus under fjellet<\/p>\n<p>&nbsp;<\/p>\n<p>Vi var mange barn<\/p>\n<p>Vi hadde mange steder<\/p>\n<p>&nbsp;<\/p>\n<p>Flate jorder foran ei steintrapp<\/p>\n<p>Fiolette blomsterranker i solveggen<\/p>\n<p>&nbsp;<\/p>\n<p>I min barndom var det sol<\/p>\n<p>&nbsp;<\/p>\n<p>N\u00e5r de gamle d\u00f8de<\/p>\n<p>ble vi benket rundt de \u00e5pne kistenes<\/p>\n<p>skarpe, voksgule ansiktstrekk<\/p>\n<p>&nbsp;<\/p>\n<p>N\u00e5r de nyf\u00f8dte d\u00f8de<\/p>\n<p>fikk vi se bildene av sm\u00e5 kister<\/p>\n<p>Tvillinggraver p\u00e5 kirkeg\u00e5rden<\/p>\n<p>&nbsp;<\/p>\n<p>&nbsp;<\/p>\n<p>&nbsp;<\/p>\n<p>FURU<\/p>\n<p>&nbsp;<\/p>\n<p>Furun\u00e5ler stikker vinterm\u00f8rket<\/p>\n<p>i djupsn\u00f8, ulvehyl og knitrende kamin<\/p>\n<p>&nbsp;<\/p>\n<p>R\u00f8dhette og nisselue<\/p>\n<p>Barndommens gr\u00f8nns\u00e5pelukt<\/p>\n<p>&nbsp;<\/p>\n<p>gjespende forventninger om kj\u00f8ttkaker<\/p>\n<p>over marsipan og appelsin<\/p>\n<p>&nbsp;<\/p>\n<p>Lysene samlet seg midt i m\u00f8rket<\/p>\n<p>&nbsp;<\/p>\n<p>*<\/p>\n<p>Furutreets \u00e5rringer under h\u00e5ndflatene<\/p>\n<p>Et kvart \u00e5rhundre har passert under stjernene<\/p>\n<p>&nbsp;<\/p>\n<p>I mitt moderne m\u00f8blerte rom<\/p>\n<p>er samlet b\u00f8ker og bilder og ting<\/p>\n<p>&nbsp;<\/p>\n<p>De gr\u00f8nne plantenes salatspr\u00f8 skj\u00f8nnhet<\/p>\n<p>Lyset st\u00e5r inn fra sommeren<\/p>\n<p>&nbsp;<\/p>\n<p>Men m\u00f8rket i halsen midt i lyset<\/p>\n<p>&nbsp;<\/p>\n<p>&nbsp;<\/p>\n<p>&nbsp;<\/p>\n<p>BESTEMOR FINS IKKE MER<\/p>\n<p>MEN HUN LEVER I TANKENE MINE<\/p>\n<p>&nbsp;<\/p>\n<p>Bestemors gulnede kniplings-<\/p>\n<p>salmebok, l\u00f8se blad str\u00f8dd<\/p>\n<p>utover det svarte fanget<\/p>\n<p>&nbsp;<\/p>\n<p>Symmetriske blomsterm\u00f8nstre<\/p>\n<p>H\u00f8ytidelige brustne lintr\u00e5der<\/p>\n<p>&nbsp;<\/p>\n<p>Tr\u00e5dender i min verden<\/p>\n<p>knytter jeg enn\u00e5<\/p>\n<p>&nbsp;<\/p>\n<p>DET SN\u00d8R P\u00c5 DE GAMLE FILEMENE<\/p>\n<p>&nbsp;<\/p>\n<p>Fortida er ikke lettere<\/p>\n<p>\u00e5 tyde enn framtida<\/p>\n<p>&nbsp;<\/p>\n<p>Jeg f\u00f8rer puslespillets deler sammen<\/p>\n<p>Brikkene endrer hele tida form<\/p>\n<p>&nbsp;<\/p>\n<p>&nbsp;<\/p>\n<p>KAN-SKJE<\/p>\n<p>&nbsp;<\/p>\n<p>Kanskje hun bryr seg om mine ord<\/p>\n<p>mer enn om skj\u00f8nnhetens vakre sko<\/p>\n<p>&nbsp;<\/p>\n<p>Kanskje hun avsl\u00e5r prinsen og kjolen<\/p>\n<p>vasker fram skinnende spr\u00e5kbiter<\/p>\n<p>&nbsp;<\/p>\n<p>Jeg h\u00f8rer spinkle klingende spr\u00e5klyder<\/p>\n<p>Da kommer venner med l\u00f8vetannvin<\/p>\n<p>&nbsp;<\/p>\n<p>Bestemor \u00e5pner d\u00f8ra til stua<\/p>\n<p>setter vinglass p\u00e5 kniplingeduken<\/p>\n<p>&nbsp;<\/p>\n<p>Sola blunker og \u00e5pner vinduene<\/p>\n<p>Lufta fylles av prestekraver<\/p>\n<p>&nbsp;<\/p>\n<p>Vennene l\u00f8fter smil i sine glass<\/p>\n<p>Barna deler glansbilder og eplemost<\/p>\n<p>&nbsp;<\/p>\n<p>Kanskje bestemor baker en kringle<\/p>\n<p>Kanskje bestefar henter ved til komfyren<\/p>\n<p>og spekelaks, kanskje onkel Thomas kommer<\/p>\n<p>med trekkspillet sitt og Ole Johan tar ned<\/p>\n<p>fela fra veggen, kanskje hun leser dikt<\/p>\n<p>&nbsp;<\/p>\n<p>til musikken og katten<\/p>\n<p>som maler mot foten<\/p>\n<p>\u00c5 B\u00d8YE SIN POETISKE FINGER<\/p>\n<p>TIL ET GRAVEREDSKAP<\/p>\n<p>&nbsp;<\/p>\n<p>Tankeganger som perlehalsb\u00e5nd<\/p>\n<p>M\u00f8rke og blanke som sj\u00f8dyrenes pels<\/p>\n<p>&nbsp;<\/p>\n<p>Ord skyet over i natt<\/p>\n<p>Jeg var en dr\u00e5pe som falt ned<\/p>\n<p>&nbsp;<\/p>\n<p>Mot morgenen kommer sangene fra samtida<\/p>\n<p>Fordr\u00f8mte blikk hardner til<\/p>\n<p>&nbsp;<\/p>\n<p>Det puster under f\u00f8ttene mine<\/p>\n<p>B\u00f8lgende ust\u00f8tt som \u00e5 g\u00e5 p\u00e5 vatn<\/p>\n<p>&nbsp;<\/p>\n<p>Morgenlyset fra sivilisasjonen<\/p>\n<p>Elektrisitet, instrumentene i torturkamrene<\/p>\n<p>&nbsp;<\/p>\n<p>Dagen stritter imot i for stramme kl\u00e6r<\/p>\n<p>Jeg tenker p\u00e5 romskip som kommer<\/p>\n<p>fra verdener uten tortur<\/p>\n<p>&nbsp;<\/p>\n<p>Kj\u00e6rligheten som bare sang sine ballader<\/p>\n<p>Dr\u00f8mmestoffert du gnir ut av \u00f8ynene<\/p>\n<p>&nbsp;<\/p>\n<p>Den gule dagen kler seg i sol og falskhet<\/p>\n<p>Alle dager et enstemmig gult kor<\/p>\n<p>&nbsp;<\/p>\n<p>Som om de aldri hadde sett den mest kjente<\/p>\n<p>av alle himmelfarger i nord<\/p>\n<p>&nbsp;<\/p>\n<p>Sk\u00e5rene fra de fjerne leirkrukkene<\/p>\n<p>dupper i melkeglasset, i kaffekoppen<\/p>\n<p>&nbsp;<\/p>\n<p>Revolusjonens fingertupper og t\u00e5spisser<\/p>\n<p>Elskovsdryppende roser som stikker<\/p>\n<p>Nedtr\u00e5kket gras etter tidligere jomfruer<\/p>\n<p>&nbsp;<\/p>\n<p>Vinterbl\u00e5tt i fallende sn\u00f8<\/p>\n<p>Ingen overlevde av de 280<\/p>\n<p>Ingen overlevde av de 500<\/p>\n<p>&nbsp;<\/p>\n<p>Kvit poesi p\u00e5 sommerbunn av kryddergr\u00f8nt<\/p>\n<p>Feierens svarte humor da skorsteinene<\/p>\n<p>forsvant fra gledeshusene<\/p>\n<p>&nbsp;<\/p>\n<p>Gli inntil det som tiltrekker<\/p>\n<p>Gli vekk fra det som frast\u00f8ter<\/p>\n<p>Ny innlysende misunnelig dag<\/p>\n<p>&nbsp;<\/p>\n<p>Pottesk\u00e5rene drysser utover<\/p>\n<p>en sundsl\u00e5tt natur, en s\u00e5ret kultur<\/p>\n<p>&nbsp;<\/p>\n<p>Men enn\u00e5 sitter jeg i d\u00f8nningene<\/p>\n<p>Nattas ord faller forbauset<\/p>\n<p>sammen med br\u00f8dsmulene p\u00e5 papiret<\/p>\n<p>&nbsp;<\/p>\n<p>Jeg ser i horisonten<\/p>\n<p>at elefantene venter<\/p>\n<p>og husker det vi glemmer<\/p>\n<p>&nbsp;<\/p>\n<p>&nbsp;<\/p>\n<p>&nbsp;<\/p>\n<p>HJERTERSPEIL<\/p>\n<p>&nbsp;<\/p>\n<p>Hodet speiler hjertet<\/p>\n<p>Hjerte speiler jorda<\/p>\n<p>&nbsp;<\/p>\n<p>Ulykke knuser speilet<\/p>\n<p>Hjertet graver etter speilfliser<\/p>\n<p>&nbsp;<\/p>\n<p>Jordoverflata er stivnet<\/p>\n<p>&nbsp;<\/p>\n<p>Uferdig er undergrunns<\/p>\n<p>Levende ild<\/p>\n<p>&nbsp;<\/p>\n<p>&nbsp;<\/p>\n<p>&nbsp;<\/p>\n<p>&nbsp;<\/p>\n<p>&nbsp;<\/p>\n<p><strong>3<\/strong><\/p>\n<p><strong>TILBAKE TIL FRAMTIDA<\/strong><\/p>\n<p>&nbsp;<\/p>\n<p>&nbsp;<\/p>\n<p>BETYDNING<\/p>\n<p>&nbsp;<\/p>\n<p>Gamle folk sitter<\/p>\n<p>og snakker om tida<\/p>\n<p>tida er g\u00e5tt<\/p>\n<p>med arbeid og br\u00f8d<\/p>\n<p>plikt og straff<\/p>\n<p>hjemme best<\/p>\n<p>borti \u00f8st og vest<\/p>\n<p>&nbsp;<\/p>\n<p>Fedre snakker om<\/p>\n<p>v\u00e5penkjerner<\/p>\n<p>vinning og tap<\/p>\n<p>spillets regler<\/p>\n<p>skriften p\u00e5 veggen<\/p>\n<p>&nbsp;<\/p>\n<p>M\u00f8drene synger for barna<\/p>\n<p>synger en solflekk<\/p>\n<p>p\u00e5 m\u00f8rk vegg<\/p>\n<p>ordene har betydning<\/p>\n<p>m\u00f8rket sier alt<\/p>\n<p>og ingenting<\/p>\n<p>&nbsp;<\/p>\n<p>Barna l\u00f8p ut i vegen<\/p>\n<p>Barna forsvant i byen<\/p>\n<p>&nbsp;<\/p>\n<p>&nbsp;<\/p>\n<p>&nbsp;<\/p>\n<p>VINDEN INN FRA GRENSENE<\/p>\n<p>&nbsp;<\/p>\n<p>Sommerens ansikt<\/p>\n<p>er gr\u00e5tt<\/p>\n<p>under gyllen hud<\/p>\n<p>&nbsp;<\/p>\n<p>Dagene biter<\/p>\n<p>tennene sammen<\/p>\n<p>om ungdommene<\/p>\n<p>&nbsp;<\/p>\n<p>S\u00e5rbare d\u00f8delige<\/p>\n<p>sinte mjuke kanter<\/p>\n<p>p\u00e5 tilv\u00e6relsen<\/p>\n<p>&nbsp;<\/p>\n<p>Firkantet orden<\/p>\n<p>knyttet sammen<\/p>\n<p>i knuter, i krokene<\/p>\n<p>&nbsp;<\/p>\n<p>av v\u00e5re bl\u00e5 \u00f8yne<\/p>\n<p>Redsel i vinden<\/p>\n<p>inn fra grensene<\/p>\n<p>&nbsp;<\/p>\n<p>&nbsp;<\/p>\n<p>&nbsp;<\/p>\n<p>NORDISKE \u00d8YNE<\/p>\n<p>&nbsp;<\/p>\n<p>Oversv\u00f8mte bekker i gr\u00f8nt lys<\/p>\n<p>Den nordiske sommerens klare dr\u00e5per<\/p>\n<p>fokuserer en tredje verden:<\/p>\n<p>&nbsp;<\/p>\n<p>Avsvidde sletter, tomme krukker<\/p>\n<p>ved vannhullene, sammenkr\u00f8pne<\/p>\n<p>skikkelser knuget under milit\u00e6re<\/p>\n<p>tepper, kameler kneler tause<\/p>\n<p>i \u00f8rkenansiktet, sol og krig<\/p>\n<p>f\u00f8rer inn skriften i sanda<\/p>\n","protected":false},"excerpt":{"rendered":"<p>1. M\u00d8TEPUNKTER \u00a0 det er ham jeg snakker til \u00a0\u00a0\u00a0\u00a0\u00a0\u00a0\u00a0\u00a0\u00a0\u00a0\u00a0\u00a0\u00a0\u00a0\u00a0\u00a0\u00a0\u00a0\u00a0\u00a0\u00a0\u00a0\u00a0\u00a0\u00a0\u00a0\u00a0\u00a0\u00a0\u00a0\u00a0\u00a0\u00a0\u00a0\u00a0\u00a0\u00a0\u00a0\u00a0\u00a0\u00a0\u00a0\u00a0\u00a0\u00a0\u00a0\u00a0\u00a0\u00a0\u00a0\u00a0\u00a0\u00a0\u00a0\u00a0\u00a0\u00a0\u00a0 det er ham jeg har lett etter \u00a0\u00a0\u00a0\u00a0\u00a0\u00a0\u00a0\u00a0\u00a0\u00a0\u00a0\u00a0\u00a0\u00a0\u00a0\u00a0\u00a0\u00a0\u00a0\u00a0\u00a0\u00a0\u00a0\u00a0\u00a0\u00a0\u00a0\u00a0\u00a0\u00a0\u00a0\u00a0\u00a0\u00a0\u00a0\u00a0\u00a0\u00a0\u00a0\u00a0\u00a0\u00a0\u00a0\u00a0\u00a0\u00a0\u00a0\u00a0\u00a0\u00a0\u00a0\u00a0\u00a0\u00a0\u00a0\u00a0\u00a0\u00a0 det er ham jeg knytter meg til \u00a0 &nbsp; &nbsp; &nbsp; ET DYPERE LYS &nbsp; Jeg tenkte aldri p\u00e5 deg mer Vi &hellip; <a href=\"https:\/\/blogg.uit.no\/llu001\/bibliografi\/hjerterspeil\/\">Continue reading <span class=\"meta-nav\">&rarr;<\/span><\/a><\/p>\n","protected":false},"author":88,"featured_media":0,"parent":15,"menu_order":0,"comment_status":"open","ping_status":"closed","template":"","meta":{"_et_pb_use_builder":"","_et_pb_old_content":"","_et_gb_content_width":"","footnotes":""},"class_list":["post-186","page","type-page","status-publish","hentry"],"featured_image_src":"","featured_image_src_square":false,"rbea_author_info":{"display_name":"llu001","author_link":"https:\/\/blogg.uit.no\/llu001\/author\/llu001\/"},"rbea_excerpt_info":"1. M\u00d8TEPUNKTER \u00a0 det er ham jeg snakker til \u00a0\u00a0\u00a0\u00a0\u00a0\u00a0\u00a0\u00a0\u00a0\u00a0\u00a0\u00a0\u00a0\u00a0\u00a0\u00a0\u00a0\u00a0\u00a0\u00a0\u00a0\u00a0\u00a0\u00a0\u00a0\u00a0\u00a0\u00a0\u00a0\u00a0\u00a0\u00a0\u00a0\u00a0\u00a0\u00a0\u00a0\u00a0\u00a0\u00a0\u00a0\u00a0\u00a0\u00a0\u00a0\u00a0\u00a0\u00a0\u00a0\u00a0\u00a0\u00a0\u00a0\u00a0\u00a0\u00a0\u00a0\u00a0 det er ham jeg har lett etter \u00a0\u00a0\u00a0\u00a0\u00a0\u00a0\u00a0\u00a0\u00a0\u00a0\u00a0\u00a0\u00a0\u00a0\u00a0\u00a0\u00a0\u00a0\u00a0\u00a0\u00a0\u00a0\u00a0\u00a0\u00a0\u00a0\u00a0\u00a0\u00a0\u00a0\u00a0\u00a0\u00a0\u00a0\u00a0\u00a0\u00a0\u00a0\u00a0\u00a0\u00a0\u00a0\u00a0\u00a0\u00a0\u00a0\u00a0\u00a0\u00a0\u00a0\u00a0\u00a0\u00a0\u00a0\u00a0\u00a0\u00a0\u00a0 det er ham jeg knytter meg til \u00a0 &nbsp; &nbsp; &nbsp; ET DYPERE LYS &nbsp; Jeg tenkte aldri p\u00e5 deg mer Vi &hellip; <a href=\"https:\/\/blogg.uit.no\/llu001\/bibliografi\/hjerterspeil\/\">Continue reading <span class=\"meta-nav\">&rarr;<\/span><\/a>","_links":{"self":[{"href":"https:\/\/blogg.uit.no\/llu001\/wp-json\/wp\/v2\/pages\/186","targetHints":{"allow":["GET"]}}],"collection":[{"href":"https:\/\/blogg.uit.no\/llu001\/wp-json\/wp\/v2\/pages"}],"about":[{"href":"https:\/\/blogg.uit.no\/llu001\/wp-json\/wp\/v2\/types\/page"}],"author":[{"embeddable":true,"href":"https:\/\/blogg.uit.no\/llu001\/wp-json\/wp\/v2\/users\/88"}],"replies":[{"embeddable":true,"href":"https:\/\/blogg.uit.no\/llu001\/wp-json\/wp\/v2\/comments?post=186"}],"version-history":[{"count":3,"href":"https:\/\/blogg.uit.no\/llu001\/wp-json\/wp\/v2\/pages\/186\/revisions"}],"predecessor-version":[{"id":189,"href":"https:\/\/blogg.uit.no\/llu001\/wp-json\/wp\/v2\/pages\/186\/revisions\/189"}],"up":[{"embeddable":true,"href":"https:\/\/blogg.uit.no\/llu001\/wp-json\/wp\/v2\/pages\/15"}],"wp:attachment":[{"href":"https:\/\/blogg.uit.no\/llu001\/wp-json\/wp\/v2\/media?parent=186"}],"curies":[{"name":"wp","href":"https:\/\/api.w.org\/{rel}","templated":true}]}}