{"id":308,"date":"2012-08-08T12:15:45","date_gmt":"2012-08-08T10:15:45","guid":{"rendered":"https:\/\/blogg.uit.no\/llu001\/?page_id=308"},"modified":"2012-08-08T12:15:45","modified_gmt":"2012-08-08T10:15:45","slug":"knivranet","status":"publish","type":"page","link":"https:\/\/blogg.uit.no\/llu001\/andre-publikasjoner\/knivranet\/","title":{"rendered":"Knivranet"},"content":{"rendered":"<p>Tatamkhulu Afrika:<\/p>\n<p>KNIVRANET<\/p>\n<p>&nbsp;<\/p>\n<p>Stemmen er tett opp p\u00e5 siden av meg<\/p>\n<p>s\u00e5 n\u00e6r at jeg skvetter.<\/p>\n<p>Har jeg en fyrstikk, sp\u00f8r den.<\/p>\n<p>Han er ung,<\/p>\n<p>tynn,<\/p>\n<p>litt dukknakket<\/p>\n<p>med en tiggers underdanighet.<\/p>\n<p>M\u00f8rk, med det svarte<\/p>\n<p>stri h\u00e5ret til en halv-<\/p>\n<p>blods indisk ten\u00e5ring, kikker han<\/p>\n<p>litt til siden,<\/p>\n<p>for omhyggelig \u00e5 unng\u00e5 mitt blikk.<\/p>\n<p>Jeg gir ham eska,<\/p>\n<p>sier han kan f\u00e5 den,<\/p>\n<p>lettet<\/p>\n<p>over et s\u00e5 beskjedent \u00f8nske.<\/p>\n<p>Han takker meg, sakker bakut:<\/p>\n<p>Jeg g\u00e5r videre.<\/p>\n<p>&nbsp;<\/p>\n<p>Det er seint og jeg er p\u00e5 vei hjem<\/p>\n<p>over brakklandet der jeg engang bodde.<\/p>\n<p>Himmelen,<\/p>\n<p>hvit av stjerner,<\/p>\n<p>omslutter meg;<\/p>\n<p>og kaster gyllent skj\u00e6r<\/p>\n<p>over huden p\u00e5 myriader av sm\u00e5stein<\/p>\n<p>som ruller under skoene,<\/p>\n<p>s\u00f8lvgr\u00e5, t\u00f8rre<\/p>\n<p>vinterlige gresstr\u00e5 rasler h\u00f8yt<\/p>\n<p>om hoftene mine.<\/p>\n<p>Han er over meg bakfra,<\/p>\n<p>velter meg i bakken;<\/p>\n<p>pusten bl\u00e5ses ut av meg som luften<\/p>\n<p>fra en sprukken ballong:<\/p>\n<p>Jeg kjenner huden<\/p>\n<p>skrapes av kn\u00e6rne.<\/p>\n<p>N\u00e5 bykser flere opp<\/p>\n<p>som leoparder mellom steinene,<\/p>\n<p>og l\u00e5ser meg nede med varme<\/p>\n<p>rovgriske hender.<\/p>\n<p>Kniven hans blinker, klart<\/p>\n<p>som de vakre stjernene<\/p>\n<p>bortenfor byen,<\/p>\n<p>like latterlige som min langflate kropp her.<\/p>\n<p>Knivbladet risper i strupen,<\/p>\n<p>og sl\u00e5r seg til i en liten,<\/p>\n<p>stille dam av smerte.<\/p>\n<p>De andre river av<\/p>\n<p>meg kl\u00e6rne, skoene;<\/p>\n<p>hendene farer over meg<\/p>\n<p>som hendene til djeveldyrkere,<\/p>\n<p>og vekker sjokk av f\u00f8lsomhet<\/p>\n<p>i min kyske hud uvant med ber\u00f8ring,<\/p>\n<p>klasker selv kj\u00f8nnsdelene tilside<\/p>\n<p>lidenskapsl\u00f8st og kontant.<\/p>\n<p>Vantro h\u00f8rer jeg<\/p>\n<p>knivmannen unnskylde seg:<\/p>\n<p>sorry, bestefar, sorry,<\/p>\n<p>men det er jul<\/p>\n<p>og vi m\u00e5 kj\u00f8pe vin.<\/p>\n<p>De finner hva de trenger<\/p>\n<p>i h\u00e6len p\u00e5 min venstre sokk:<\/p>\n<p>en liten plastpose<\/p>\n<p>surret med gummistrikk &#8211;<\/p>\n<p>restene av ukel\u00f8nna.<\/p>\n<p>Da l\u00f8ftes kniven og de reiser seg<\/p>\n<p>fra mine knoklete levninger,<\/p>\n<p>forsvinner i natta<\/p>\n<p>lette som skyer,<\/p>\n<p>etterlater bare en svak duft<\/p>\n<p>av svette og ung hud.<\/p>\n<p>&nbsp;<\/p>\n<p>Er jeg fremdeles her<\/p>\n<p>med stein gnagende mot ryggraden,<\/p>\n<p>gresstr\u00e5 stikkende i \u00f8ynene,<\/p>\n<p>eller l\u00f8per den nakne, ensomme kroppen min<\/p>\n<p>sammen med dem over dette landets<\/p>\n<p>harde, desperate lava?<\/p>\n<p>&nbsp;<\/p>\n<p>&nbsp;<\/p>\n<p>(gjendiktet av Liv Lundberg)<\/p>\n<p>&nbsp;<\/p>\n","protected":false},"excerpt":{"rendered":"<p>Tatamkhulu Afrika: KNIVRANET &nbsp; Stemmen er tett opp p\u00e5 siden av meg s\u00e5 n\u00e6r at jeg skvetter. Har jeg en fyrstikk, sp\u00f8r den. Han er ung, tynn, litt dukknakket med en tiggers underdanighet. M\u00f8rk, med det svarte stri h\u00e5ret til &hellip; <a href=\"https:\/\/blogg.uit.no\/llu001\/andre-publikasjoner\/knivranet\/\">Continue reading <span class=\"meta-nav\">&rarr;<\/span><\/a><\/p>\n","protected":false},"author":73,"featured_media":0,"parent":13,"menu_order":0,"comment_status":"open","ping_status":"closed","template":"","meta":{"_et_pb_use_builder":"","_et_pb_old_content":"","_et_gb_content_width":"","footnotes":""},"class_list":["post-308","page","type-page","status-publish","hentry"],"featured_image_src":"","featured_image_src_square":false,"rbea_author_info":{"display_name":"arn104","author_link":"https:\/\/blogg.uit.no\/llu001\/author\/arn104\/"},"rbea_excerpt_info":"Tatamkhulu Afrika: KNIVRANET &nbsp; Stemmen er tett opp p\u00e5 siden av meg s\u00e5 n\u00e6r at jeg skvetter. Har jeg en fyrstikk, sp\u00f8r den. Han er ung, tynn, litt dukknakket med en tiggers underdanighet. M\u00f8rk, med det svarte stri h\u00e5ret til &hellip; <a href=\"https:\/\/blogg.uit.no\/llu001\/andre-publikasjoner\/knivranet\/\">Continue reading <span class=\"meta-nav\">&rarr;<\/span><\/a>","_links":{"self":[{"href":"https:\/\/blogg.uit.no\/llu001\/wp-json\/wp\/v2\/pages\/308","targetHints":{"allow":["GET"]}}],"collection":[{"href":"https:\/\/blogg.uit.no\/llu001\/wp-json\/wp\/v2\/pages"}],"about":[{"href":"https:\/\/blogg.uit.no\/llu001\/wp-json\/wp\/v2\/types\/page"}],"author":[{"embeddable":true,"href":"https:\/\/blogg.uit.no\/llu001\/wp-json\/wp\/v2\/users\/73"}],"replies":[{"embeddable":true,"href":"https:\/\/blogg.uit.no\/llu001\/wp-json\/wp\/v2\/comments?post=308"}],"version-history":[{"count":1,"href":"https:\/\/blogg.uit.no\/llu001\/wp-json\/wp\/v2\/pages\/308\/revisions"}],"predecessor-version":[{"id":309,"href":"https:\/\/blogg.uit.no\/llu001\/wp-json\/wp\/v2\/pages\/308\/revisions\/309"}],"up":[{"embeddable":true,"href":"https:\/\/blogg.uit.no\/llu001\/wp-json\/wp\/v2\/pages\/13"}],"wp:attachment":[{"href":"https:\/\/blogg.uit.no\/llu001\/wp-json\/wp\/v2\/media?parent=308"}],"curies":[{"name":"wp","href":"https:\/\/api.w.org\/{rel}","templated":true}]}}