{"id":60,"date":"2012-03-20T14:00:40","date_gmt":"2012-03-20T13:00:40","guid":{"rendered":"https:\/\/blogg.uit.no\/llu001\/?page_id=60"},"modified":"2012-03-20T14:00:40","modified_gmt":"2012-03-20T13:00:40","slug":"den-klare-tonen","status":"publish","type":"page","link":"https:\/\/blogg.uit.no\/llu001\/bibliografi\/den-klare-tonen\/","title":{"rendered":"Den klare tonen"},"content":{"rendered":"<p><strong>Dikt fra DEN KLARE TONEN (1979)<\/strong><\/p>\n<p>SN\u00d8NATT<\/p>\n<p>Jeg flyter gjennom sn\u00f8en.<br \/>\nEndelig kom sn\u00f8en<br \/>\nsusende her<br \/>\ni m\u00f8rket. Et hvitt budskap.<br \/>\nBrudesv\u00f8p.<\/p>\n<p>Her ute er masse folk.<br \/>\nDe faller i sn\u00f8en.<br \/>\n\u00d8yne blodige av is.<br \/>\nLyset gjennom sn\u00f8en,<br \/>\nskinnende hvitt.<\/p>\n<p>Hester og barn ler.<br \/>\nHundene bjeffer.<br \/>\nFolkene fryser og hopper.<br \/>\nDampen av fersk hestem\u00f8kk<br \/>\nstiger mot himmelen.<\/p>\n<p>Det er visst en verden av sn\u00f8,<br \/>\nendelig og jeg faller<br \/>\ngjennom det hvite m\u00f8rket.<\/p>\n<p>Spor av fortida<br \/>\nog framtida er utvisket.<br \/>\nHvert skritt er enslig<br \/>\nsom bokstav p\u00e5 hvitt papir.<br \/>\nVinteren &#8211; et lite lam,<br \/>\nryster pelsen &#8211; hvor kom du fra<br \/>\nda du kom ut til oss?<\/p>\n<p>I PASVIK<\/p>\n<p>Sangmo, furusvane.<\/p>\n<p>Naturen flyr uhindret i grenselandet.<br \/>\nDu kan g\u00e5 p\u00e5 lette f\u00f8tter gjennom \u00e5rstidene<br \/>\nsom legger lindrende omslag p\u00e5 dine tankes\u00e5r.<\/p>\n<p>\u00d8ynene hopper lystige som elvefisk og sm\u00e5fugler.<br \/>\nNaturen er kj\u00e6r som din barndoms slagsm\u00e5l;<br \/>\nblodige neser, skrubbs\u00e5r,<br \/>\nglad og brutal uskyldighet. Et nakent menneske<br \/>\nuten gardiner eller guder, et arbeidende menneske<br \/>\ni naturen var begynnelsen,<br \/>\nn\u00e5 er vi kommet sv\u00e6rt langt.<\/p>\n<p>N\u00e5 tenker jeg tilbake p\u00e5 tida f\u00f8r &#8211;<br \/>\nf\u00f8r grensene.<\/p>\n<p>Hun fikk et sart sinn<br \/>\nav \u00e5 leve i dette utstrakte landet &#8211;<br \/>\nog svaiende skritt.<\/p>\n<p>Gr\u00e5tende, hvitstammede bj\u00f8rketr\u00e6r<br \/>\nslynget grenene sammen<br \/>\nfor aldri \u00e5 skilles mer.<\/p>\n<p>INNAFOR HUSETS SKALL<\/p>\n<p>Jeg bor innafor glassruta,<br \/>\nbskyttende hinne<br \/>\nmellom meg og uv\u00e6ret,<br \/>\nmellom meg og alt<br \/>\njeg kan se der ute<br \/>\ns\u00e5 lenge lyset varer.<\/p>\n<p>Forsiktig r\u00f8rer jeg<br \/>\nmed blikket<br \/>\nfolk som g\u00e5r forbi,<br \/>\nkrumme som knyttnever<br \/>\ni sn\u00f8fokket.<\/p>\n<p>Men er det mine folk?<br \/>\nJeg vet ikke.<\/p>\n<p>ENSOM INGEN<\/p>\n<p>Fingrene mine klorer deg ut av papiret.<\/p>\n<p>Et eventyr laget jeg, et fortryllet slott.<br \/>\nJeg bygget deg i sola<br \/>\nden aller f\u00f8rste morgen i verden &#8211;<br \/>\nsto du der:<br \/>\nENSOM<br \/>\nJeg sendte l\u00f8pere ut med de fire vinder<br \/>\nfor \u00e5 hente ild, for du var s\u00e5 kald,<br \/>\ns\u00e5 kald var du under mine kyss.<\/p>\n<p>Men her er jo:<br \/>\nINGEN<br \/>\nJeg krysser armene over hodet<br \/>\nog b\u00e6rer nederlaget forsiktig til sj\u00f8en.<\/p>\n<p>PRINSEN BEFRIDD<\/p>\n<p>Gikk ut for \u00e5 finne prinsen,<br \/>\nstreifet om p\u00e5 veiene,<br \/>\nfant et brev og et kj\u00e6rtegn<br \/>\nsom fl\u00f8ytetoner i skogen.<\/p>\n<p>&#8211; Sovedokker i speil,<br \/>\nmus og ekorn.<\/p>\n<p>Dro innover i gylne trakter.<br \/>\nFant et hemmelig sted<br \/>\nder rovdyr og d\u00e5dyr l\u00e5 sammen<br \/>\ni varm uskyld.<\/p>\n<p>Men kongeriket fant jeg ikke,<br \/>\nmin halve prins sover.<\/p>\n<p>Mange kryssende veier \u00e5 velge.<br \/>\nTegn som pekte<br \/>\nfram og tilbake.<\/p>\n<p>&#8211; Sovedokker i speil,<br \/>\nmus og ekorn.<\/p>\n<p>Da m\u00f8tte jeg en rautende kalv<br \/>\ngjenglemt alene ute.<br \/>\nVi bandt de vakreste b\u00e5nd<br \/>\nav vennskap i lange \u00e5r<br \/>\nog vanskelig lende.<br \/>\nVi st\u00f8ttet hverandre<br \/>\nmens vi vokste<br \/>\nog ble sterke og listige.<\/p>\n<p>Livet f\u00f8rte oss fram mot dagen<br \/>\nda vi skulle finne slottet<br \/>\nog drepe kongen,<br \/>\nvekke prinsen med et kyss<br \/>\nog se ham utvide seg foran \u00f8ynene v\u00e5re<br \/>\ntil et helt menneske.<\/p>\n<p>GRESSKARMANNEN<\/p>\n<p>Er han vidunderlig<br \/>\nung, slik han er merkelig,<br \/>\nlys?<br \/>\nEr han det<br \/>\nfordi jeg vil?<br \/>\nMange \u00e5r<br \/>\ni mellomverdenen<br \/>\nvandret jeg, mens han<br \/>\ngikk ut i vingen<br \/>\nog s\u00e5dde<br \/>\nfor \u00e5 bli<br \/>\ngresskarmannen.<br \/>\nSola varmet gr\u00f8nt<br \/>\nog friskt,<br \/>\nkunnskap vokste<br \/>\nsom gresskar.<br \/>\nUskyldige gule mann.<\/p>\n<p>EN F\u00d8LELSE<\/p>\n<p>Veversken sitter og sl\u00e5r<br \/>\ntimer, dager, uker.<\/p>\n<p>Billedveven vokser<br \/>\ntil en stor flate<br \/>\nav hvitt garn<br \/>\nbare brutt av tre svarte bokstaver.<br \/>\nDer st\u00e5r det: H A T<\/p>\n<p>HJERTET<\/p>\n<p>Su snitter, \u00e5pner<br \/>\nog ser:<br \/>\nInnerst i kroppen,<br \/>\nen varm, r\u00f8d klump<br \/>\nsom dunker<\/p>\n<p>for livet.<\/p>\n<p>VEIENES ENDEPUNKT<\/p>\n<p>Her<br \/>\ner veienes endepunkt;<br \/>\nhos langlemmede tr\u00e6r &#8211;<br \/>\nbarbeinte vandrere<br \/>\ni tusen mil og tusen \u00e5r.<br \/>\nHer utviskes<br \/>\nmenneskekulturens ansikt<br \/>\nog forsvinner i skyggene.<\/p>\n<p>Skogsdyra samtaler lavm\u00e6lt<br \/>\nom dette.<\/p>\n<p>ALHAMBRA ERINDRING<\/p>\n<p>Jeg g\u00e5r til Alhambra<br \/>\ni mine regnv\u00e5te kl\u00e6r, i Alhambras springvann<br \/>\nfins all verdens rislende musikk.<\/p>\n<p>Jeg husker de forsteinede menn i Europas gamle parker<br \/>\nog mine negler som krampaktig rispet i marmorplater.<\/p>\n<p>Jeg ville fylle hendene med r\u00f8dt blod<br \/>\nog sprute det utover Europas eldgamle ansikter.<\/p>\n<p>Jeg husker de pesende l\u00f8vene i de hete dyrehagene.<\/p>\n<p>Jeg husker den hvite byens gr\u00e5 og fattige innbyggere.<br \/>\nDe m\u00f8rke \u00f8ynene skurte ansiktet mitt<br \/>\nrent og frysende i hver liten gate.<\/p>\n<p>Jeg s\u00f8kte ly for regnet i katedralens tomme himmel<br \/>\nog der forsto jeg at ensomt er alt liv<br \/>\np\u00e5 jorda og i himmelen.<\/p>\n<p>S\u00e5 gikk jeg til Alhambra<br \/>\ni mine regnv\u00e5te kl\u00e6r, i Alhambras springvann<br \/>\nfins all verdens rislende musikk.<\/p>\n<p>SANNHET<\/p>\n<p>Sannheten for fuglen<br \/>\nsom fl\u00f8y rett i vindusruta.<br \/>\nSannheten i barnas grensel\u00f8se sp\u00f8rsm\u00e5l.<br \/>\nGalgens sannhet<br \/>\nog trapeskunstnerens<br \/>\nog astronautens.<\/p>\n<p>Det er allerede tidlig neste h\u00f8st.<br \/>\nDe oppblussende fargene skriker:<br \/>\nEttere oss blir det m\u00f8rkt!<\/p>\n<p>VERDIER<\/p>\n<p>Jeg liker det som er sant<br \/>\nog det som er nyttig<br \/>\nog det som er vanvittig.<\/p>\n<p>Jeg lager en norm:<br \/>\nDet er ingen vits i<br \/>\n\u00e5 lyge.<\/p>\n<p>Sannheten er synlig.<br \/>\nDu kan ta p\u00e5 den.<\/p>\n<p>JORDAS BARN<\/p>\n<p>Visuelt,<br \/>\nsensuelt, ja, fysisk<br \/>\ner Verdens Bilde.<\/p>\n<p>Teoriene er verdens fantastiske barn.<br \/>\nSyndige blomster, ja,<br \/>\nmen ikke onde.<\/p>\n<p>UTFORSKENDE ORD<\/p>\n<p>Vi trenger ord<br \/>\nsom henter mening fram<br \/>\nfra t\u00e5kete landskap.<\/p>\n<p>Fuktige etter oppholdet<br \/>\ndirrer de av en uvant<br \/>\nnesten heslig skj\u00f8nnhet.<\/p>\n<p>P\u00c5 FOTT\u00d8YET<\/p>\n<p>Spr\u00e5k er hardt<br \/>\nsom gamle beksemst\u00f8vler.<br \/>\nDu m\u00e5 sm\u00f8re og gni<br \/>\nog arbeide med dem lenge.<\/p>\n<p>Men s\u00e5 er du godt rustet<br \/>\ntil lange og strevsomme fotturer<br \/>\nh\u00f8yt til fjells.<\/p>\n<p>Vi trenger ogs\u00e5 spr\u00e5k<br \/>\nsom kan danse p\u00e5 slettene<br \/>\nn\u00e5r befolkningen samler seg<br \/>\ni de lange, lyse juninettene.<\/p>\n<p>DEN KLARE TONEN<\/p>\n<p>Den klare tonen<br \/>\noppr\u00f8rerne sendte ut<br \/>\nf\u00f8r de angrep despoten,<br \/>\nf\u00f8r de ble slaktet<br \/>\ni den p\u00e5f\u00f8lgende massakren.<\/p>\n<p>Den lyse<br \/>\nh\u00e5pefulle tonen.<\/p>\n<p>ENDELIG KOMMER DE<\/p>\n<p>Ut av m\u00f8rket<br \/>\nmyldrer mennesker<br \/>\nkledt i underlige drakter.<br \/>\nde b\u00e6rer fakler, faner<br \/>\ntransparenter, musikkinstrumenter,<br \/>\nutstoppede kjempedokker<br \/>\nog alle slags dyr.<br \/>\nDe synger, vinker og danser.<br \/>\nLarmen stiger mot balkongen.<\/p>\n<p>Jeg lener meg spent mot rekkverket<br \/>\ni mine nye kl\u00e6r.<br \/>\nS\u00e5 l\u00f8per jeg ned trappa og ut,<br \/>\nforsvinner i folkemengden.<\/p>\n<p>INNERST I VERDEN<\/p>\n<p>Kj\u00e6rligheten<br \/>\ntrenger ned i jorda<br \/>\nsom blod,<\/p>\n<p>gjennomborer verdensrommet<br \/>\nsom piler.<\/p>\n<p>Kj\u00e6rlighet<br \/>\nflyter inn i alle revner<br \/>\nsom vann,<br \/>\nfyller alle hulrom<br \/>\nsom luft,<\/p>\n<p>brenner og renser<br \/>\neller forkuller og \u00f8delegger<br \/>\nsom ilden.<\/p>\n<p>Skaper nye, gr\u00f8nne spirer<br \/>\nhver v\u00e5r<br \/>\nsom jorda.<\/p>\n","protected":false},"excerpt":{"rendered":"<p>Dikt fra DEN KLARE TONEN (1979) SN\u00d8NATT Jeg flyter gjennom sn\u00f8en. Endelig kom sn\u00f8en susende her i m\u00f8rket. Et hvitt budskap. Brudesv\u00f8p. Her ute er masse folk. De faller i sn\u00f8en. \u00d8yne blodige av is. Lyset gjennom sn\u00f8en, skinnende hvitt. &hellip; <a href=\"https:\/\/blogg.uit.no\/llu001\/bibliografi\/den-klare-tonen\/\">Continue reading <span class=\"meta-nav\">&rarr;<\/span><\/a><\/p>\n","protected":false},"author":73,"featured_media":0,"parent":15,"menu_order":0,"comment_status":"open","ping_status":"closed","template":"","meta":{"_et_pb_use_builder":"","_et_pb_old_content":"","_et_gb_content_width":"","footnotes":""},"class_list":["post-60","page","type-page","status-publish","hentry"],"featured_image_src":"","featured_image_src_square":false,"rbea_author_info":{"display_name":"arn104","author_link":"https:\/\/blogg.uit.no\/llu001\/author\/arn104\/"},"rbea_excerpt_info":"Dikt fra DEN KLARE TONEN (1979) SN\u00d8NATT Jeg flyter gjennom sn\u00f8en. Endelig kom sn\u00f8en susende her i m\u00f8rket. Et hvitt budskap. Brudesv\u00f8p. Her ute er masse folk. De faller i sn\u00f8en. \u00d8yne blodige av is. Lyset gjennom sn\u00f8en, skinnende hvitt. &hellip; <a href=\"https:\/\/blogg.uit.no\/llu001\/bibliografi\/den-klare-tonen\/\">Continue reading <span class=\"meta-nav\">&rarr;<\/span><\/a>","_links":{"self":[{"href":"https:\/\/blogg.uit.no\/llu001\/wp-json\/wp\/v2\/pages\/60","targetHints":{"allow":["GET"]}}],"collection":[{"href":"https:\/\/blogg.uit.no\/llu001\/wp-json\/wp\/v2\/pages"}],"about":[{"href":"https:\/\/blogg.uit.no\/llu001\/wp-json\/wp\/v2\/types\/page"}],"author":[{"embeddable":true,"href":"https:\/\/blogg.uit.no\/llu001\/wp-json\/wp\/v2\/users\/73"}],"replies":[{"embeddable":true,"href":"https:\/\/blogg.uit.no\/llu001\/wp-json\/wp\/v2\/comments?post=60"}],"version-history":[{"count":1,"href":"https:\/\/blogg.uit.no\/llu001\/wp-json\/wp\/v2\/pages\/60\/revisions"}],"predecessor-version":[{"id":61,"href":"https:\/\/blogg.uit.no\/llu001\/wp-json\/wp\/v2\/pages\/60\/revisions\/61"}],"up":[{"embeddable":true,"href":"https:\/\/blogg.uit.no\/llu001\/wp-json\/wp\/v2\/pages\/15"}],"wp:attachment":[{"href":"https:\/\/blogg.uit.no\/llu001\/wp-json\/wp\/v2\/media?parent=60"}],"curies":[{"name":"wp","href":"https:\/\/api.w.org\/{rel}","templated":true}]}}